{"id":737,"date":"2020-04-17T15:46:12","date_gmt":"2020-04-17T15:46:12","guid":{"rendered":"https:\/\/biblioargentina.gob.ar\/web\/?page_id=737"},"modified":"2020-09-29T17:13:44","modified_gmt":"2020-09-29T17:13:44","slug":"lecturas-para-compartir","status":"publish","type":"page","link":"https:\/\/biblioargentina.gob.ar\/web\/lecturas-para-compartir\/","title":{"rendered":"Lecturas para compartir"},"content":{"rendered":"<p><img loading=\"lazy\" decoding=\"async\" width=\"400\" height=\"400\" src=\"https:\/\/biblioargentina.gob.ar\/web\/wp-content\/uploads\/2020\/09\/Imagen-PUBLICACI\u00d3N-AUDIOS-2.png\" alt=\"Lecturas para compartir\" srcset=\"https:\/\/biblioargentina.gob.ar\/web\/wp-content\/uploads\/2020\/09\/Imagen-PUBLICACI\u00d3N-AUDIOS-2.png 400w, https:\/\/biblioargentina.gob.ar\/web\/wp-content\/uploads\/2020\/09\/Imagen-PUBLICACI\u00d3N-AUDIOS-2-300x300.png 300w, https:\/\/biblioargentina.gob.ar\/web\/wp-content\/uploads\/2020\/09\/Imagen-PUBLICACI\u00d3N-AUDIOS-2-150x150.png 150w, https:\/\/biblioargentina.gob.ar\/web\/wp-content\/uploads\/2020\/09\/Imagen-PUBLICACI\u00d3N-AUDIOS-2-360x360.png 360w\" sizes=\"auto, (max-width: 400px) 100vw, 400px\" \/>\t\t\t\t\t\t\t\t\t\t\t<\/p>\n<p>Te compartimos estos relatos para que escuches, compartas o env\u00edes. Las historias que vas a escuchar ac\u00e1 llegan a trav\u00e9s de la generosidad de las editoriales rosarinas \u00abLibros Silvestres\u00bb, \u00abLaborde Editor\u00bb y \u00abListocalisto\u00bb .<\/p>\n<p>\t\t\t<iframe id='audio_57186609' frameborder='0' allowfullscreen='' scrolling='no' height='200' style='border:1px solid #EEE; box-sizing:border-box; width:100%;' src=\"https:\/\/ar.ivoox.com\/es\/player_ej_57186609_4_1.html?c1=1AA08E\"><\/iframe><br \/>\n\t\t\t<iframe id='audio_57190079' frameborder='0' allowfullscreen='' scrolling='no' height='200' style='border:1px solid #EEE; box-sizing:border-box; width:100%;' src=\"https:\/\/ar.ivoox.com\/es\/player_ej_57190079_4_1.html?c1=1AA08E\"><\/iframe><br \/>\n\t\t\t<iframe id='audio_57191145' frameborder='0' allowfullscreen='' scrolling='no' height='200' style='border:1px solid #EEE; box-sizing:border-box; width:100%;' src=\"https:\/\/ar.ivoox.com\/es\/player_ej_57191145_4_1.html?c1=1AA08E\"><\/iframe><br \/>\n\t\t\t<iframe id='audio_55631068' frameborder='0' allowfullscreen='' scrolling='no' height='200' style='border:1px solid #EEE; box-sizing:border-box; width:100%;' src=\"https:\/\/ar.ivoox.com\/es\/player_ej_55631068_4_1.html?c1=1AA08E\"><\/iframe><br \/>\n\t\t\t<iframe id='audio_54333473' frameborder='0' allowfullscreen='' scrolling='no' height='200' style='border:1px solid #EEE; box-sizing:border-box; width:100%;' src=\"https:\/\/ar.ivoox.com\/es\/player_ej_54333473_4_1.html?c1=1AA08E\"><\/iframe><br \/>\n\t\t\t<iframe id='audio_50881551' frameborder='0' allowfullscreen='' scrolling='no' height='200' src='https:\/\/ar.ivoox.com\/es\/player_ej_50881551_4_1.html?c1=1AA08E' style='border:1px solid #EEE; box-sizing:border-box; width:100%;'><\/iframe><br \/>\n\t\t\t<iframe id='audio_50879766' frameborder='0' allowfullscreen='' scrolling='no' height='200' src='https:\/\/ar.ivoox.com\/es\/player_ej_50879766_4_1.html?c1=1aa08e' style='border:1px solid #EEE; box-sizing:border-box; width:100%;'><\/iframe><br \/>\n\t\t\t<iframe id='audio_50097567' frameborder='0' allowfullscreen='' scrolling='no' height='200' src='https:\/\/ar.ivoox.com\/es\/player_ej_50097567_4_1.html?c1=1AA08E' style='border:1px solid #EEE; box-sizing:border-box; width:100%;'><\/iframe><br \/>\n\t\t\t<iframe id='audio_50118135' frameborder='0' allowfullscreen='' scrolling='no' height='200' src='https:\/\/ar.ivoox.com\/es\/player_ej_50118135_4_1.html?c1=1AA08E' style='border:1px solid #EEE; box-sizing:border-box; width:100%;'><\/iframe><br \/>\n\t\t\t<iframe id='audio_50118324' frameborder='0' allowfullscreen='' scrolling='no' height='200' src='https:\/\/ar.ivoox.com\/es\/player_ej_50118324_4_1.html?c1=1AA08E' style='border:1px solid #EEE; box-sizing:border-box; width:100%;'><\/iframe><br \/>\n\t\t\t<iframe id='audio_50118645' frameborder='0' allowfullscreen='' scrolling='no' height='200' src='https:\/\/ar.ivoox.com\/es\/player_ej_50118645_4_1.html?c1=1AA08E' style='border:1px solid #EEE; box-sizing:border-box; width:100%;'><\/iframe><br \/>\n\t\t\t<iframe id='audio_50119025' frameborder='0' allowfullscreen='' scrolling='no' height='200' src='https:\/\/ar.ivoox.com\/es\/player_ej_50119025_4_1.html?c1=1AA08E' style='border:1px solid #EEE; box-sizing:border-box; width:100%;'><\/iframe><br \/>\n\t\t\t<iframe id='audio_50119287' frameborder='0' allowfullscreen='' scrolling='no' height='200' src='https:\/\/ar.ivoox.com\/es\/player_ej_50119287_4_1.html?c1=1AA08E' style='border:1px solid #EEE; box-sizing:border-box; width:100%;'><\/iframe><br \/>\n\t\t\t<iframe id='audio_50119552' frameborder='0' allowfullscreen='' scrolling='no' height='200' src='https:\/\/ar.ivoox.com\/es\/player_ej_50119552_4_1.html?c1=1AA08E' style='border:1px solid #EEE; box-sizing:border-box; width:100%;'><\/iframe>\t\t<\/p>\n<p><strong>\u00abGeogr\u00e1ficas\u00bb<\/strong><\/p>\n<p>Un viaje por la geograf\u00eda de nuestro pa\u00eds para jugar con la poes\u00eda y el color. Autora: Beatriz R\u00e9. Ilustradora: Ligia Rossi.<\/p>\n<p>\u25ca Editorial Independiente: \u00abListocalisto\u00bb.<\/p>\n<p>Visitalos en: <a href=\"http:\/\/www.listocalisto.com.ar\/index.php\" target=\"_blank\" rel=\"noopener noreferrer\">www.listocalisto.com.ar<\/a><\/p>\n<p>Seguilos en: Instagram <a href=\"https:\/\/www.instagram.com\/listocalistook\/?hl=es-la\" target=\"_blank\" rel=\"noopener noreferrer\">listocalistook<\/a> Facebook <a href=\"https:\/\/www.facebook.com\/listocalistook\" target=\"_blank\" rel=\"noopener noreferrer\">listocalistook<\/a><\/p>\n<p><strong>\u00abLos Tunos, los Tarkos y los Tercos\u00bb<\/strong><\/p>\n<p>Los Tunos son gente de pocas palabras. Los Tarkos, muy malos perdedores. Los Tercos, amantes de la comodidad. Sin embargo, las diferencias en las costumbres y comportamientos de Tunos, Tarkos y Tercos (a primera vista abismales) funcionan como un espejo donde cada pueblo se define por y se reconoce en el otro.<\/p>\n<p><strong>\u00abLos Raros. Historias dadatr\u00f3nicas de ni\u00f1os pataf\u00edsicos\u00bb<\/strong><\/p>\n<p>Un conjunto de personajes oscuros, tenebrosos, adorables, malolientes y muy divertidos, ejemplares \u00fanicos de aquella ciencia inexacta llamada pataf\u00edsica, dedicada al estudio de las soluciones imaginarias y las leyes que regulan las excepciones. Poemas de Marcelo Ajubita. Ilustraciones de Gonzalo Rimoldi.<\/p>\n<p><strong>\u00abCanciones faunas\u00bb<\/strong><\/p>\n<p>\u00bfQu\u00e9 me dice este animal? \u00bfMe recuerda alg\u00fan g\u00e9nero de la canci\u00f3n? \u00bfTienen su nombre, sus costumbres o su anatom\u00eda un ritmo especial? A partir de estas preguntas, Anal\u00eda Giordanino nos ofrece un conjunto delirante y divertido de poemas para cantar, con ilustraciones de Mar\u00eda Zeta.<\/p>\n<p>\u25ca Editorial: \u00abLibros Silvestres\u00bb.<\/p>\n<p>Visitalos en: <a href=\"https:\/\/www.librossilvestres.com\/\" target=\"_blank\" rel=\"noopener noreferrer\">librossilvestres.com<\/a><\/p>\n<p>Seguilos en: Instagram<a href=\"https:\/\/www.instagram.com\/librossilvestres\/\" target=\"_blank\" rel=\"noopener noreferrer\"> @librossilvestres<\/a>\u00a0Facebook <a href=\"https:\/\/www.facebook.com\/Libros-Silvestres-338732942960725\/\" target=\"_blank\" rel=\"noopener noreferrer\">Libros Silvestres<\/a>\u00a0Escribiles a: info@librossilvestres.com<\/p>\n<p><strong>\u00abCuentos desobedientes\u00bb<\/strong><\/p>\n<p>Aborda tem\u00e1ticas vinculadas con el respeto por las diferencias, la inclusi\u00f3n y el valor de la palabra para resolver los conflictos. Las\/os protagonistas de estos cuentos enfrentan miedos, dilemas y situaciones dif\u00edciles. Intentan pensar y sentir para buscar soluciones posibles. Son una serie de cuentos para pensar en los derechos de las infancias, para que puedan crecer en libertad e igualdad. De Fernanda Felice.<\/p>\n<p>\u25ca Editorial: \u00abLaborde Editor\u00bb.<\/p>\n<p>Visitalos en: <a href=\"https:\/\/labordeeditor.com.ar\/\" target=\"_blank\" rel=\"noopener noreferrer\">labordeeditor.com.ar<\/a><\/p>\n<p>Escribiles a: labordeeditor@yahoo.com.ar<\/p>\n","protected":false},"excerpt":{"rendered":"<p>Te compartimos estos relatos para que escuches, compartas o env\u00edes. Las historias que vas a escuchar ac\u00e1 llegan a trav\u00e9s [&hellip;]<\/p>\n","protected":false},"author":5,"featured_media":0,"parent":0,"menu_order":0,"comment_status":"closed","ping_status":"closed","template":"","meta":{"site-sidebar-layout":"default","site-content-layout":"","ast-site-content-layout":"default","site-content-style":"default","site-sidebar-style":"default","ast-global-header-display":"","ast-banner-title-visibility":"","ast-main-header-display":"","ast-hfb-above-header-display":"","ast-hfb-below-header-display":"","ast-hfb-mobile-header-display":"","site-post-title":"","ast-breadcrumbs-content":"","ast-featured-img":"","footer-sml-layout":"","ast-disable-related-posts":"","theme-transparent-header-meta":"","adv-header-id-meta":"","stick-header-meta":"","header-above-stick-meta":"","header-main-stick-meta":"","header-below-stick-meta":"","astra-migrate-meta-layouts":"default","ast-page-background-enabled":"default","ast-page-background-meta":{"desktop":{"background-color":"var(--ast-global-color-4)","background-image":"","background-repeat":"repeat","background-position":"center center","background-size":"auto","background-attachment":"scroll","background-type":"","background-media":"","overlay-type":"","overlay-color":"","overlay-opacity":"","overlay-gradient":""},"tablet":{"background-color":"","background-image":"","background-repeat":"repeat","background-position":"center center","background-size":"auto","background-attachment":"scroll","background-type":"","background-media":"","overlay-type":"","overlay-color":"","overlay-opacity":"","overlay-gradient":""},"mobile":{"background-color":"","background-image":"","background-repeat":"repeat","background-position":"center center","background-size":"auto","background-attachment":"scroll","background-type":"","background-media":"","overlay-type":"","overlay-color":"","overlay-opacity":"","overlay-gradient":""}},"ast-content-background-meta":{"desktop":{"background-color":"var(--ast-global-color-5)","background-image":"","background-repeat":"repeat","background-position":"center center","background-size":"auto","background-attachment":"scroll","background-type":"","background-media":"","overlay-type":"","overlay-color":"","overlay-opacity":"","overlay-gradient":""},"tablet":{"background-color":"var(--ast-global-color-5)","background-image":"","background-repeat":"repeat","background-position":"center center","background-size":"auto","background-attachment":"scroll","background-type":"","background-media":"","overlay-type":"","overlay-color":"","overlay-opacity":"","overlay-gradient":""},"mobile":{"background-color":"var(--ast-global-color-5)","background-image":"","background-repeat":"repeat","background-position":"center center","background-size":"auto","background-attachment":"scroll","background-type":"","background-media":"","overlay-type":"","overlay-color":"","overlay-opacity":"","overlay-gradient":""}},"footnotes":""},"class_list":["post-737","page","type-page","status-publish","hentry"],"_links":{"self":[{"href":"https:\/\/biblioargentina.gob.ar\/web\/wp-json\/wp\/v2\/pages\/737","targetHints":{"allow":["GET"]}}],"collection":[{"href":"https:\/\/biblioargentina.gob.ar\/web\/wp-json\/wp\/v2\/pages"}],"about":[{"href":"https:\/\/biblioargentina.gob.ar\/web\/wp-json\/wp\/v2\/types\/page"}],"author":[{"embeddable":true,"href":"https:\/\/biblioargentina.gob.ar\/web\/wp-json\/wp\/v2\/users\/5"}],"replies":[{"embeddable":true,"href":"https:\/\/biblioargentina.gob.ar\/web\/wp-json\/wp\/v2\/comments?post=737"}],"version-history":[{"count":55,"href":"https:\/\/biblioargentina.gob.ar\/web\/wp-json\/wp\/v2\/pages\/737\/revisions"}],"predecessor-version":[{"id":1612,"href":"https:\/\/biblioargentina.gob.ar\/web\/wp-json\/wp\/v2\/pages\/737\/revisions\/1612"}],"wp:attachment":[{"href":"https:\/\/biblioargentina.gob.ar\/web\/wp-json\/wp\/v2\/media?parent=737"}],"curies":[{"name":"wp","href":"https:\/\/api.w.org\/{rel}","templated":true}]}}