{"id":4912,"date":"2021-07-27T12:25:29","date_gmt":"2021-07-27T12:25:29","guid":{"rendered":"https:\/\/biblioargentina.gob.ar\/web\/?page_id=4912"},"modified":"2026-03-03T11:02:59","modified_gmt":"2026-03-03T11:02:59","slug":"club-de-lectura-de-la-casa-imaginada","status":"publish","type":"page","link":"https:\/\/biblioargentina.gob.ar\/web\/club-de-lectura-de-la-casa-imaginada\/","title":{"rendered":"Club de lectura de la Casa Imaginada"},"content":{"rendered":"\n<div class=\"wp-block-media-text is-stacked-on-mobile is-vertically-aligned-top\"><figure class=\"wp-block-media-text__media\"><img loading=\"lazy\" decoding=\"async\" width=\"400\" height=\"289\" src=\"https:\/\/biblioargentina.gob.ar\/web\/wp-content\/uploads\/2026\/03\/Club-de-lectura-de-la-Casa-Imaginada.png\" alt=\"\" class=\"wp-image-22157 size-full\" srcset=\"https:\/\/biblioargentina.gob.ar\/web\/wp-content\/uploads\/2026\/03\/Club-de-lectura-de-la-Casa-Imaginada.png 400w, https:\/\/biblioargentina.gob.ar\/web\/wp-content\/uploads\/2026\/03\/Club-de-lectura-de-la-Casa-Imaginada-300x217.png 300w\" sizes=\"auto, (max-width: 400px) 100vw, 400px\" \/><\/figure><div class=\"wp-block-media-text__content\">\n<p>Los clubes de lecturas son espacios de encuentro e intercambio a trav\u00e9s de los libros y aquello que provocan. Infancias de 8 a 12 a\u00f1os.<\/p>\n<\/div><\/div>\n\n\n\n<div style=\"height:30px\" aria-hidden=\"true\" class=\"wp-block-spacer\"><\/div>\n\n\n\n<p class=\"has-white-color has-ast-global-color-0-background-color has-text-color has-background has-link-color wp-elements-1fbf4b3378ce22da246de8d76bbe993c\"><strong>Comienzo: viernes 6 de marzo de 2026, 18:30 h. Encuentros quincenales.<\/strong><\/p>\n\n\n\n<p><strong>Coordinaci\u00f3n: <\/strong>Ayel\u00e9n Romero.<\/p>\n\n\n\n<p>A trav\u00e9s de la palabra, la imaginaci\u00f3n y el juego se comparte la lectura especial que puede hacerse de una historia, para enriquecer la experiencia desde la diversidad de formas de vivirla. El intercambio de lecturas funciona como est\u00edmulo para la empat\u00eda y la imaginaci\u00f3n que invita a sorprenderse con diversos territorios, reales o fant\u00e1sticos, y las m\u00faltiples maneras de estar en el mundo que ofrece cada historia.<\/p>\n\n\n\n<p>Todos los meses se comparten en encuentros quincenales nuevas tem\u00e1ticas. Y de la mano de editoriales rosarinas se acerca material de lectura y se pueden conocer a sus autoras y autores.<\/p>\n\n\n\n<h2 class=\"wp-block-heading\">Contacto<\/h2>\n\n\n\n<p>Para m\u00e1s informaci\u00f3n, inscripci\u00f3n y sumarse al Club escriba directamente a las direcciones de correo electr\u00f3nico <a href=\"mailto:casaimaginada@rosario.gov.ar\">casaimaginada@rosario.gov.ar<\/a> y <a href=\"mailto:aromero3@rosario.gov.ar\">aromero3@rosario.gov.ar<\/a>.<\/p>\n\n\n\n<h2 class=\"wp-block-heading\">Invita<\/h2>\n\n\n\n<p>Red de Clubes de Lectura. Plan Ciudadano de Lecturas \/ Leer Rosario.<\/p>\n\n\n\n<h2 class=\"wp-block-heading\">Momentos 2025<\/h2>\n\n\n\n<figure class=\"wp-block-gallery has-nested-images columns-default is-cropped wp-block-gallery-1 is-layout-flex wp-block-gallery-is-layout-flex\">\n<figure class=\"wp-block-image size-large\"><a href=\"https:\/\/biblioargentina.gob.ar\/web\/wp-content\/uploads\/2025\/12\/Encuentros-en-Casa-Imaginada-1-scaled.png\"><img loading=\"lazy\" decoding=\"async\" width=\"576\" height=\"1024\" data-id=\"21761\" src=\"https:\/\/biblioargentina.gob.ar\/web\/wp-content\/uploads\/2025\/12\/Encuentros-en-Casa-Imaginada-1-576x1024.png\" alt=\"\" class=\"wp-image-21761\" srcset=\"https:\/\/biblioargentina.gob.ar\/web\/wp-content\/uploads\/2025\/12\/Encuentros-en-Casa-Imaginada-1-576x1024.png 576w, https:\/\/biblioargentina.gob.ar\/web\/wp-content\/uploads\/2025\/12\/Encuentros-en-Casa-Imaginada-1-169x300.png 169w, https:\/\/biblioargentina.gob.ar\/web\/wp-content\/uploads\/2025\/12\/Encuentros-en-Casa-Imaginada-1-768x1365.png 768w, https:\/\/biblioargentina.gob.ar\/web\/wp-content\/uploads\/2025\/12\/Encuentros-en-Casa-Imaginada-1-864x1536.png 864w, https:\/\/biblioargentina.gob.ar\/web\/wp-content\/uploads\/2025\/12\/Encuentros-en-Casa-Imaginada-1-1152x2048.png 1152w, https:\/\/biblioargentina.gob.ar\/web\/wp-content\/uploads\/2025\/12\/Encuentros-en-Casa-Imaginada-1-scaled.png 1440w\" sizes=\"auto, (max-width: 576px) 100vw, 576px\" \/><\/a><\/figure>\n\n\n\n<figure class=\"wp-block-image size-large\"><a href=\"https:\/\/biblioargentina.gob.ar\/web\/wp-content\/uploads\/2025\/12\/Encuentros-en-Casa-Imaginada-2-scaled.png\"><img loading=\"lazy\" decoding=\"async\" width=\"576\" height=\"1024\" data-id=\"21760\" src=\"https:\/\/biblioargentina.gob.ar\/web\/wp-content\/uploads\/2025\/12\/Encuentros-en-Casa-Imaginada-2-576x1024.png\" alt=\"\" class=\"wp-image-21760\" srcset=\"https:\/\/biblioargentina.gob.ar\/web\/wp-content\/uploads\/2025\/12\/Encuentros-en-Casa-Imaginada-2-576x1024.png 576w, https:\/\/biblioargentina.gob.ar\/web\/wp-content\/uploads\/2025\/12\/Encuentros-en-Casa-Imaginada-2-169x300.png 169w, https:\/\/biblioargentina.gob.ar\/web\/wp-content\/uploads\/2025\/12\/Encuentros-en-Casa-Imaginada-2-768x1365.png 768w, https:\/\/biblioargentina.gob.ar\/web\/wp-content\/uploads\/2025\/12\/Encuentros-en-Casa-Imaginada-2-864x1536.png 864w, https:\/\/biblioargentina.gob.ar\/web\/wp-content\/uploads\/2025\/12\/Encuentros-en-Casa-Imaginada-2-1152x2048.png 1152w, https:\/\/biblioargentina.gob.ar\/web\/wp-content\/uploads\/2025\/12\/Encuentros-en-Casa-Imaginada-2-scaled.png 1440w\" sizes=\"auto, (max-width: 576px) 100vw, 576px\" \/><\/a><\/figure>\n\n\n\n<figure class=\"wp-block-image size-large\"><a href=\"https:\/\/biblioargentina.gob.ar\/web\/wp-content\/uploads\/2025\/12\/Encuentros-en-Casa-Imaginada-3-scaled.png\"><img loading=\"lazy\" decoding=\"async\" width=\"769\" height=\"1024\" data-id=\"21762\" src=\"https:\/\/biblioargentina.gob.ar\/web\/wp-content\/uploads\/2025\/12\/Encuentros-en-Casa-Imaginada-3-769x1024.png\" alt=\"\" class=\"wp-image-21762\" srcset=\"https:\/\/biblioargentina.gob.ar\/web\/wp-content\/uploads\/2025\/12\/Encuentros-en-Casa-Imaginada-3-769x1024.png 769w, https:\/\/biblioargentina.gob.ar\/web\/wp-content\/uploads\/2025\/12\/Encuentros-en-Casa-Imaginada-3-225x300.png 225w, https:\/\/biblioargentina.gob.ar\/web\/wp-content\/uploads\/2025\/12\/Encuentros-en-Casa-Imaginada-3-768x1023.png 768w, https:\/\/biblioargentina.gob.ar\/web\/wp-content\/uploads\/2025\/12\/Encuentros-en-Casa-Imaginada-3-1153x1536.png 1153w, https:\/\/biblioargentina.gob.ar\/web\/wp-content\/uploads\/2025\/12\/Encuentros-en-Casa-Imaginada-3-1538x2048.png 1538w, https:\/\/biblioargentina.gob.ar\/web\/wp-content\/uploads\/2025\/12\/Encuentros-en-Casa-Imaginada-3-scaled.png 1922w\" sizes=\"auto, (max-width: 769px) 100vw, 769px\" \/><\/a><\/figure>\n<\/figure>\n\n\n\n<div style=\"height:30px\" aria-hidden=\"true\" class=\"wp-block-spacer\"><\/div>\n\n\n\n<div class=\"wp-block-media-text has-media-on-the-right is-stacked-on-mobile\"><div class=\"wp-block-media-text__content\">\n<p>En el a\u00f1o <strong>2024<\/strong>, como todos los a\u00f1os, el Club de lectura visit\u00f3 la Feria Internacional del Libro de Rosario.<\/p>\n<\/div><figure class=\"wp-block-media-text__media\"><img loading=\"lazy\" decoding=\"async\" width=\"400\" height=\"289\" src=\"https:\/\/biblioargentina.gob.ar\/web\/wp-content\/uploads\/2025\/12\/Club-de-lectura-de-la-Casa-Imaginada.-Ano-2024.png\" alt=\"\" class=\"wp-image-21770 size-full\" srcset=\"https:\/\/biblioargentina.gob.ar\/web\/wp-content\/uploads\/2025\/12\/Club-de-lectura-de-la-Casa-Imaginada.-Ano-2024.png 400w, https:\/\/biblioargentina.gob.ar\/web\/wp-content\/uploads\/2025\/12\/Club-de-lectura-de-la-Casa-Imaginada.-Ano-2024-300x217.png 300w\" sizes=\"auto, (max-width: 400px) 100vw, 400px\" \/><\/figure><\/div>\n\n\n\n<p>En el a\u00f1o <strong>2023<\/strong>, junto a la Red de Clubes de lectura, se eligi\u00f3 un tema: la <strong>Democracia<\/strong>, porque se cumplieron 40 a\u00f1os y mereci\u00f3 celebrarse.<\/p>\n\n\n\n<h3 class=\"wp-block-heading\">En el 1\u00b0 encuentro<\/h3>\n\n\n\n<p>En Abril se present\u00f3 <em><strong>La calle es libre<\/strong><\/em>,&nbsp;una historia sensible para reflexionar sobre el hacer en comunidad.<\/p>\n\n\n\n<p>Encontr\u00e1 el libro con el <strong>Cat\u00e1logo Colectivo<\/strong>:<\/p>\n\n\n\n<figure class=\"wp-block-image\"><img decoding=\"async\" src=\"https:\/\/biblioargentina.gob.ar\/web\/wp-content\/uploads\/elementor\/thumbs\/Imagen-para-1-encuentro-club-2023-en-pagina-q56y5rb8q209vfclkylaf3wxdopppi6wbntj0rj2tc.png\" alt=\"Primer encuentro Club de lectura: &quot;La calle es libre&quot;.\" title=\"Primer encuentro Club de lectura: \u00abLa calle es libre\u00bb.\"\/><\/figure>\n\n\n\n<p>\t\t\t\t\t\t\t\t\t\t\t\t\t\t<a href=\"https:\/\/biblio1.rosario.gob.ar\/cgi-bin\/koha\/opac-detail.pl?biblionumber=21520\"><br>\n\t\t\t\t\t\t\t\t\t\t\t\t\t\t\t<\/a><\/p>\n\n\n\n<h3 class=\"wp-block-heading\">Encuentros destacados del 2022<\/h3>\n\n\n\n<p><em>De la Casa Museo al R\u00edo para explorar nuestros humedales. <\/em><\/p>\n\n\n\n<p>El S\u00e1bado 12 de Noviembre en el Club de lectura se comparti\u00f3 una tarde de picnic y juegos en familia.<\/p>\n\n\n\n<p>&#x1f50e;&#x1f331; Con lupas, binoculares y otros objetos se pudo observar la naturaleza.<\/p>\n\n\n\n<p>&#x1f455; Y adem\u00e1s se estamparon remeras.<\/p>\n\n\n\n<p>Museo de Arte Decorativo Firma y Odilo Est\u00e9vez. Entrada por San Lorenzo 753.<\/p>\n\n\n\n<p><em>Libro \u201cMine y el tiempo\u201d, de Bel\u00e9n Campero.<\/em><\/p>\n\n\n\n<p><em>Abril y Mayo 2022<\/em><\/p>\n\n\n\n<p>El a\u00f1o 2022 comenz\u00f3 en sinton\u00eda con el Reto Lector de Abril: AVENTURA. Se propuso leer \u00abMine y el tiempo\u00bb de Bel\u00e9n Campero y Fabricio Caiazza.<\/p>\n\n\n\n<blockquote class=\"wp-block-quote is-layout-flow wp-block-quote-is-layout-flow\">\n<p><em>Empezamos asom\u00e1ndonos a las ventanas para descubrir nuevas aventuras, y fuimos abriendo las ventanas al ritmo del D\u00fao Karma.<\/em><br><em>Luego, compartimos fotos y buscamos otros objetos que contengan tiempo.<\/em><br><em>Charlamos del paso del tiempo, en las cosas y en las personas.<\/em><br><em>Escribimos cartas para futuros lectores y las escondimos en libros antiguos de la Biblioteca.<\/em><br><em>Tambi\u00e9n conocimos a Bel\u00e9n, quien nos comparti\u00f3 el porqu\u00e9 del libro y respondi\u00f3 las mil y una preguntas que trajeron los chicos y las chicas del club.<\/em><br><em>Con un gesto generoso y amoroso, como nos tiene acostumbrados, les regal\u00f3 un libro para cada participante. <\/em><br><em>Juntos y juntas intercambiamos pareceres, jugamos al ritmo del tiempo, convidamos otras lecturas posibles donde el tiempo era protagonista.<\/em><\/p>\n\n\n\n<p><em>Gracias Bel\u00e9n por tu libro, por tu presencia y tu generosidad.<\/em><\/p>\n\n\n\n<p>Mediadoras de lectura: Ayel\u00e9n Romero Sdrigotti y Andrea Peruzzi.<\/p>\n<\/blockquote>\n","protected":false},"excerpt":{"rendered":"<p>Los clubes de lecturas son espacios de encuentro e intercambio a trav\u00e9s de los libros y aquello que provocan. Infancias [&hellip;]<\/p>\n","protected":false},"author":5,"featured_media":0,"parent":0,"menu_order":0,"comment_status":"open","ping_status":"closed","template":"","meta":{"site-sidebar-layout":"default","site-content-layout":"","ast-site-content-layout":"default","site-content-style":"default","site-sidebar-style":"default","ast-global-header-display":"","ast-banner-title-visibility":"","ast-main-header-display":"","ast-hfb-above-header-display":"","ast-hfb-below-header-display":"","ast-hfb-mobile-header-display":"","site-post-title":"","ast-breadcrumbs-content":"","ast-featured-img":"","footer-sml-layout":"","ast-disable-related-posts":"","theme-transparent-header-meta":"","adv-header-id-meta":"","stick-header-meta":"","header-above-stick-meta":"","header-main-stick-meta":"","header-below-stick-meta":"","astra-migrate-meta-layouts":"default","ast-page-background-enabled":"default","ast-page-background-meta":{"desktop":{"background-color":"var(--ast-global-color-4)","background-image":"","background-repeat":"repeat","background-position":"center center","background-size":"auto","background-attachment":"scroll","background-type":"","background-media":"","overlay-type":"","overlay-color":"","overlay-opacity":"","overlay-gradient":""},"tablet":{"background-color":"","background-image":"","background-repeat":"repeat","background-position":"center center","background-size":"auto","background-attachment":"scroll","background-type":"","background-media":"","overlay-type":"","overlay-color":"","overlay-opacity":"","overlay-gradient":""},"mobile":{"background-color":"","background-image":"","background-repeat":"repeat","background-position":"center center","background-size":"auto","background-attachment":"scroll","background-type":"","background-media":"","overlay-type":"","overlay-color":"","overlay-opacity":"","overlay-gradient":""}},"ast-content-background-meta":{"desktop":{"background-color":"var(--ast-global-color-5)","background-image":"","background-repeat":"repeat","background-position":"center center","background-size":"auto","background-attachment":"scroll","background-type":"","background-media":"","overlay-type":"","overlay-color":"","overlay-opacity":"","overlay-gradient":""},"tablet":{"background-color":"var(--ast-global-color-5)","background-image":"","background-repeat":"repeat","background-position":"center center","background-size":"auto","background-attachment":"scroll","background-type":"","background-media":"","overlay-type":"","overlay-color":"","overlay-opacity":"","overlay-gradient":""},"mobile":{"background-color":"var(--ast-global-color-5)","background-image":"","background-repeat":"repeat","background-position":"center center","background-size":"auto","background-attachment":"scroll","background-type":"","background-media":"","overlay-type":"","overlay-color":"","overlay-opacity":"","overlay-gradient":""}},"footnotes":""},"class_list":["post-4912","page","type-page","status-publish","hentry"],"_links":{"self":[{"href":"https:\/\/biblioargentina.gob.ar\/web\/wp-json\/wp\/v2\/pages\/4912","targetHints":{"allow":["GET"]}}],"collection":[{"href":"https:\/\/biblioargentina.gob.ar\/web\/wp-json\/wp\/v2\/pages"}],"about":[{"href":"https:\/\/biblioargentina.gob.ar\/web\/wp-json\/wp\/v2\/types\/page"}],"author":[{"embeddable":true,"href":"https:\/\/biblioargentina.gob.ar\/web\/wp-json\/wp\/v2\/users\/5"}],"replies":[{"embeddable":true,"href":"https:\/\/biblioargentina.gob.ar\/web\/wp-json\/wp\/v2\/comments?post=4912"}],"version-history":[{"count":162,"href":"https:\/\/biblioargentina.gob.ar\/web\/wp-json\/wp\/v2\/pages\/4912\/revisions"}],"predecessor-version":[{"id":22158,"href":"https:\/\/biblioargentina.gob.ar\/web\/wp-json\/wp\/v2\/pages\/4912\/revisions\/22158"}],"wp:attachment":[{"href":"https:\/\/biblioargentina.gob.ar\/web\/wp-json\/wp\/v2\/media?parent=4912"}],"curies":[{"name":"wp","href":"https:\/\/api.w.org\/{rel}","templated":true}]}}