{"id":4719,"date":"2021-07-21T11:52:08","date_gmt":"2021-07-21T11:52:08","guid":{"rendered":"https:\/\/biblioargentina.gob.ar\/web\/?page_id=4719"},"modified":"2021-07-27T11:14:46","modified_gmt":"2021-07-27T11:14:46","slug":"fabulas-de-la-biblioteca","status":"publish","type":"page","link":"https:\/\/biblioargentina.gob.ar\/web\/fabulas-de-la-biblioteca\/","title":{"rendered":"F\u00e1bulas de la Biblioteca"},"content":{"rendered":"<p><img decoding=\"async\" width=\"400\" height=\"400\" src=\"https:\/\/biblioargentina.gob.ar\/web\/wp-content\/uploads\/2021\/07\/Imagen-para-WordPress-Fabulas.png\" alt=\"F\u00e1bulas de la Biblioteca\" loading=\"lazy\" srcset=\"https:\/\/biblioargentina.gob.ar\/web\/wp-content\/uploads\/2021\/07\/Imagen-para-WordPress-Fabulas.png 400w, https:\/\/biblioargentina.gob.ar\/web\/wp-content\/uploads\/2021\/07\/Imagen-para-WordPress-Fabulas-300x300.png 300w, https:\/\/biblioargentina.gob.ar\/web\/wp-content\/uploads\/2021\/07\/Imagen-para-WordPress-Fabulas-150x150.png 150w, https:\/\/biblioargentina.gob.ar\/web\/wp-content\/uploads\/2021\/07\/Imagen-para-WordPress-Fabulas-360x360.png 360w\" sizes=\"auto, (max-width: 400px) 100vw, 400px\" \/>\t\t\t\t\t\t\t\t\t\t\t\t\t\t<\/p>\n<p>En otra producci\u00f3n de la Biblioteca Argentina \u00abDr. Juan \u00c1lvarez\u00bb te presentamos una serie de p\u00f3dcast de breves relatos ficticios, con una intenci\u00f3n did\u00e1ctica y de entretenimiento, relatados con una moraleja. Con la participaci\u00f3n de voluntarias y voluntarios del programa \u201cLa hora del Cuento\u201d, que leyeron f\u00e1bulas de Jean de La Fontaine.<\/p>\n<p>O en palabras de la Profesora M\u00f3nica Alfonso, Coordinadora del programa \u201cLa hora del Cuento\u201d:<\/p>\n<p><em>\u201cY les brindamos f\u00e1bulas.<\/em><br \/><em>Y pretendimos que el texto dicho fuera cre\u00edble.<\/em><br \/><em>Que tuviera el valor de transformar la escucha en un bello momento.<\/em><br \/><em>Y con voces diferentes y relatos distintos brindarles humor, iron\u00eda, placer.<\/em><br \/><em>Es que amamos las palabras, y el decirlas con sentido y emoci\u00f3n.<\/em><br \/><em>Ojal\u00e1 disfrute de esta propuesta, de una de las formas literarias m\u00e1s antiguas.<\/em><br \/><em>De ser as\u00ed, habremos renovado la capacidad de mantener viva, releer y recontar <\/em><br \/><em>viejas f\u00e1bulas.\u201d<\/em><\/p>\n<p>\t\t\t<iframe id='audio_73113901' frameborder='0' allowfullscreen='' scrolling='no' height='200' style='width:100%;' src='https:\/\/ar.ivoox.com\/es\/player_ej_73113901_6_1.html'><\/iframe>\t\t<\/p>\n<p><em><strong>La olla de barro y la olla de hierro. Interpretado por Mirta Alcala.<\/strong><\/em><\/p>\n<p>\t\t\t<iframe id='audio_73118875' frameborder='0' allowfullscreen='' scrolling='no' height='200' style='width:100%;' src='https:\/\/ar.ivoox.com\/es\/player_ej_73118875_6_1.html'><\/iframe>\t\t<\/p>\n<p><em><strong>El lobo, la cabra y el cabrito. Interpretado por Gertrudis Bacc\u00ed.<\/strong><\/em><\/p>\n<p>\t\t\t<iframe id='audio_73119335' frameborder='0' allowfullscreen='' scrolling='no' height='200' style='width:100%;' src='https:\/\/ar.ivoox.com\/es\/player_ej_73119335_6_1.html'><\/iframe>\t\t<\/p>\n<p><em><strong>El ciervo que se miraba en el agua. Interpretado por Gertrudis Bacc\u00ed.<\/strong><\/em><\/p>\n<p>\t\t\t<iframe id='audio_73119518' frameborder='0' allowfullscreen='' scrolling='no' height='200' style='width:100%;' src='https:\/\/ar.ivoox.com\/es\/player_ej_73119518_6_1.html'><\/iframe>\t\t<\/p>\n<p><em><strong>El cuervo y el zorro. Interpretado por Susana Bercoff.<\/strong><\/em><\/p>\n<p>\t\t\t<iframe id='audio_73149833' frameborder='0' allowfullscreen='' scrolling='no' height='200' style='width:100%;' src='https:\/\/ar.ivoox.com\/es\/player_ej_73149833_6_1.html'><\/iframe>\t\t<\/p>\n<p><em><strong>El le\u00f3n y el rat\u00f3n. Interpretado por Mar\u00eda Olga Bereciartua.<\/strong><\/em><\/p>\n<p>\t\t\t<iframe id='audio_73150769' frameborder='0' allowfullscreen='' scrolling='no' height='200' style='width:100%;' src='https:\/\/ar.ivoox.com\/es\/player_ej_73150769_6_1.html'><\/iframe>\t\t<\/p>\n<p><em><strong>La rana que quer\u00eda ser buey. Interpretado por Mar\u00eda Olga Bereciartua.<\/strong><\/em><\/p>\n<p>\t\t\t<iframe id='audio_73151169' frameborder='0' allowfullscreen='' scrolling='no' height='200' style='width:100%;' src='https:\/\/ar.ivoox.com\/es\/player_ej_73151169_6_1.html'><\/iframe>\t\t<\/p>\n<p><em><strong>La liebre y las ranas. Interpretado por Horacio Cariello.<\/strong><\/em><\/p>\n<p>\t\t\t<iframe id='audio_73152049' frameborder='0' allowfullscreen='' scrolling='no' height='200' style='width:100%;' src='https:\/\/ar.ivoox.com\/es\/player_ej_73152049_6_1.html'><\/iframe>\t\t<\/p>\n<p><em><strong>El roble y el junco. Interpretado por M\u00f3nica Colomer.<\/strong><\/em><\/p>\n<p>\t\t\t<iframe id='audio_73154492' frameborder='0' allowfullscreen='' scrolling='no' height='200' style='width:100%;' src='https:\/\/ar.ivoox.com\/es\/player_ej_73154492_6_1.html'><\/iframe>\t\t<\/p>\n<p><em><strong>La mosca y el coche. Interpretado por Hilda Di Rocco.<\/strong><\/em><\/p>\n<p>\t\t\t<iframe id='audio_73157251' frameborder='0' allowfullscreen='' scrolling='no' height='200' style='width:100%;' src='https:\/\/ar.ivoox.com\/es\/player_ej_73157251_6_1.html'><\/iframe>\t\t<\/p>\n<p><em><strong>El lobo y el perro. Interpretado por Liliana Fara.<\/strong><\/em><\/p>\n<p>\t\t\t<iframe id='audio_73157434' frameborder='0' allowfullscreen='' scrolling='no' height='200' style='width:100%;' src='https:\/\/ar.ivoox.com\/es\/player_ej_73157434_6_1.html'><\/iframe>\t\t<\/p>\n<p><em><strong>El le\u00f3n y el moscard\u00f3n. Interpretado por Marta Giordani.<\/strong><\/em><\/p>\n<p>\t\t\t<iframe id='audio_73157617' frameborder='0' allowfullscreen='' scrolling='no' height='200' style='width:100%;' src='https:\/\/ar.ivoox.com\/es\/player_ej_73157617_6_1.html'><\/iframe>\t\t<\/p>\n<p><em><strong>La gallina de los huevos de oro. Interpretado por Marta Giordani.<\/strong><\/em><\/p>\n<p>\t\t\t<iframe id='audio_73271260' frameborder='0' allowfullscreen='' scrolling='no' height='200' style='width:100%;' src='https:\/\/ar.ivoox.com\/es\/player_ej_73271260_6_1.html'><\/iframe>\t\t<\/p>\n<p><em><strong>La zorra y el chivo. Interpretado por Cora Moreno.<\/strong><\/em><\/p>\n<p>\t\t\t<iframe id='audio_73271442' frameborder='0' allowfullscreen='' scrolling='no' height='200' style='width:100%;' src='https:\/\/ar.ivoox.com\/es\/player_ej_73271442_6_1.html'><\/iframe>\t\t<\/p>\n<p><em><strong>El zorro y la cig\u00fce\u00f1a. Interpretado por Susana Olivera.<\/strong><\/em><\/p>\n<p>\t\t\t<iframe id='audio_73271707' frameborder='0' allowfullscreen='' scrolling='no' height='200' style='width:100%;' src='https:\/\/ar.ivoox.com\/es\/player_ej_73271707_6_1.html'><\/iframe>\t\t<\/p>\n<p><em><strong>La paloma y la hormiga. Interpretado por Graciela Postiglione<\/strong><\/em><\/p>\n<p>\t\t\t<iframe id='audio_73271934' frameborder='0' allowfullscreen='' scrolling='no' height='200' style='width:100%;' src='https:\/\/ar.ivoox.com\/es\/player_ej_73271934_6_1.html'><\/iframe>\t\t<\/p>\n<p><em><strong>El zorro, el lobo y el caballo. Interpretado por Ana Mar\u00eda Rugari.<\/strong><\/em><\/p>\n","protected":false},"excerpt":{"rendered":"<p>En otra producci\u00f3n de la Biblioteca Argentina \u00abDr. Juan \u00c1lvarez\u00bb te presentamos una serie de p\u00f3dcast de breves relatos ficticios, [&hellip;]<\/p>\n","protected":false},"author":5,"featured_media":0,"parent":0,"menu_order":0,"comment_status":"closed","ping_status":"closed","template":"","meta":{"site-sidebar-layout":"default","site-content-layout":"","ast-site-content-layout":"default","site-content-style":"default","site-sidebar-style":"default","ast-global-header-display":"","ast-banner-title-visibility":"","ast-main-header-display":"","ast-hfb-above-header-display":"","ast-hfb-below-header-display":"","ast-hfb-mobile-header-display":"","site-post-title":"","ast-breadcrumbs-content":"","ast-featured-img":"","footer-sml-layout":"","ast-disable-related-posts":"","theme-transparent-header-meta":"","adv-header-id-meta":"","stick-header-meta":"","header-above-stick-meta":"","header-main-stick-meta":"","header-below-stick-meta":"","astra-migrate-meta-layouts":"default","ast-page-background-enabled":"default","ast-page-background-meta":{"desktop":{"background-color":"var(--ast-global-color-4)","background-image":"","background-repeat":"repeat","background-position":"center center","background-size":"auto","background-attachment":"scroll","background-type":"","background-media":"","overlay-type":"","overlay-color":"","overlay-opacity":"","overlay-gradient":""},"tablet":{"background-color":"","background-image":"","background-repeat":"repeat","background-position":"center center","background-size":"auto","background-attachment":"scroll","background-type":"","background-media":"","overlay-type":"","overlay-color":"","overlay-opacity":"","overlay-gradient":""},"mobile":{"background-color":"","background-image":"","background-repeat":"repeat","background-position":"center center","background-size":"auto","background-attachment":"scroll","background-type":"","background-media":"","overlay-type":"","overlay-color":"","overlay-opacity":"","overlay-gradient":""}},"ast-content-background-meta":{"desktop":{"background-color":"var(--ast-global-color-5)","background-image":"","background-repeat":"repeat","background-position":"center center","background-size":"auto","background-attachment":"scroll","background-type":"","background-media":"","overlay-type":"","overlay-color":"","overlay-opacity":"","overlay-gradient":""},"tablet":{"background-color":"var(--ast-global-color-5)","background-image":"","background-repeat":"repeat","background-position":"center center","background-size":"auto","background-attachment":"scroll","background-type":"","background-media":"","overlay-type":"","overlay-color":"","overlay-opacity":"","overlay-gradient":""},"mobile":{"background-color":"var(--ast-global-color-5)","background-image":"","background-repeat":"repeat","background-position":"center center","background-size":"auto","background-attachment":"scroll","background-type":"","background-media":"","overlay-type":"","overlay-color":"","overlay-opacity":"","overlay-gradient":""}},"footnotes":""},"class_list":["post-4719","page","type-page","status-publish","hentry"],"_links":{"self":[{"href":"https:\/\/biblioargentina.gob.ar\/web\/wp-json\/wp\/v2\/pages\/4719","targetHints":{"allow":["GET"]}}],"collection":[{"href":"https:\/\/biblioargentina.gob.ar\/web\/wp-json\/wp\/v2\/pages"}],"about":[{"href":"https:\/\/biblioargentina.gob.ar\/web\/wp-json\/wp\/v2\/types\/page"}],"author":[{"embeddable":true,"href":"https:\/\/biblioargentina.gob.ar\/web\/wp-json\/wp\/v2\/users\/5"}],"replies":[{"embeddable":true,"href":"https:\/\/biblioargentina.gob.ar\/web\/wp-json\/wp\/v2\/comments?post=4719"}],"version-history":[{"count":93,"href":"https:\/\/biblioargentina.gob.ar\/web\/wp-json\/wp\/v2\/pages\/4719\/revisions"}],"predecessor-version":[{"id":14664,"href":"https:\/\/biblioargentina.gob.ar\/web\/wp-json\/wp\/v2\/pages\/4719\/revisions\/14664"}],"wp:attachment":[{"href":"https:\/\/biblioargentina.gob.ar\/web\/wp-json\/wp\/v2\/media?parent=4719"}],"curies":[{"name":"wp","href":"https:\/\/api.w.org\/{rel}","templated":true}]}}