{"id":3976,"date":"2021-06-23T15:02:47","date_gmt":"2021-06-23T15:02:47","guid":{"rendered":"https:\/\/biblioargentina.gob.ar\/web\/?page_id=3976"},"modified":"2025-08-28T14:59:53","modified_gmt":"2025-08-28T14:59:53","slug":"referencia","status":"publish","type":"page","link":"https:\/\/biblioargentina.gob.ar\/web\/referencia\/","title":{"rendered":"Referencia"},"content":{"rendered":"\n<p>El prop\u00f3sito del servicio es acercar informaci\u00f3n adecuada sobre las colecciones y libros de la Biblioteca Argentina \u00abDr. Juan \u00c1lvarez\u00bb a toda la ciudadan\u00eda. Y, adem\u00e1s, guiar a las y los usuarios en el manejo de los recursos de la instituci\u00f3n como, por ejemplo, el <a href=\"https:\/\/biblio1.rosario.gob.ar\/\">Cat\u00e1logo Colectivo<\/a> en l\u00ednea.<\/p>\n\n\n\n<p>En el espacio, ubicado en la planta baja del edificio, se encuentran a disposici\u00f3n dos mesas y ocho sillas. Para leer y acceder a una colecci\u00f3n de consulta \u00fatil compuesta por: enciclopedias referentes a Rosario y la regi\u00f3n, diccionarios biogr\u00e1ficos y de obras de arte, repertorios biogr\u00e1ficos, anuarios, anales de legislaci\u00f3n, censos, gu\u00edas, atlas, libros, revistas, obras de colecci\u00f3n, etc.<\/p>\n\n\n\n<p>Personal bibliotecario especializado est\u00e1 a disposici\u00f3n para informar y orientar en la elecci\u00f3n de una obra de acuerdo a la tem\u00e1tica de inter\u00e9s.<\/p>\n\n\n\n<figure class=\"wp-block-image\"><img decoding=\"async\" src=\"https:\/\/biblioargentina.gob.ar\/web\/wp-content\/uploads\/2023\/04\/imagen-wordpress-referencia-abril-2023.png\" alt=\"Referencia.\"\/><\/figure>\n\n\n\n<h1 class=\"wp-block-heading\">Contacto<\/h1>\n\n\n\n<p>Comun\u00edquese directamente v\u00eda correo electr\u00f3nico a <a href=\"mailto:referenciabiblioa@rosario.gov.ar\">referenciabiblioa@rosario.gov.ar<\/a>.<\/p>\n\n\n\n<h1 class=\"wp-block-heading\">Normas de uso<\/h1>\n\n\n\n<p>Los libros de Referencia y los editados antes de 1950 no salen a domicilio.<\/p>\n","protected":false},"excerpt":{"rendered":"<p>El prop\u00f3sito del servicio es acercar informaci\u00f3n adecuada sobre las colecciones y libros de la Biblioteca Argentina \u00abDr. Juan \u00c1lvarez\u00bb [&hellip;]<\/p>\n","protected":false},"author":5,"featured_media":0,"parent":0,"menu_order":0,"comment_status":"closed","ping_status":"closed","template":"","meta":{"site-sidebar-layout":"default","site-content-layout":"","ast-site-content-layout":"default","site-content-style":"default","site-sidebar-style":"default","ast-global-header-display":"","ast-banner-title-visibility":"","ast-main-header-display":"","ast-hfb-above-header-display":"","ast-hfb-below-header-display":"","ast-hfb-mobile-header-display":"","site-post-title":"","ast-breadcrumbs-content":"","ast-featured-img":"","footer-sml-layout":"","ast-disable-related-posts":"","theme-transparent-header-meta":"","adv-header-id-meta":"","stick-header-meta":"","header-above-stick-meta":"","header-main-stick-meta":"","header-below-stick-meta":"","astra-migrate-meta-layouts":"default","ast-page-background-enabled":"default","ast-page-background-meta":{"desktop":{"background-color":"var(--ast-global-color-4)","background-image":"","background-repeat":"repeat","background-position":"center center","background-size":"auto","background-attachment":"scroll","background-type":"","background-media":"","overlay-type":"","overlay-color":"","overlay-opacity":"","overlay-gradient":""},"tablet":{"background-color":"","background-image":"","background-repeat":"repeat","background-position":"center center","background-size":"auto","background-attachment":"scroll","background-type":"","background-media":"","overlay-type":"","overlay-color":"","overlay-opacity":"","overlay-gradient":""},"mobile":{"background-color":"","background-image":"","background-repeat":"repeat","background-position":"center center","background-size":"auto","background-attachment":"scroll","background-type":"","background-media":"","overlay-type":"","overlay-color":"","overlay-opacity":"","overlay-gradient":""}},"ast-content-background-meta":{"desktop":{"background-color":"var(--ast-global-color-5)","background-image":"","background-repeat":"repeat","background-position":"center center","background-size":"auto","background-attachment":"scroll","background-type":"","background-media":"","overlay-type":"","overlay-color":"","overlay-opacity":"","overlay-gradient":""},"tablet":{"background-color":"var(--ast-global-color-5)","background-image":"","background-repeat":"repeat","background-position":"center center","background-size":"auto","background-attachment":"scroll","background-type":"","background-media":"","overlay-type":"","overlay-color":"","overlay-opacity":"","overlay-gradient":""},"mobile":{"background-color":"var(--ast-global-color-5)","background-image":"","background-repeat":"repeat","background-position":"center center","background-size":"auto","background-attachment":"scroll","background-type":"","background-media":"","overlay-type":"","overlay-color":"","overlay-opacity":"","overlay-gradient":""}},"footnotes":""},"class_list":["post-3976","page","type-page","status-publish","hentry"],"_links":{"self":[{"href":"https:\/\/biblioargentina.gob.ar\/web\/wp-json\/wp\/v2\/pages\/3976","targetHints":{"allow":["GET"]}}],"collection":[{"href":"https:\/\/biblioargentina.gob.ar\/web\/wp-json\/wp\/v2\/pages"}],"about":[{"href":"https:\/\/biblioargentina.gob.ar\/web\/wp-json\/wp\/v2\/types\/page"}],"author":[{"embeddable":true,"href":"https:\/\/biblioargentina.gob.ar\/web\/wp-json\/wp\/v2\/users\/5"}],"replies":[{"embeddable":true,"href":"https:\/\/biblioargentina.gob.ar\/web\/wp-json\/wp\/v2\/comments?post=3976"}],"version-history":[{"count":93,"href":"https:\/\/biblioargentina.gob.ar\/web\/wp-json\/wp\/v2\/pages\/3976\/revisions"}],"predecessor-version":[{"id":20863,"href":"https:\/\/biblioargentina.gob.ar\/web\/wp-json\/wp\/v2\/pages\/3976\/revisions\/20863"}],"wp:attachment":[{"href":"https:\/\/biblioargentina.gob.ar\/web\/wp-json\/wp\/v2\/media?parent=3976"}],"curies":[{"name":"wp","href":"https:\/\/api.w.org\/{rel}","templated":true}]}}