{"id":22422,"date":"2026-04-08T12:09:11","date_gmt":"2026-04-08T12:09:11","guid":{"rendered":"https:\/\/biblioargentina.gob.ar\/web\/?page_id=22422"},"modified":"2026-04-20T13:08:19","modified_gmt":"2026-04-20T13:08:19","slug":"proyecto-biblioteca-un-plan-para-venir-a-la-biblio","status":"publish","type":"page","link":"https:\/\/biblioargentina.gob.ar\/web\/proyecto-biblioteca-un-plan-para-venir-a-la-biblio\/","title":{"rendered":"\u00abProyecto Biblioteca\u00bb: Un plan para venir a la Biblio"},"content":{"rendered":"\n<p>Una propuesta destinada a grupos escolares de nivel inicial y primario, que junto a sus docentes y\/o bibliotecarias\/os, se encuentren motivados en construir un proyecto junto a la <em>Biblioteca Argentina \u00abDr. Juan \u00c1lvarez\u00bb<\/em> y visitarla. Una experiencia para aprender y descubrir m\u00e1s sobre el mundo bibliotecol\u00f3gico, su historia y las distintas herramientas de mediaci\u00f3n lectora.<\/p>\n\n\n\n<figure class=\"wp-block-gallery has-nested-images columns-default is-cropped wp-block-gallery-1 is-layout-flex wp-block-gallery-is-layout-flex\">\n<figure class=\"wp-block-image size-large\"><a href=\"https:\/\/biblioargentina.gob.ar\/web\/wp-content\/uploads\/2026\/04\/Proyecto-Biblioteca.-Un-plan-para-venir-a-la-Biblio-scaled.png\"><img loading=\"lazy\" decoding=\"async\" width=\"1024\" height=\"534\" data-id=\"22429\" src=\"https:\/\/biblioargentina.gob.ar\/web\/wp-content\/uploads\/2026\/04\/Proyecto-Biblioteca.-Un-plan-para-venir-a-la-Biblio-1024x534.png\" alt=\"\" class=\"wp-image-22429\" srcset=\"https:\/\/biblioargentina.gob.ar\/web\/wp-content\/uploads\/2026\/04\/Proyecto-Biblioteca.-Un-plan-para-venir-a-la-Biblio-1024x534.png 1024w, https:\/\/biblioargentina.gob.ar\/web\/wp-content\/uploads\/2026\/04\/Proyecto-Biblioteca.-Un-plan-para-venir-a-la-Biblio-300x157.png 300w, https:\/\/biblioargentina.gob.ar\/web\/wp-content\/uploads\/2026\/04\/Proyecto-Biblioteca.-Un-plan-para-venir-a-la-Biblio-768x401.png 768w, https:\/\/biblioargentina.gob.ar\/web\/wp-content\/uploads\/2026\/04\/Proyecto-Biblioteca.-Un-plan-para-venir-a-la-Biblio-1536x801.png 1536w, https:\/\/biblioargentina.gob.ar\/web\/wp-content\/uploads\/2026\/04\/Proyecto-Biblioteca.-Un-plan-para-venir-a-la-Biblio-2048x1069.png 2048w\" sizes=\"auto, (max-width: 1024px) 100vw, 1024px\" \/><\/a><\/figure>\n\n\n\n<figure class=\"wp-block-image size-large\"><a href=\"https:\/\/biblioargentina.gob.ar\/web\/wp-content\/uploads\/2026\/04\/Destinado-a-grupos-que-pertenezcan-a-espacios-educativos-formales-y-no-formales-de-la-ciudad-de-Rosario-y-que-tengan-entre-5-y-12-anos.png\"><img loading=\"lazy\" decoding=\"async\" width=\"1024\" height=\"842\" data-id=\"22428\" src=\"https:\/\/biblioargentina.gob.ar\/web\/wp-content\/uploads\/2026\/04\/Destinado-a-grupos-que-pertenezcan-a-espacios-educativos-formales-y-no-formales-de-la-ciudad-de-Rosario-y-que-tengan-entre-5-y-12-anos-1024x842.png\" alt=\"\" class=\"wp-image-22428\" srcset=\"https:\/\/biblioargentina.gob.ar\/web\/wp-content\/uploads\/2026\/04\/Destinado-a-grupos-que-pertenezcan-a-espacios-educativos-formales-y-no-formales-de-la-ciudad-de-Rosario-y-que-tengan-entre-5-y-12-anos-1024x842.png 1024w, https:\/\/biblioargentina.gob.ar\/web\/wp-content\/uploads\/2026\/04\/Destinado-a-grupos-que-pertenezcan-a-espacios-educativos-formales-y-no-formales-de-la-ciudad-de-Rosario-y-que-tengan-entre-5-y-12-anos-300x247.png 300w, https:\/\/biblioargentina.gob.ar\/web\/wp-content\/uploads\/2026\/04\/Destinado-a-grupos-que-pertenezcan-a-espacios-educativos-formales-y-no-formales-de-la-ciudad-de-Rosario-y-que-tengan-entre-5-y-12-anos-768x631.png 768w, https:\/\/biblioargentina.gob.ar\/web\/wp-content\/uploads\/2026\/04\/Destinado-a-grupos-que-pertenezcan-a-espacios-educativos-formales-y-no-formales-de-la-ciudad-de-Rosario-y-que-tengan-entre-5-y-12-anos-1536x1263.png 1536w, https:\/\/biblioargentina.gob.ar\/web\/wp-content\/uploads\/2026\/04\/Destinado-a-grupos-que-pertenezcan-a-espacios-educativos-formales-y-no-formales-de-la-ciudad-de-Rosario-y-que-tengan-entre-5-y-12-anos.png 1800w\" sizes=\"auto, (max-width: 1024px) 100vw, 1024px\" \/><\/a><\/figure>\n<\/figure>\n\n\n\n<h2 class=\"wp-block-heading\">\u00bfDe qu\u00e9 se trata?<\/h2>\n\n\n\n<p>Se trata de una visita a la biblioteca donde se ofrecer\u00e1n herramientas para transformar una idea en acci\u00f3n y proyecto. Con esta propuesta se incentiva a las instituciones a explorar la Biblioteca Argentina y se motiva la construcci\u00f3n de un proyecto en com\u00fan.<\/p>\n\n\n\n<h3 class=\"wp-block-heading\">Recorrido de la experiencia<\/h3>\n\n\n\n<p>La propuesta se inicia con la inscripci\u00f3n para la visita. Que se propone sea realizada por docentes y\/o bibliotecarias\/os a cargo del grupo escolar. El objetivo propuesto es que trabaje junto a su grupo la aventura de explorar la biblioteca y hacer uso y difusi\u00f3n de los distintos servicios, pr\u00e1cticas y pol\u00edticas culturales que la instituci\u00f3n ofrece.<\/p>\n\n\n\n<p>Para llevar adelante esta experiencia es fundamental que la o el docente, la bibliotecaria o bibliotecario o referente del grupo pueda previamente recibir una jornada de capacitaci\u00f3n donde conozca el detr\u00e1s de escena de la biblioteca: sus rincones, su historia y sus diversas propuestas culturales y patrimoniales. El fin de esta primera instancia es lograr construir una mirada propia y sensible.<\/p>\n\n\n\n<p>La actividad ser\u00e1 complementada con material te\u00f3rico que ser\u00e1 compartido y, adem\u00e1s, con herramientas que permitan acompa\u00f1ar y motivar al grupo. Esta propuesta invita a crear de manera conjunta, a acercarse a los libros y a motivar la imaginaci\u00f3n. Descubriendo a cada alumna y alumno en su mirada singular, resignificando sus intereses. Un desaf\u00edo que ofrece un lugar para escuchar habilitando el di\u00e1logo, la participaci\u00f3n y la revinculaci\u00f3n con la lectura. Un recorrido compartido para poner en valor una experiencia social y cultural, accesible y abierta a la comunidad.<\/p>\n\n\n\n<h2 class=\"wp-block-heading\">\u00bfCu\u00e1l es el m\u00e1ximo de participantes por grupo?<\/h2>\n\n\n\n<p>Cuarenta (40) personas.<\/p>\n\n\n\n<h2 class=\"wp-block-heading\">\u00bfCu\u00e1ndo pueden inscribirse?<\/h2>\n\n\n\n<p>A partir del lunes 20 de abril. Hasta que se complete el cupo.<\/p>\n\n\n\n<h2 class=\"wp-block-heading\">\u00bfC\u00f3mo se realiza la inscripci\u00f3n?<\/h2>\n\n\n\n<p>De manera virtual a trav\u00e9s del sistema de turnos programados donde encontrar\u00e1n las fechas disponibles. La persona responsable del grupo dejar\u00e1 sus datos personales y la tem\u00e1tica dentro de la biblioteca que le interesar\u00e1 explorar para la elaboraci\u00f3n del proyecto grupal. Por ejemplo: libros accesibles, biblioteca m\u00f3vil, historietas, Hemeroteca, el libro como objeto l\u00fadico, el cuerpo en la lectura, revistas rosarinas, libros, \u00e1lbumes, dispositivo de lectura, construcci\u00f3n de t\u00edteres a partir de personajes de cuentos, historia de las bibliotecas, gu\u00edas y glosarios de palabras, etc.<\/p>\n\n\n\n<div class=\"wp-block-buttons is-content-justification-center is-layout-flex wp-container-core-buttons-is-layout-a89b3969 wp-block-buttons-is-layout-flex\">\n<div class=\"wp-block-button has-custom-width wp-block-button__width-50\"><a class=\"wp-block-button__link wp-element-button\" href=\"https:\/\/www.rosario.gob.ar\/turnos-programados\/persona\/buscar.do?accion=nuevaBusqueda&amp;hash=768a11e8g2c36192d51c8a906443c03fef66d10a505813fdb0985b17adada4b5f5677f337g55e4efd48479dc5337fedd275376a6cf0c6bf545194f93452e6b6e2b3c61404e\">Inscribirse<\/a><\/div>\n<\/div>\n\n\n\n<div style=\"height:30px\" aria-hidden=\"true\" class=\"wp-block-spacer\"><\/div>\n\n\n\n<h2 class=\"wp-block-heading\">Recursos que ofrece la biblioteca<\/h2>\n\n\n\n<ul class=\"wp-block-list\">\n<li>Asesoramiento actualizado de material de lectura para trabajar en el aula.<\/li>\n\n\n\n<li>Informaci\u00f3n del material de archivo disponible.<\/li>\n\n\n\n<li>Recorrido mediado para conocer distintos rincones de la biblioteca.<\/li>\n\n\n\n<li>Material did\u00e1ctico y l\u00fadico para incentivar la lectura.<\/li>\n\n\n\n<li>Material accesible para trabajar la comprensi\u00f3n lectora y despertar el inter\u00e9s.<\/li>\n\n\n\n<li>Acompa\u00f1amiento para asociarse a la instituci\u00f3n.<\/li>\n\n\n\n<li>Asesoramiento para construir una mini-biblioteca, un peque\u00f1o archivo de hemeroteca en la escuela o un dispositivo lector.<\/li>\n\n\n\n<li>Pr\u00e9stamo de colecciones especializadas.<\/li>\n\n\n\n<li>Espacios f\u00edsicos dise\u00f1ados para disfrutar de la lectura. Accesibles, c\u00e1lidos y c\u00f3modos.<\/li>\n\n\n\n<li>Acceso a internet mediante Wi-Fi gratuito.<\/li>\n\n\n\n<li>Salas c\u00f3modas para leer.<\/li>\n\n\n\n<li>Espacios climatizados.<\/li>\n\n\n\n<li>Material hist\u00f3rico de la biblioteca.<\/li>\n\n\n\n<li>Audio cuentos.<\/li>\n<\/ul>\n\n\n\n<h2 class=\"wp-block-heading\">Trayectoria de la experiencia<\/h2>\n\n\n\n<p><strong>1\u00b0 instancia:<\/strong> jornada de capacitaci\u00f3n.<\/p>\n\n\n\n<p><strong>2\u00b0 instancia:<\/strong> recorrido guiado.<\/p>\n\n\n\n<p><strong>3\u00b0 instancia sugerida:<\/strong> construcci\u00f3n de proyecto de lectura para el \u00e1mbito donde se encuentran.<\/p>\n\n\n\n<p><strong>4\u00b0 instancia:<\/strong> Encuentro para realizar una puesta en com\u00fan de los proyectos.<\/p>\n\n\n\n<h2 class=\"wp-block-heading\">M\u00e1s informaci\u00f3n<\/h2>\n\n\n\n<p><strong>1\u00b0 encuentro:<\/strong> presentaci\u00f3n y capacitaci\u00f3n.<\/p>\n\n\n\n<p><strong>2\u00b0 encuentro: <\/strong>el d\u00eda agendado para la visita.<\/p>\n\n\n\n<p><strong>3\u00b0 encuentro: <\/strong>puesta en com\u00fan de la experiencia y los proyectos elaborados entre los diferentes grupos que participaron (en el mes de septiembre).<\/p>\n\n\n\n<p>Quienes se inscriban deber\u00e1n cumplir con los requisitos solicitados, sin excepci\u00f3n ya que el cupo es limitado.<\/p>\n\n\n\n<p><strong>Para consultas comun\u00edquese directamente v\u00eda correo electr\u00f3nico escribiendo a <\/strong><a href=\"mailto:proyectobibliotecaargentina@biblioargentina.gob.ar\" data-type=\"mailto\" data-id=\"mailto:proyectobibliotecaargentina@biblioargentina.gob.ar\">proyectobibliotecaargentina@biblioargentina.gob.ar<\/a>.<\/p>\n\n\n\n<p><strong>Actividad gratuita.<\/strong><\/p>\n\n\n\n<p><strong>INGRESOS Y ACCESIBILIDAD<br><\/strong>Presidente Roca 731. Entrada con elevador.<br>Pasaje Doctor \u00c1lvarez 1550. Entrada con rampa.<br>Santa Fe 1553. El ingreso es por escalera.<\/p>\n\n\n\n<p>En el siguiente enlace se encuentra m\u00e1s informaci\u00f3n sobre&nbsp;<a href=\"https:\/\/biblioargentina.gob.ar\/web\/accesibilidad\/\"><strong>Accesibilidad<\/strong><\/a>.<\/p>\n","protected":false},"excerpt":{"rendered":"<p>Una propuesta destinada a grupos escolares de nivel inicial y primario, que junto a sus docentes y\/o bibliotecarias\/os, se encuentren [&hellip;]<\/p>\n","protected":false},"author":5,"featured_media":0,"parent":0,"menu_order":0,"comment_status":"open","ping_status":"closed","template":"","meta":{"site-sidebar-layout":"default","site-content-layout":"","ast-site-content-layout":"default","site-content-style":"default","site-sidebar-style":"default","ast-global-header-display":"","ast-banner-title-visibility":"","ast-main-header-display":"","ast-hfb-above-header-display":"","ast-hfb-below-header-display":"","ast-hfb-mobile-header-display":"","site-post-title":"","ast-breadcrumbs-content":"","ast-featured-img":"","footer-sml-layout":"","ast-disable-related-posts":"","theme-transparent-header-meta":"","adv-header-id-meta":"","stick-header-meta":"","header-above-stick-meta":"","header-main-stick-meta":"","header-below-stick-meta":"","astra-migrate-meta-layouts":"default","ast-page-background-enabled":"default","ast-page-background-meta":{"desktop":{"background-color":"var(--ast-global-color-4)","background-image":"","background-repeat":"repeat","background-position":"center center","background-size":"auto","background-attachment":"scroll","background-type":"","background-media":"","overlay-type":"","overlay-color":"","overlay-opacity":"","overlay-gradient":""},"tablet":{"background-color":"","background-image":"","background-repeat":"repeat","background-position":"center center","background-size":"auto","background-attachment":"scroll","background-type":"","background-media":"","overlay-type":"","overlay-color":"","overlay-opacity":"","overlay-gradient":""},"mobile":{"background-color":"","background-image":"","background-repeat":"repeat","background-position":"center center","background-size":"auto","background-attachment":"scroll","background-type":"","background-media":"","overlay-type":"","overlay-color":"","overlay-opacity":"","overlay-gradient":""}},"ast-content-background-meta":{"desktop":{"background-color":"var(--ast-global-color-5)","background-image":"","background-repeat":"repeat","background-position":"center center","background-size":"auto","background-attachment":"scroll","background-type":"","background-media":"","overlay-type":"","overlay-color":"","overlay-opacity":"","overlay-gradient":""},"tablet":{"background-color":"var(--ast-global-color-5)","background-image":"","background-repeat":"repeat","background-position":"center center","background-size":"auto","background-attachment":"scroll","background-type":"","background-media":"","overlay-type":"","overlay-color":"","overlay-opacity":"","overlay-gradient":""},"mobile":{"background-color":"var(--ast-global-color-5)","background-image":"","background-repeat":"repeat","background-position":"center center","background-size":"auto","background-attachment":"scroll","background-type":"","background-media":"","overlay-type":"","overlay-color":"","overlay-opacity":"","overlay-gradient":""}},"footnotes":""},"class_list":["post-22422","page","type-page","status-publish","hentry"],"_links":{"self":[{"href":"https:\/\/biblioargentina.gob.ar\/web\/wp-json\/wp\/v2\/pages\/22422","targetHints":{"allow":["GET"]}}],"collection":[{"href":"https:\/\/biblioargentina.gob.ar\/web\/wp-json\/wp\/v2\/pages"}],"about":[{"href":"https:\/\/biblioargentina.gob.ar\/web\/wp-json\/wp\/v2\/types\/page"}],"author":[{"embeddable":true,"href":"https:\/\/biblioargentina.gob.ar\/web\/wp-json\/wp\/v2\/users\/5"}],"replies":[{"embeddable":true,"href":"https:\/\/biblioargentina.gob.ar\/web\/wp-json\/wp\/v2\/comments?post=22422"}],"version-history":[{"count":17,"href":"https:\/\/biblioargentina.gob.ar\/web\/wp-json\/wp\/v2\/pages\/22422\/revisions"}],"predecessor-version":[{"id":22529,"href":"https:\/\/biblioargentina.gob.ar\/web\/wp-json\/wp\/v2\/pages\/22422\/revisions\/22529"}],"wp:attachment":[{"href":"https:\/\/biblioargentina.gob.ar\/web\/wp-json\/wp\/v2\/media?parent=22422"}],"curies":[{"name":"wp","href":"https:\/\/api.w.org\/{rel}","templated":true}]}}