{"id":21999,"date":"2026-02-23T12:59:52","date_gmt":"2026-02-23T12:59:52","guid":{"rendered":"https:\/\/biblioargentina.gob.ar\/web\/?page_id=21999"},"modified":"2026-05-04T10:29:05","modified_gmt":"2026-05-04T10:29:05","slug":"taller-literario-palabras-cruzadas","status":"publish","type":"page","link":"https:\/\/biblioargentina.gob.ar\/web\/taller-literario-palabras-cruzadas\/","title":{"rendered":"Taller literario \u00abPalabras Cruzadas\u00bb"},"content":{"rendered":"\n<div class=\"wp-block-media-text is-stacked-on-mobile is-vertically-aligned-top\"><figure class=\"wp-block-media-text__media\"><img loading=\"lazy\" decoding=\"async\" width=\"400\" height=\"289\" src=\"https:\/\/biblioargentina.gob.ar\/web\/wp-content\/uploads\/2026\/04\/Taller-literario-Palabras-Cruzadas.-9-de-mayo.png\" alt=\"\" class=\"wp-image-22571 size-full\" srcset=\"https:\/\/biblioargentina.gob.ar\/web\/wp-content\/uploads\/2026\/04\/Taller-literario-Palabras-Cruzadas.-9-de-mayo.png 400w, https:\/\/biblioargentina.gob.ar\/web\/wp-content\/uploads\/2026\/04\/Taller-literario-Palabras-Cruzadas.-9-de-mayo-300x217.png 300w\" sizes=\"auto, (max-width: 400px) 100vw, 400px\" \/><\/figure><div class=\"wp-block-media-text__content\">\n<p>Un ciclo de encuentros en la <a href=\"https:\/\/biblioargentina.gob.ar\/web\/la-casa-imaginada\/\" data-type=\"link\" data-id=\"https:\/\/biblioargentina.gob.ar\/web\/la-casa-imaginada\/\">Casa Imaginada<\/a>: un lugar l\u00fadico y creativo para que las infancias transformen sus ideas en relatos inolvidables.<\/p>\n<\/div><\/div>\n\n\n\n<div style=\"height:30px\" aria-hidden=\"true\" class=\"wp-block-spacer\"><\/div>\n\n\n\n<h2 class=\"wp-block-heading\">Coordina<\/h2>\n\n\n\n<p>Gabriela Gervasoni.<\/p>\n\n\n\n<h2 class=\"wp-block-heading\">Pr\u00f3ximo encuentro<\/h2>\n\n\n\n<p>S\u00e1bado 9 de mayo, de 10:30 a 12:30 h (segundo encuentro).<\/p>\n\n\n\n<h2 class=\"wp-block-heading\">Destinado a<\/h2>\n\n\n\n<p>Infancias. Ni\u00f1as y ni\u00f1os de entre 7 y 12 a\u00f1os con inter\u00e9s en la lectoescritura.<\/p>\n\n\n\n<h2 class=\"wp-block-heading\">Cupo<\/h2>\n\n\n\n<p>Quince (15) personas.<\/p>\n\n\n\n<h2 class=\"wp-block-heading\">Lugar<\/h2>\n\n\n\n<p><a href=\"https:\/\/biblioargentina.gob.ar\/web\/la-casa-imaginada\/\" data-type=\"link\" data-id=\"https:\/\/biblioargentina.gob.ar\/web\/la-casa-imaginada\/\">Casa Imaginada<\/a> (ingreso por calle Santa Fe 1553).<\/p>\n\n\n\n<div style=\"height:30px\" aria-hidden=\"true\" class=\"wp-block-spacer\"><\/div>\n\n\n\n<div class=\"wp-block-buttons is-content-justification-center is-layout-flex wp-container-core-buttons-is-layout-a89b3969 wp-block-buttons-is-layout-flex\">\n<div class=\"wp-block-button has-custom-width wp-block-button__width-50\"><a class=\"wp-block-button__link has-text-align-center wp-element-button\" href=\"https:\/\/www.rosario.gob.ar\/inicio\/webform\/taller_literario_palabras_cruzad\">Inscribirse<\/a><\/div>\n<\/div>\n\n\n\n<div style=\"height:30px\" aria-hidden=\"true\" class=\"wp-block-spacer\"><\/div>\n\n\n\n<h2 class=\"wp-block-heading\">Consultas<\/h2>\n\n\n\n<p>V\u00eda direcci\u00f3n de correo electr\u00f3nico:&nbsp;<a href=\"mailto:gervasonigabriela@gmail.com\" data-type=\"mailto\" data-id=\"mailto:gervasonigabriela@gmail.com\">gervasonigabriela@gmail.com<\/a>. Y al n\u00famero de tel\u00e9fono: 3415791165.<\/p>\n\n\n\n<p>Siguientes cuatro (4) encuentros:<\/p>\n\n\n\n<ul class=\"wp-block-list\">\n<li>9 de mayo.<\/li>\n\n\n\n<li>18 de julio.<\/li>\n\n\n\n<li>5 de septiembre.<\/li>\n\n\n\n<li>7 de noviembre.<\/li>\n<\/ul>\n\n\n\n<div style=\"height:30px\" aria-hidden=\"true\" class=\"wp-block-spacer\"><\/div>\n\n\n\n<p><strong>INGRESOS Y ACCESIBILIDAD<br><\/strong>Presidente Roca 731. Entrada con elevador.<br>Pasaje Doctor \u00c1lvarez 1550. Entrada con rampa.<br>Santa Fe 1553. El ingreso es por escalera.<\/p>\n\n\n\n<p>En el siguiente enlace se encuentra m\u00e1s informaci\u00f3n sobre&nbsp;<a href=\"https:\/\/biblioargentina.gob.ar\/web\/accesibilidad\/\"><strong>accesibilidad en la Biblioteca Argentina<\/strong><\/a>.<\/p>\n","protected":false},"excerpt":{"rendered":"<p>Un ciclo de encuentros en la Casa Imaginada: un lugar l\u00fadico y creativo para que las infancias transformen sus ideas [&hellip;]<\/p>\n","protected":false},"author":5,"featured_media":0,"parent":0,"menu_order":0,"comment_status":"open","ping_status":"closed","template":"","meta":{"site-sidebar-layout":"default","site-content-layout":"","ast-site-content-layout":"default","site-content-style":"default","site-sidebar-style":"default","ast-global-header-display":"","ast-banner-title-visibility":"","ast-main-header-display":"","ast-hfb-above-header-display":"","ast-hfb-below-header-display":"","ast-hfb-mobile-header-display":"","site-post-title":"","ast-breadcrumbs-content":"","ast-featured-img":"","footer-sml-layout":"","ast-disable-related-posts":"","theme-transparent-header-meta":"","adv-header-id-meta":"","stick-header-meta":"","header-above-stick-meta":"","header-main-stick-meta":"","header-below-stick-meta":"","astra-migrate-meta-layouts":"default","ast-page-background-enabled":"default","ast-page-background-meta":{"desktop":{"background-color":"var(--ast-global-color-4)","background-image":"","background-repeat":"repeat","background-position":"center center","background-size":"auto","background-attachment":"scroll","background-type":"","background-media":"","overlay-type":"","overlay-color":"","overlay-opacity":"","overlay-gradient":""},"tablet":{"background-color":"","background-image":"","background-repeat":"repeat","background-position":"center center","background-size":"auto","background-attachment":"scroll","background-type":"","background-media":"","overlay-type":"","overlay-color":"","overlay-opacity":"","overlay-gradient":""},"mobile":{"background-color":"","background-image":"","background-repeat":"repeat","background-position":"center center","background-size":"auto","background-attachment":"scroll","background-type":"","background-media":"","overlay-type":"","overlay-color":"","overlay-opacity":"","overlay-gradient":""}},"ast-content-background-meta":{"desktop":{"background-color":"var(--ast-global-color-5)","background-image":"","background-repeat":"repeat","background-position":"center center","background-size":"auto","background-attachment":"scroll","background-type":"","background-media":"","overlay-type":"","overlay-color":"","overlay-opacity":"","overlay-gradient":""},"tablet":{"background-color":"var(--ast-global-color-5)","background-image":"","background-repeat":"repeat","background-position":"center center","background-size":"auto","background-attachment":"scroll","background-type":"","background-media":"","overlay-type":"","overlay-color":"","overlay-opacity":"","overlay-gradient":""},"mobile":{"background-color":"var(--ast-global-color-5)","background-image":"","background-repeat":"repeat","background-position":"center center","background-size":"auto","background-attachment":"scroll","background-type":"","background-media":"","overlay-type":"","overlay-color":"","overlay-opacity":"","overlay-gradient":""}},"footnotes":""},"class_list":["post-21999","page","type-page","status-publish","hentry"],"_links":{"self":[{"href":"https:\/\/biblioargentina.gob.ar\/web\/wp-json\/wp\/v2\/pages\/21999","targetHints":{"allow":["GET"]}}],"collection":[{"href":"https:\/\/biblioargentina.gob.ar\/web\/wp-json\/wp\/v2\/pages"}],"about":[{"href":"https:\/\/biblioargentina.gob.ar\/web\/wp-json\/wp\/v2\/types\/page"}],"author":[{"embeddable":true,"href":"https:\/\/biblioargentina.gob.ar\/web\/wp-json\/wp\/v2\/users\/5"}],"replies":[{"embeddable":true,"href":"https:\/\/biblioargentina.gob.ar\/web\/wp-json\/wp\/v2\/comments?post=21999"}],"version-history":[{"count":18,"href":"https:\/\/biblioargentina.gob.ar\/web\/wp-json\/wp\/v2\/pages\/21999\/revisions"}],"predecessor-version":[{"id":22654,"href":"https:\/\/biblioargentina.gob.ar\/web\/wp-json\/wp\/v2\/pages\/21999\/revisions\/22654"}],"wp:attachment":[{"href":"https:\/\/biblioargentina.gob.ar\/web\/wp-json\/wp\/v2\/media?parent=21999"}],"curies":[{"name":"wp","href":"https:\/\/api.w.org\/{rel}","templated":true}]}}