{"id":18165,"date":"2024-08-02T11:34:18","date_gmt":"2024-08-02T11:34:18","guid":{"rendered":"https:\/\/biblioargentina.gob.ar\/web\/?page_id=18165"},"modified":"2024-08-02T11:38:20","modified_gmt":"2024-08-02T11:38:20","slug":"fotografia-y-memoria-conversaciones-con-eduardo-longoni-de-alberto-del-catillo-troncoso","status":"publish","type":"page","link":"https:\/\/biblioargentina.gob.ar\/web\/fotografia-y-memoria-conversaciones-con-eduardo-longoni-de-alberto-del-catillo-troncoso\/","title":{"rendered":"Fotograf\u00eda y memoria, conversaciones con Eduardo Longoni,\u00a0de Alberto del Catillo Troncoso\u00a0"},"content":{"rendered":"<p><img loading=\"lazy\" decoding=\"async\" width=\"400\" height=\"289\" src=\"https:\/\/biblioargentina.gob.ar\/web\/wp-content\/uploads\/2024\/08\/Imagen-para-resenas-Fotografia-y-memoria-conversaciones-con-Eduardo-Longoni-de-Alberto-del-Catillo-Troncoso.png\" alt=\"\" srcset=\"https:\/\/biblioargentina.gob.ar\/web\/wp-content\/uploads\/2024\/08\/Imagen-para-resenas-Fotografia-y-memoria-conversaciones-con-Eduardo-Longoni-de-Alberto-del-Catillo-Troncoso.png 400w, https:\/\/biblioargentina.gob.ar\/web\/wp-content\/uploads\/2024\/08\/Imagen-para-resenas-Fotografia-y-memoria-conversaciones-con-Eduardo-Longoni-de-Alberto-del-Catillo-Troncoso-300x217.png 300w\" sizes=\"auto, (max-width: 400px) 100vw, 400px\" \/>\t\t\t\t\t\t\t\t\t\t\t\t\t<\/p>\n<p><b><strong>Rese\u00f1a de Daiana Gatti.<\/strong><\/b><\/p>\n<p>\u201cEl tema central de este libro se refiere al rescate del testimonio oral de Eduardo Longoni en torno a su trayectoria profesional y la interpelaci\u00f3n de este relato a partir de las propias fotograf\u00edas de autor\u201d.<\/p>\n<p>Alberto del Castillo Troncoso (mexicano, historiador e investigador) es quien recorre la obra de Eduardo Longoni, una figura destacada en el periodismo gr\u00e1fico argentino, y juntos recobran una parte de la historia del pa\u00eds.\u00a0<\/p>\n<p>Este libro hace \u00e9nfasis en la memoria colectiva Argentina. Va a narrar,\u00a0 principalmente con im\u00e1genes y tambi\u00e9n con textos, distintos momentos pol\u00edticos y sociales que marcaron nuestra historia, como por ejemplo, la dictadura c\u00edvico militar de 1976, el regreso de la democracia, movilizaciones sociales, crisis pol\u00edticas y la importancia de reivindicar los derechos humanos, entre otros temas.<\/p>\n<p>A lo largo del relato, vamos a poder descubrir el testimonio oral y visual de Eduardo Longoni. \u201cla trayectoria de este profesional lo ha llevado a navegar en las aguas del fotoperiodismo\u00a0 a la creaci\u00f3n de sus propios ensayos fotogr\u00e1ficos, esfuerzo que ha plasmado en distintos libros\u201d.\u00a0\u00a0<\/p>\n<p>El reconocido trabajo de Longoni lo llev\u00f3 a pensarse m\u00e1s all\u00e1 de una agencia o un diario e ir por recopilar sus fotograf\u00edas y lo logr\u00f3, empezando por retratar a Ernesto S\u00e1bato, lo cual fue todo un desaf\u00edo. \u201cen el terreno de la expresi\u00f3n literaria destacan sus di\u00e1logos con los escritores Ernesto Sabato y Mario Benedetti, que lo llevaron a publicar un libro con el primero y dos con el segundo. La historia de la edici\u00f3n de estas dos obras nos permiten acercarnos a la evoluci\u00f3n de la mirada fotogr\u00e1fica del autor y a su consolidaci\u00f3n como editor de im\u00e1genes\u201d.<\/p>\n<p>Las fotograf\u00edas que sac\u00f3 Eduardo Longoni, ten\u00eda impregnada una marca de agua de militancia, y a esto lo vemos no solo en sus im\u00e1genes, sino tambi\u00e9n en unos de los testimonios que aparece en este libro y es de Nora Corti\u00f1as:\u00a0 \u201c el rol de los fot\u00f3grafos ayud\u00f3 totalmente para la denuncia cuando no se pod\u00eda poner en letras lo que el hecho representaba\u201d.<\/p>\n<p>Este libro que habla propiamente del ejercicio del fotoperiodismo, nos invita a pensar que \u201cel uso editorial de la fotograf\u00eda no representa un simple retorno al pasado, sino que implica la postulaci\u00f3n\u00a0 de un proyecto de futuro para la memoria construida a partir del presente\u201d.<\/p>\n<p><strong>T\u00edtulo:<\/strong> Fotograf\u00eda y memoria, conversaciones con Eduardo Longoni.<b>\u00a0<\/b><\/p>\n<p><strong>Autor:<\/strong> Alberto del Castillo Troncoso.<\/p>\n<p><strong>Editorial:<\/strong> Fondo de Cultura Econ\u00f3mica, Buenos Aires, 2017.<\/p>\n<p><strong>P\u00e1ginas:<\/strong> 300.<\/p>\n","protected":false},"excerpt":{"rendered":"<p>Rese\u00f1a de Daiana Gatti. \u201cEl tema central de este libro se refiere al rescate del testimonio oral de Eduardo Longoni [&hellip;]<\/p>\n","protected":false},"author":5,"featured_media":0,"parent":0,"menu_order":0,"comment_status":"closed","ping_status":"closed","template":"","meta":{"site-sidebar-layout":"no-sidebar","site-content-layout":"","ast-site-content-layout":"full-width-container","site-content-style":"default","site-sidebar-style":"default","ast-global-header-display":"","ast-banner-title-visibility":"","ast-main-header-display":"","ast-hfb-above-header-display":"","ast-hfb-below-header-display":"","ast-hfb-mobile-header-display":"","site-post-title":"","ast-breadcrumbs-content":"","ast-featured-img":"disabled","footer-sml-layout":"","ast-disable-related-posts":"","theme-transparent-header-meta":"","adv-header-id-meta":"","stick-header-meta":"","header-above-stick-meta":"","header-main-stick-meta":"","header-below-stick-meta":"","astra-migrate-meta-layouts":"default","ast-page-background-enabled":"default","ast-page-background-meta":{"desktop":{"background-color":"var(--ast-global-color-4)","background-image":"","background-repeat":"repeat","background-position":"center center","background-size":"auto","background-attachment":"scroll","background-type":"","background-media":"","overlay-type":"","overlay-color":"","overlay-opacity":"","overlay-gradient":""},"tablet":{"background-color":"","background-image":"","background-repeat":"repeat","background-position":"center center","background-size":"auto","background-attachment":"scroll","background-type":"","background-media":"","overlay-type":"","overlay-color":"","overlay-opacity":"","overlay-gradient":""},"mobile":{"background-color":"","background-image":"","background-repeat":"repeat","background-position":"center center","background-size":"auto","background-attachment":"scroll","background-type":"","background-media":"","overlay-type":"","overlay-color":"","overlay-opacity":"","overlay-gradient":""}},"ast-content-background-meta":{"desktop":{"background-color":"var(--ast-global-color-5)","background-image":"","background-repeat":"repeat","background-position":"center center","background-size":"auto","background-attachment":"scroll","background-type":"","background-media":"","overlay-type":"","overlay-color":"","overlay-opacity":"","overlay-gradient":""},"tablet":{"background-color":"var(--ast-global-color-5)","background-image":"","background-repeat":"repeat","background-position":"center center","background-size":"auto","background-attachment":"scroll","background-type":"","background-media":"","overlay-type":"","overlay-color":"","overlay-opacity":"","overlay-gradient":""},"mobile":{"background-color":"var(--ast-global-color-5)","background-image":"","background-repeat":"repeat","background-position":"center center","background-size":"auto","background-attachment":"scroll","background-type":"","background-media":"","overlay-type":"","overlay-color":"","overlay-opacity":"","overlay-gradient":""}},"footnotes":""},"class_list":["post-18165","page","type-page","status-publish","hentry"],"_links":{"self":[{"href":"https:\/\/biblioargentina.gob.ar\/web\/wp-json\/wp\/v2\/pages\/18165","targetHints":{"allow":["GET"]}}],"collection":[{"href":"https:\/\/biblioargentina.gob.ar\/web\/wp-json\/wp\/v2\/pages"}],"about":[{"href":"https:\/\/biblioargentina.gob.ar\/web\/wp-json\/wp\/v2\/types\/page"}],"author":[{"embeddable":true,"href":"https:\/\/biblioargentina.gob.ar\/web\/wp-json\/wp\/v2\/users\/5"}],"replies":[{"embeddable":true,"href":"https:\/\/biblioargentina.gob.ar\/web\/wp-json\/wp\/v2\/comments?post=18165"}],"version-history":[{"count":6,"href":"https:\/\/biblioargentina.gob.ar\/web\/wp-json\/wp\/v2\/pages\/18165\/revisions"}],"predecessor-version":[{"id":18172,"href":"https:\/\/biblioargentina.gob.ar\/web\/wp-json\/wp\/v2\/pages\/18165\/revisions\/18172"}],"wp:attachment":[{"href":"https:\/\/biblioargentina.gob.ar\/web\/wp-json\/wp\/v2\/media?parent=18165"}],"curies":[{"name":"wp","href":"https:\/\/api.w.org\/{rel}","templated":true}]}}