{"id":18156,"date":"2024-08-02T10:58:04","date_gmt":"2024-08-02T10:58:04","guid":{"rendered":"https:\/\/biblioargentina.gob.ar\/web\/?page_id=18156"},"modified":"2024-08-15T11:33:09","modified_gmt":"2024-08-15T11:33:09","slug":"los-llanos-de-federico-falco","status":"publish","type":"page","link":"https:\/\/biblioargentina.gob.ar\/web\/los-llanos-de-federico-falco\/","title":{"rendered":"Los llanos, de Federico Falco"},"content":{"rendered":"<p><img loading=\"lazy\" decoding=\"async\" width=\"400\" height=\"289\" src=\"https:\/\/biblioargentina.gob.ar\/web\/wp-content\/uploads\/2024\/08\/Foto-de-Federico-Falco.png\" alt=\"Se observa la foto en blanco y negro de Federico Falco, un hombre con anteojos y barba.\" srcset=\"https:\/\/biblioargentina.gob.ar\/web\/wp-content\/uploads\/2024\/08\/Foto-de-Federico-Falco.png 400w, https:\/\/biblioargentina.gob.ar\/web\/wp-content\/uploads\/2024\/08\/Foto-de-Federico-Falco-300x217.png 300w\" sizes=\"auto, (max-width: 400px) 100vw, 400px\" \/>\t\t\t\t\t\t\t\t\t\t\t\t\t<\/p>\n<p><b><strong>Rese\u00f1a de Silvia Luchessi<\/strong>.<\/b><\/p>\n<p>Este relato result\u00f3 finalista del Premio Herralde de Novela, un galard\u00f3n literario concedido por la Editorial Anagrama de Barcelona.<\/p>\n<p>La novela, escrita en primera persona, est\u00e1 organizada en nueve cap\u00edtulos, cada uno de los cuales hace referencia a un mes del a\u00f1o. As\u00ed, se despliega la historia de un hombre que es escritor y que se encuentra desolado por la separaci\u00f3n con su pareja: Ciro. Para cicatrizar las heridas de esa ruptura decide ir a vivir a un campo en la provincia de Buenos Aires, como modo de transitar su crisis personal.<\/p>\n<p>\u201cPero en la p\u00e1gina escrita, un paisaje no es un paisaje sino la textura de las palabras con que se lo nombra, el universo que esas palabras crean\u201d. De esta manera, el texto nos acerca a la llanura, espacio que habita en este momento de desasosiego y a trav\u00e9s del que recupera im\u00e1genes de su infancia: \u201cM\u00e1s adelante, en una zona donde la tierra se volv\u00eda m\u00e1s dura, casi tosca, el camino sub\u00eda hasta correr a la misma altura del alambrado. Entonces aparec\u00eda, de pronto, espectacular, la llanura: chata, lisa, los cascotes de un potrero en barbecho, las ca\u00f1as de un maizal cortadas a veinte cent\u00edmetros del suelo, una tropa de vacas con la cabeza baja, husmeando de cerca los granos perdidos entre la paja y la tierra.\u201d<\/p>\n<p>Emprende la producci\u00f3n de una huerta, que va mutando conforme pasan los meses del a\u00f1o y que testimonia, de alguna manera, el proceso personal que vive el narrador: \u201cMe repito una y otra vez que hay un tiempo para cada cosa. Un tiempo para la siembra. Un tiempo para la cosecha. Un tiempo para la llovizna. Un tiempo para la sequ\u00eda. Un tiempo para aprender a esperar el paso del tiempo\u201d. El acontecer de la huerta a lo largo de los meses puede interpretarse como una met\u00e1fora de sus emociones.<\/p>\n<p>Integra de una manera muy apropiada los recuerdos de su infancia en su pueblo de origen (General Cabrera, C\u00f3rdoba), y las vivencias en el campo de sus abuelos. Tambi\u00e9n comparte citas de algunos escritores para dilucidar algunos interrogantes sobre la escritura. Adem\u00e1s, describe el v\u00ednculo con algunas personas del presente que vive.<\/p>\n<p>El lector puede percibir la proximidad al entorno rural y a los quehaceres cotidianos en el mismo por la elecci\u00f3n acertada en la sonoridad de las palabras: \u201cCavar, puntear, arrancar yuyos, abrir surcos, llevar carretillas de tierra de un lugar a otro, buscar ramas para proteger el sembrado, poner redes, ir al ca\u00f1averal a cortar ca\u00f1as. Regar, regar, volver a puntear, volver a cavar, armar otro cantero\u201d. La escritura logra una atm\u00f3sfera que cautiva al lector produciendo un efecto indiscutible, como si se estuviese visualizando una secuencia fotogr\u00e1fica.<\/p>\n<p>\u201cAl fin y al cabo no somos m\u00e1s que personajes en busca de una trama que le d\u00e9 sentido a la historia, tratando de identificar la narrativa en la que estamos inmersos, de asegurarnos, desde ahora, de que el final va a ser feliz, o por lo menos, o por lo menos, digno.\u201d<\/p>\n<p><b>T\u00edtulo:<\/b> Los llanos.<\/p>\n<p><b>Autor:<\/b> Federico Falco<\/p>\n<p><b>Editor:<\/b> Barcelona: Anagrama, 2020.<\/p>\n<p><b>P\u00e1ginas:<\/b> 234.<\/p>\n","protected":false},"excerpt":{"rendered":"<p>Rese\u00f1a de Silvia Luchessi. Este relato result\u00f3 finalista del Premio Herralde de Novela, un galard\u00f3n literario concedido por la Editorial [&hellip;]<\/p>\n","protected":false},"author":5,"featured_media":0,"parent":0,"menu_order":0,"comment_status":"closed","ping_status":"closed","template":"","meta":{"site-sidebar-layout":"no-sidebar","site-content-layout":"","ast-site-content-layout":"full-width-container","site-content-style":"default","site-sidebar-style":"default","ast-global-header-display":"","ast-banner-title-visibility":"","ast-main-header-display":"","ast-hfb-above-header-display":"","ast-hfb-below-header-display":"","ast-hfb-mobile-header-display":"","site-post-title":"","ast-breadcrumbs-content":"","ast-featured-img":"disabled","footer-sml-layout":"","ast-disable-related-posts":"","theme-transparent-header-meta":"","adv-header-id-meta":"","stick-header-meta":"","header-above-stick-meta":"","header-main-stick-meta":"","header-below-stick-meta":"","astra-migrate-meta-layouts":"default","ast-page-background-enabled":"default","ast-page-background-meta":{"desktop":{"background-color":"var(--ast-global-color-4)","background-image":"","background-repeat":"repeat","background-position":"center center","background-size":"auto","background-attachment":"scroll","background-type":"","background-media":"","overlay-type":"","overlay-color":"","overlay-opacity":"","overlay-gradient":""},"tablet":{"background-color":"","background-image":"","background-repeat":"repeat","background-position":"center center","background-size":"auto","background-attachment":"scroll","background-type":"","background-media":"","overlay-type":"","overlay-color":"","overlay-opacity":"","overlay-gradient":""},"mobile":{"background-color":"","background-image":"","background-repeat":"repeat","background-position":"center center","background-size":"auto","background-attachment":"scroll","background-type":"","background-media":"","overlay-type":"","overlay-color":"","overlay-opacity":"","overlay-gradient":""}},"ast-content-background-meta":{"desktop":{"background-color":"var(--ast-global-color-5)","background-image":"","background-repeat":"repeat","background-position":"center center","background-size":"auto","background-attachment":"scroll","background-type":"","background-media":"","overlay-type":"","overlay-color":"","overlay-opacity":"","overlay-gradient":""},"tablet":{"background-color":"var(--ast-global-color-5)","background-image":"","background-repeat":"repeat","background-position":"center center","background-size":"auto","background-attachment":"scroll","background-type":"","background-media":"","overlay-type":"","overlay-color":"","overlay-opacity":"","overlay-gradient":""},"mobile":{"background-color":"var(--ast-global-color-5)","background-image":"","background-repeat":"repeat","background-position":"center center","background-size":"auto","background-attachment":"scroll","background-type":"","background-media":"","overlay-type":"","overlay-color":"","overlay-opacity":"","overlay-gradient":""}},"footnotes":""},"class_list":["post-18156","page","type-page","status-publish","hentry"],"_links":{"self":[{"href":"https:\/\/biblioargentina.gob.ar\/web\/wp-json\/wp\/v2\/pages\/18156","targetHints":{"allow":["GET"]}}],"collection":[{"href":"https:\/\/biblioargentina.gob.ar\/web\/wp-json\/wp\/v2\/pages"}],"about":[{"href":"https:\/\/biblioargentina.gob.ar\/web\/wp-json\/wp\/v2\/types\/page"}],"author":[{"embeddable":true,"href":"https:\/\/biblioargentina.gob.ar\/web\/wp-json\/wp\/v2\/users\/5"}],"replies":[{"embeddable":true,"href":"https:\/\/biblioargentina.gob.ar\/web\/wp-json\/wp\/v2\/comments?post=18156"}],"version-history":[{"count":8,"href":"https:\/\/biblioargentina.gob.ar\/web\/wp-json\/wp\/v2\/pages\/18156\/revisions"}],"predecessor-version":[{"id":18281,"href":"https:\/\/biblioargentina.gob.ar\/web\/wp-json\/wp\/v2\/pages\/18156\/revisions\/18281"}],"wp:attachment":[{"href":"https:\/\/biblioargentina.gob.ar\/web\/wp-json\/wp\/v2\/media?parent=18156"}],"curies":[{"name":"wp","href":"https:\/\/api.w.org\/{rel}","templated":true}]}}