{"id":18145,"date":"2024-08-02T10:35:13","date_gmt":"2024-08-02T10:35:13","guid":{"rendered":"https:\/\/biblioargentina.gob.ar\/web\/?page_id=18145"},"modified":"2024-08-02T10:38:14","modified_gmt":"2024-08-02T10:38:14","slug":"efectos-personales-de-marina-mariasch","status":"publish","type":"page","link":"https:\/\/biblioargentina.gob.ar\/web\/efectos-personales-de-marina-mariasch\/","title":{"rendered":"Efectos personales, de Marina Mariasch\u00a0"},"content":{"rendered":"<p><img loading=\"lazy\" decoding=\"async\" width=\"400\" height=\"289\" src=\"https:\/\/biblioargentina.gob.ar\/web\/wp-content\/uploads\/2024\/08\/Imagen-para-resenas-foto-tapa-del-libro-Efectos-personales-de-Marina-Mariasch.png\" alt=\"\" srcset=\"https:\/\/biblioargentina.gob.ar\/web\/wp-content\/uploads\/2024\/08\/Imagen-para-resenas-foto-tapa-del-libro-Efectos-personales-de-Marina-Mariasch.png 400w, https:\/\/biblioargentina.gob.ar\/web\/wp-content\/uploads\/2024\/08\/Imagen-para-resenas-foto-tapa-del-libro-Efectos-personales-de-Marina-Mariasch-300x217.png 300w\" sizes=\"auto, (max-width: 400px) 100vw, 400px\" \/>\t\t\t\t\t\t\t\t\t\t\t\t\t<\/p>\n<p><b><strong>Rese\u00f1a de <\/strong><\/b><strong>Jesica Villarreal.<\/strong><\/p>\n<p>Marina Mariasch es Licenciada en letras, poeta, narradora, periodista, editora, docente y militante feminista.\u00a0 <i>Efectos personales<\/i>, publicado en junio del 2022, es una obra autobiogr\u00e1fica, donde la autora narra la experiencia personal y desgarradora en torno al suicidio de su madre, a\u00f1os atr\u00e1s.\u00a0\u00a0<\/p>\n<p><i>\u00ab&#8230;mam\u00e1 se quiso sacar de encima el amor y como no pudo se sac\u00f3 de encima el mundo\u00bb<\/i>\u00a0<\/p>\n<p>Con un lenguaje filoso y amoroso al mismo tiempo, Mariasch evoca la profundidad de un hecho que dispara much\u00edsimas preguntas acerca de la vida y la muerte, sumergi\u00e9ndonos en el entramado de emociones que despierta la exploraci\u00f3n que realiza sobre la condici\u00f3n de la mujer, el amor, el desamor, la maternidad, el duelo, el trauma y la b\u00fasqueda de un sentido frente al suicidio.\u00a0<\/p>\n<p><i>\u00ab\u00bfQui\u00e9n no quiere abrigarse bajo el manto suave del sentido? El sentido nos tranquiliza, organiza el pensamiento y tambi\u00e9n, de alg\u00fan modo, el deseo. Metemos la experiencia, la desesperaci\u00f3n, el dolor incluso la euforia, en una cajita y nos sentimos en control.<\/i>\u00a0<\/p>\n<p><i>Le damos sentido a algo como quien le saca brillo a un mueble, lo toca con la varita m\u00e1gica y ahora s\u00ed lo puede nombrar, poner en palabras. Pero el sentido se escurre, resbala, como un jab\u00f3n: la manta queda corta, no abraza.<\/i>\u00a0<\/p>\n<p><i>Tejemos la manta del sentido con las dos agujas del lenguaje, la de las unidades ling\u00fc\u00edsticas, y la de sus combinaciones. Ese tejido arma un tapiz que hila sus propias hebras doradas y entre ellas hace nacer misterios amables, melanc\u00f3licos y lujuriosos, turbios de dolor y esplendores. Pero la trama del tejido nos devuelve tambi\u00e9n a veces dudas y deconstrucciones. El propio sentido teje una manta cargada de emociones\u00bb <\/i>.<\/p>\n<p>La autora nos cuenta c\u00f3mo lo misterioso e inexplicable se hace presente en el intento de poner en palabras las piezas de un rompecabezas que no termina de armarse. El cimbronazo de la p\u00e9rdida y la elaboraci\u00f3n del duelo trazan una l\u00ednea donde el lenguaje se desarticula y no es posible nombrar algunas cosas.\u00a0<\/p>\n<p><strong>T\u00edtulo: <\/strong>Efectos personales.<\/p>\n<p><strong>Autor:<\/strong> Marina Mariasch.<\/p>\n<p><strong>Editorial:<\/strong> Emec\u00e9, Buenos Aires, 2022.<\/p>\n<p><strong>P\u00e1ginas:<\/strong> 239.<\/p>\n","protected":false},"excerpt":{"rendered":"<p>Rese\u00f1a de Jesica Villarreal. Marina Mariasch es Licenciada en letras, poeta, narradora, periodista, editora, docente y militante feminista.\u00a0 Efectos personales, [&hellip;]<\/p>\n","protected":false},"author":5,"featured_media":0,"parent":0,"menu_order":0,"comment_status":"closed","ping_status":"closed","template":"","meta":{"site-sidebar-layout":"no-sidebar","site-content-layout":"","ast-site-content-layout":"full-width-container","site-content-style":"default","site-sidebar-style":"default","ast-global-header-display":"","ast-banner-title-visibility":"","ast-main-header-display":"","ast-hfb-above-header-display":"","ast-hfb-below-header-display":"","ast-hfb-mobile-header-display":"","site-post-title":"","ast-breadcrumbs-content":"","ast-featured-img":"disabled","footer-sml-layout":"","ast-disable-related-posts":"","theme-transparent-header-meta":"","adv-header-id-meta":"","stick-header-meta":"","header-above-stick-meta":"","header-main-stick-meta":"","header-below-stick-meta":"","astra-migrate-meta-layouts":"default","ast-page-background-enabled":"default","ast-page-background-meta":{"desktop":{"background-color":"var(--ast-global-color-4)","background-image":"","background-repeat":"repeat","background-position":"center center","background-size":"auto","background-attachment":"scroll","background-type":"","background-media":"","overlay-type":"","overlay-color":"","overlay-opacity":"","overlay-gradient":""},"tablet":{"background-color":"","background-image":"","background-repeat":"repeat","background-position":"center center","background-size":"auto","background-attachment":"scroll","background-type":"","background-media":"","overlay-type":"","overlay-color":"","overlay-opacity":"","overlay-gradient":""},"mobile":{"background-color":"","background-image":"","background-repeat":"repeat","background-position":"center center","background-size":"auto","background-attachment":"scroll","background-type":"","background-media":"","overlay-type":"","overlay-color":"","overlay-opacity":"","overlay-gradient":""}},"ast-content-background-meta":{"desktop":{"background-color":"var(--ast-global-color-5)","background-image":"","background-repeat":"repeat","background-position":"center center","background-size":"auto","background-attachment":"scroll","background-type":"","background-media":"","overlay-type":"","overlay-color":"","overlay-opacity":"","overlay-gradient":""},"tablet":{"background-color":"var(--ast-global-color-5)","background-image":"","background-repeat":"repeat","background-position":"center center","background-size":"auto","background-attachment":"scroll","background-type":"","background-media":"","overlay-type":"","overlay-color":"","overlay-opacity":"","overlay-gradient":""},"mobile":{"background-color":"var(--ast-global-color-5)","background-image":"","background-repeat":"repeat","background-position":"center center","background-size":"auto","background-attachment":"scroll","background-type":"","background-media":"","overlay-type":"","overlay-color":"","overlay-opacity":"","overlay-gradient":""}},"footnotes":""},"class_list":["post-18145","page","type-page","status-publish","hentry"],"_links":{"self":[{"href":"https:\/\/biblioargentina.gob.ar\/web\/wp-json\/wp\/v2\/pages\/18145","targetHints":{"allow":["GET"]}}],"collection":[{"href":"https:\/\/biblioargentina.gob.ar\/web\/wp-json\/wp\/v2\/pages"}],"about":[{"href":"https:\/\/biblioargentina.gob.ar\/web\/wp-json\/wp\/v2\/types\/page"}],"author":[{"embeddable":true,"href":"https:\/\/biblioargentina.gob.ar\/web\/wp-json\/wp\/v2\/users\/5"}],"replies":[{"embeddable":true,"href":"https:\/\/biblioargentina.gob.ar\/web\/wp-json\/wp\/v2\/comments?post=18145"}],"version-history":[{"count":5,"href":"https:\/\/biblioargentina.gob.ar\/web\/wp-json\/wp\/v2\/pages\/18145\/revisions"}],"predecessor-version":[{"id":18151,"href":"https:\/\/biblioargentina.gob.ar\/web\/wp-json\/wp\/v2\/pages\/18145\/revisions\/18151"}],"wp:attachment":[{"href":"https:\/\/biblioargentina.gob.ar\/web\/wp-json\/wp\/v2\/media?parent=18145"}],"curies":[{"name":"wp","href":"https:\/\/api.w.org\/{rel}","templated":true}]}}