{"id":17949,"date":"2024-07-05T15:24:22","date_gmt":"2024-07-05T15:24:22","guid":{"rendered":"https:\/\/biblioargentina.gob.ar\/web\/?page_id=17949"},"modified":"2024-08-01T13:11:33","modified_gmt":"2024-08-01T13:11:33","slug":"las-doradas-manzanas-del-sol-de-ray-bradbury","status":"publish","type":"page","link":"https:\/\/biblioargentina.gob.ar\/web\/las-doradas-manzanas-del-sol-de-ray-bradbury\/","title":{"rendered":"Las doradas manzanas del sol, de Ray Bradbury"},"content":{"rendered":"<p><img loading=\"lazy\" decoding=\"async\" width=\"400\" height=\"289\" src=\"https:\/\/biblioargentina.gob.ar\/web\/wp-content\/uploads\/2024\/08\/Imagen-para-resenas-foto-de-Ray-Bradbury.png\" alt=\"\" srcset=\"https:\/\/biblioargentina.gob.ar\/web\/wp-content\/uploads\/2024\/08\/Imagen-para-resenas-foto-de-Ray-Bradbury.png 400w, https:\/\/biblioargentina.gob.ar\/web\/wp-content\/uploads\/2024\/08\/Imagen-para-resenas-foto-de-Ray-Bradbury-300x217.png 300w\" sizes=\"auto, (max-width: 400px) 100vw, 400px\" \/>\t\t\t\t\t\t\t\t\t\t\t\t\t<\/p>\n<p><b><strong>Rese\u00f1a de Liliana Gioia<\/strong>.<\/b><\/p>\n<p>En la contratapa del libro se se\u00f1ala: \u201cBradbury muestra aqu\u00ed su ya famoso poder de expresar con la historia de un individuo \u2013El peat\u00f3n, El asesino, El basurero-, toda una visi\u00f3n del mundo y su posible futuro\u201d.<\/p>\n<p>El cuento El peat\u00f3n, escrito en las cercan\u00edas de 1952 y cuya acci\u00f3n el autor la sit\u00faa en 2052, presenta la posibilidad de conmovernos por su inquietante y s\u00f3lida historia, por el espesor de su personaje y las circunstancias que los construyen y fundamentalmente, por la premonici\u00f3n de describir un mundo desolado de lo humano bajo el imperio de lo que hoy podr\u00edamos llamar la inteligencia artificial. El \u00fanico personaje que parece habitar el mundo es \u201cel peat\u00f3n Leonard Mead\u201d interceptado por un m\u00f3vil policial no conducido por personal humano; las voces que salen del veh\u00edculo le indican que queda detenido en un Instituto Psiqui\u00e1trico. Y esa circunstancia resuena en mi contexto de lectura (2024) toda vez que se expone la posibilidad de derogar la vigente Ley de Salud Mental, permitiendo que las internaciones involuntarias se realicen sin consulta m\u00e9dica y sin autorizaci\u00f3n judicial. Evidentemente este atrapante cuento, me hablaba tambi\u00e9n de nuestro presente.<\/p>\n<p>Otro relato cuyo sentido se orienta a la direcci\u00f3n se\u00f1alada anteriormente, es \u201cEl Asesino\u201d cuyo protagonista desde la c\u00e1rcel, le dice a la psiquiatra que ha matado mucho y lo seguir\u00e1 haciendo: ha estrangulado al tel\u00e9fono, disparado tiros al televisor, la radio, el fon\u00f3grafo, el intercomunicador de oficina, tel\u00e9fonos pulsera y a cuanto aparato quiera vaciarle el cerebro con propagandas mercantiles o ideol\u00f3gicas. Ray Bradbury se refiere a la colonizaci\u00f3n ejercida por los medios de comunicaci\u00f3n masiva de la \u00e9poca (1950).<\/p>\n<p>Hoy, esa dominaci\u00f3n es trasladable a la principal fuente de reducci\u00f3n del pensamiento propio: las redes y plataformas digitales, donde la aceleraci\u00f3n de informaci\u00f3n de la que no importa, si la misma, es verdadera o falsa, aturde hasta la cosificaci\u00f3n de lo humano.<\/p>\n<p>Estos cuentos de Ray Bradbury constituyen un cl\u00e1sico, no solo por su admirable o genial construcci\u00f3n, a 80 a\u00f1os de su autor\u00eda, revelan su magistral vigencia.<\/p>\n<p><strong>T\u00edtulo: <\/strong>Las doradas manzanas del sol.<\/p>\n<p><strong>Autor:<\/strong> Ray Bradbury.<\/p>\n<p><strong>Editorial: <\/strong>Minotauro, Buenos Aires, 2013.<\/p>\n<p><strong>P\u00e1ginas:<\/strong> 243.<\/p>\n","protected":false},"excerpt":{"rendered":"<p>Rese\u00f1a de Liliana Gioia. En la contratapa del libro se se\u00f1ala: \u201cBradbury muestra aqu\u00ed su ya famoso poder de expresar [&hellip;]<\/p>\n","protected":false},"author":5,"featured_media":0,"parent":0,"menu_order":0,"comment_status":"closed","ping_status":"closed","template":"","meta":{"site-sidebar-layout":"no-sidebar","site-content-layout":"","ast-site-content-layout":"full-width-container","site-content-style":"default","site-sidebar-style":"default","ast-global-header-display":"","ast-banner-title-visibility":"","ast-main-header-display":"","ast-hfb-above-header-display":"","ast-hfb-below-header-display":"","ast-hfb-mobile-header-display":"","site-post-title":"","ast-breadcrumbs-content":"","ast-featured-img":"disabled","footer-sml-layout":"","ast-disable-related-posts":"","theme-transparent-header-meta":"","adv-header-id-meta":"","stick-header-meta":"","header-above-stick-meta":"","header-main-stick-meta":"","header-below-stick-meta":"","astra-migrate-meta-layouts":"default","ast-page-background-enabled":"default","ast-page-background-meta":{"desktop":{"background-color":"var(--ast-global-color-4)","background-image":"","background-repeat":"repeat","background-position":"center center","background-size":"auto","background-attachment":"scroll","background-type":"","background-media":"","overlay-type":"","overlay-color":"","overlay-opacity":"","overlay-gradient":""},"tablet":{"background-color":"","background-image":"","background-repeat":"repeat","background-position":"center center","background-size":"auto","background-attachment":"scroll","background-type":"","background-media":"","overlay-type":"","overlay-color":"","overlay-opacity":"","overlay-gradient":""},"mobile":{"background-color":"","background-image":"","background-repeat":"repeat","background-position":"center center","background-size":"auto","background-attachment":"scroll","background-type":"","background-media":"","overlay-type":"","overlay-color":"","overlay-opacity":"","overlay-gradient":""}},"ast-content-background-meta":{"desktop":{"background-color":"var(--ast-global-color-5)","background-image":"","background-repeat":"repeat","background-position":"center center","background-size":"auto","background-attachment":"scroll","background-type":"","background-media":"","overlay-type":"","overlay-color":"","overlay-opacity":"","overlay-gradient":""},"tablet":{"background-color":"var(--ast-global-color-5)","background-image":"","background-repeat":"repeat","background-position":"center center","background-size":"auto","background-attachment":"scroll","background-type":"","background-media":"","overlay-type":"","overlay-color":"","overlay-opacity":"","overlay-gradient":""},"mobile":{"background-color":"var(--ast-global-color-5)","background-image":"","background-repeat":"repeat","background-position":"center center","background-size":"auto","background-attachment":"scroll","background-type":"","background-media":"","overlay-type":"","overlay-color":"","overlay-opacity":"","overlay-gradient":""}},"footnotes":""},"class_list":["post-17949","page","type-page","status-publish","hentry"],"_links":{"self":[{"href":"https:\/\/biblioargentina.gob.ar\/web\/wp-json\/wp\/v2\/pages\/17949","targetHints":{"allow":["GET"]}}],"collection":[{"href":"https:\/\/biblioargentina.gob.ar\/web\/wp-json\/wp\/v2\/pages"}],"about":[{"href":"https:\/\/biblioargentina.gob.ar\/web\/wp-json\/wp\/v2\/types\/page"}],"author":[{"embeddable":true,"href":"https:\/\/biblioargentina.gob.ar\/web\/wp-json\/wp\/v2\/users\/5"}],"replies":[{"embeddable":true,"href":"https:\/\/biblioargentina.gob.ar\/web\/wp-json\/wp\/v2\/comments?post=17949"}],"version-history":[{"count":23,"href":"https:\/\/biblioargentina.gob.ar\/web\/wp-json\/wp\/v2\/pages\/17949\/revisions"}],"predecessor-version":[{"id":18124,"href":"https:\/\/biblioargentina.gob.ar\/web\/wp-json\/wp\/v2\/pages\/17949\/revisions\/18124"}],"wp:attachment":[{"href":"https:\/\/biblioargentina.gob.ar\/web\/wp-json\/wp\/v2\/media?parent=17949"}],"curies":[{"name":"wp","href":"https:\/\/api.w.org\/{rel}","templated":true}]}}