{"id":17926,"date":"2024-07-05T15:00:24","date_gmt":"2024-07-05T15:00:24","guid":{"rendered":"https:\/\/biblioargentina.gob.ar\/web\/?page_id=17926"},"modified":"2024-07-31T12:39:08","modified_gmt":"2024-07-31T12:39:08","slug":"y-llovieron-pajaros-de-jocelyne-saucier","status":"publish","type":"page","link":"https:\/\/biblioargentina.gob.ar\/web\/y-llovieron-pajaros-de-jocelyne-saucier\/","title":{"rendered":"Y llovieron p\u00e1jaros, de Jocelyne Saucier"},"content":{"rendered":"<p><img loading=\"lazy\" decoding=\"async\" width=\"400\" height=\"289\" src=\"https:\/\/biblioargentina.gob.ar\/web\/wp-content\/uploads\/2024\/07\/Imagen-para-resenas-de-Jocelyne-Saucier.png\" alt=\"\" srcset=\"https:\/\/biblioargentina.gob.ar\/web\/wp-content\/uploads\/2024\/07\/Imagen-para-resenas-de-Jocelyne-Saucier.png 400w, https:\/\/biblioargentina.gob.ar\/web\/wp-content\/uploads\/2024\/07\/Imagen-para-resenas-de-Jocelyne-Saucier-300x217.png 300w\" sizes=\"auto, (max-width: 400px) 100vw, 400px\" \/>\t\t\t\t\t\t\t\t\t\t\t\t\t<\/p>\n<p><b><strong>Rese\u00f1a de Miriam Tulian<\/strong>.<\/b><\/p>\n<p>Tres hombres, mayores de ochenta a\u00f1os, deciden dejar su vida atr\u00e1s e irse a vivir a los bosques del norte de Canad\u00e1.<\/p>\n<p>Rodeados\u00a0 de naturaleza encuentran su refugio, y cuando pensaban que no necesitaban nada m\u00e1s, la vida da un giro inesperado para demostrarles que nunca es demasiado tarde para volver a empezar.<\/p>\n<p>Esta es de esas historias que disfruto desde el comienzo, con esa sensaci\u00f3n c\u00e1lida que me envuelve el coraz\u00f3n. Escrita con sencillez y con dulzura, es imposible no enamorarse de los personajes, cada uno de ellos me dej\u00f3 una ense\u00f1anza.<\/p>\n<p>No quiero decir nada m\u00e1s, para que la descubran ustedes mismos\/as, salvo agregar que si quieren quedarse con una sonrisa en el rostro y en el alma, este es el libro.<\/p>\n<p>\u00abHab\u00eda algo flotando en el aire de aquella tarde de finales de verano. Algo que los estaba atrapando sin que ellos lo notaran. La dulzura del crep\u00fasculo les ped\u00eda que prestaran atenci\u00f3n al tiempo que se les escapaba, que se detuvieran en \u00e9l, que lo mirasen atentamente antes de dejarlo volar.\u00bb<\/p>\n<p><strong>T\u00edtulo:<\/strong> Y llovieron p\u00e1jaros.<\/p>\n<p><strong>Autora:<\/strong> Jocelyne Saucier.<\/p>\n<p><strong>Editorial:<\/strong> Min\u00fascula, Barcelona, 2018.<\/p>\n<p><strong>P\u00e1ginas:<\/strong> 187.<\/p>\n","protected":false},"excerpt":{"rendered":"<p>Rese\u00f1a de Miriam Tulian. Tres hombres, mayores de ochenta a\u00f1os, deciden dejar su vida atr\u00e1s e irse a vivir a [&hellip;]<\/p>\n","protected":false},"author":5,"featured_media":0,"parent":0,"menu_order":0,"comment_status":"closed","ping_status":"closed","template":"","meta":{"site-sidebar-layout":"no-sidebar","site-content-layout":"","ast-site-content-layout":"full-width-container","site-content-style":"default","site-sidebar-style":"default","ast-global-header-display":"","ast-banner-title-visibility":"","ast-main-header-display":"","ast-hfb-above-header-display":"","ast-hfb-below-header-display":"","ast-hfb-mobile-header-display":"","site-post-title":"","ast-breadcrumbs-content":"","ast-featured-img":"disabled","footer-sml-layout":"","ast-disable-related-posts":"","theme-transparent-header-meta":"","adv-header-id-meta":"","stick-header-meta":"","header-above-stick-meta":"","header-main-stick-meta":"","header-below-stick-meta":"","astra-migrate-meta-layouts":"default","ast-page-background-enabled":"default","ast-page-background-meta":{"desktop":{"background-color":"var(--ast-global-color-4)","background-image":"","background-repeat":"repeat","background-position":"center center","background-size":"auto","background-attachment":"scroll","background-type":"","background-media":"","overlay-type":"","overlay-color":"","overlay-opacity":"","overlay-gradient":""},"tablet":{"background-color":"","background-image":"","background-repeat":"repeat","background-position":"center center","background-size":"auto","background-attachment":"scroll","background-type":"","background-media":"","overlay-type":"","overlay-color":"","overlay-opacity":"","overlay-gradient":""},"mobile":{"background-color":"","background-image":"","background-repeat":"repeat","background-position":"center center","background-size":"auto","background-attachment":"scroll","background-type":"","background-media":"","overlay-type":"","overlay-color":"","overlay-opacity":"","overlay-gradient":""}},"ast-content-background-meta":{"desktop":{"background-color":"var(--ast-global-color-5)","background-image":"","background-repeat":"repeat","background-position":"center center","background-size":"auto","background-attachment":"scroll","background-type":"","background-media":"","overlay-type":"","overlay-color":"","overlay-opacity":"","overlay-gradient":""},"tablet":{"background-color":"var(--ast-global-color-5)","background-image":"","background-repeat":"repeat","background-position":"center center","background-size":"auto","background-attachment":"scroll","background-type":"","background-media":"","overlay-type":"","overlay-color":"","overlay-opacity":"","overlay-gradient":""},"mobile":{"background-color":"var(--ast-global-color-5)","background-image":"","background-repeat":"repeat","background-position":"center center","background-size":"auto","background-attachment":"scroll","background-type":"","background-media":"","overlay-type":"","overlay-color":"","overlay-opacity":"","overlay-gradient":""}},"footnotes":""},"class_list":["post-17926","page","type-page","status-publish","hentry"],"_links":{"self":[{"href":"https:\/\/biblioargentina.gob.ar\/web\/wp-json\/wp\/v2\/pages\/17926","targetHints":{"allow":["GET"]}}],"collection":[{"href":"https:\/\/biblioargentina.gob.ar\/web\/wp-json\/wp\/v2\/pages"}],"about":[{"href":"https:\/\/biblioargentina.gob.ar\/web\/wp-json\/wp\/v2\/types\/page"}],"author":[{"embeddable":true,"href":"https:\/\/biblioargentina.gob.ar\/web\/wp-json\/wp\/v2\/users\/5"}],"replies":[{"embeddable":true,"href":"https:\/\/biblioargentina.gob.ar\/web\/wp-json\/wp\/v2\/comments?post=17926"}],"version-history":[{"count":11,"href":"https:\/\/biblioargentina.gob.ar\/web\/wp-json\/wp\/v2\/pages\/17926\/revisions"}],"predecessor-version":[{"id":18093,"href":"https:\/\/biblioargentina.gob.ar\/web\/wp-json\/wp\/v2\/pages\/17926\/revisions\/18093"}],"wp:attachment":[{"href":"https:\/\/biblioargentina.gob.ar\/web\/wp-json\/wp\/v2\/media?parent=17926"}],"curies":[{"name":"wp","href":"https:\/\/api.w.org\/{rel}","templated":true}]}}