{"id":1777,"date":"2020-12-23T14:34:01","date_gmt":"2020-12-23T14:34:01","guid":{"rendered":"https:\/\/biblioargentina.gob.ar\/web\/?page_id=1777"},"modified":"2026-04-08T15:54:03","modified_gmt":"2026-04-08T15:54:03","slug":"sala-de-lectura-alfredo-lovell","status":"publish","type":"page","link":"https:\/\/biblioargentina.gob.ar\/web\/sala-de-lectura-alfredo-lovell\/","title":{"rendered":"Sala de lectura Alfredo Lovell"},"content":{"rendered":"\n<p>En las instalaciones del sal\u00f3n se ofrece el espacio en un ambiente climatizado para leer libros de la instituci\u00f3n, con material propio y estudiar. Brind\u00e1ndose adem\u00e1s acceso a Internet con servicio de Wi-Fi (red: MR Gratuita) utilizando su propio celular, notebook y\/o tablet.<\/p>\n\n\n\n<p>Est\u00e1 ubicada en la planta baja de la Biblioteca Argentina y cuenta con una capacidad de 108 puestos. Estando distribuidos los mismos en 29 mesas.<\/p>\n\n\n\n<figure class=\"wp-block-image aligncenter size-large\"><a href=\"https:\/\/biblioargentina.gob.ar\/web\/wp-content\/uploads\/2024\/06\/foto-de-orquesta-en-sala-de-lectura-alfredo-lovell.jpg\"><img loading=\"lazy\" decoding=\"async\" width=\"1024\" height=\"682\" src=\"https:\/\/biblioargentina.gob.ar\/web\/wp-content\/uploads\/2024\/06\/foto-de-orquesta-en-sala-de-lectura-alfredo-lovell-1024x682.jpg\" alt=\"Foto de una orquesta donde se encuentra un conjunto de m\u00fasicos interpretando una obra musical con diversos instrumentos y bajo la gu\u00eda de un director con personas sentadas y estanter\u00edas de libros de fondo.\" class=\"wp-image-17682\" srcset=\"https:\/\/biblioargentina.gob.ar\/web\/wp-content\/uploads\/2024\/06\/foto-de-orquesta-en-sala-de-lectura-alfredo-lovell-1024x682.jpg 1024w, https:\/\/biblioargentina.gob.ar\/web\/wp-content\/uploads\/2024\/06\/foto-de-orquesta-en-sala-de-lectura-alfredo-lovell-300x200.jpg 300w, https:\/\/biblioargentina.gob.ar\/web\/wp-content\/uploads\/2024\/06\/foto-de-orquesta-en-sala-de-lectura-alfredo-lovell-768x512.jpg 768w, https:\/\/biblioargentina.gob.ar\/web\/wp-content\/uploads\/2024\/06\/foto-de-orquesta-en-sala-de-lectura-alfredo-lovell-1536x1023.jpg 1536w, https:\/\/biblioargentina.gob.ar\/web\/wp-content\/uploads\/2024\/06\/foto-de-orquesta-en-sala-de-lectura-alfredo-lovell.jpg 1600w\" sizes=\"auto, (max-width: 1024px) 100vw, 1024px\" \/><\/a><\/figure>\n\n\n\n<div style=\"height:30px\" aria-hidden=\"true\" class=\"wp-block-spacer\"><\/div>\n\n\n\n<p>Para solicitar los libros y leerlos en sala visit\u00e1 el sector de <a href=\"https:\/\/biblioargentina.gob.ar\/web\/prestamo-de-libros\/\">Pr\u00e9stamo de libros.<\/a> Se debe presentar Documento Nacional de Identidad.<\/p>\n\n\n\n<p>En el espacio tambi\u00e9n se brindan conciertos de m\u00fasica, habitualmente los d\u00edas Viernes, con entrada libre y gratuita. Adem\u00e1s, se realizan m\u00e1s actividades programadas.<\/p>\n\n\n\n<figure class=\"wp-block-gallery has-nested-images columns-default is-cropped wp-block-gallery-1 is-layout-flex wp-block-gallery-is-layout-flex\">\n<figure class=\"wp-block-image size-large\"><a href=\"https:\/\/biblioargentina.gob.ar\/web\/wp-content\/uploads\/2024\/03\/concierto-en-sala-de-lectura-alfredo-lovell-scaled.jpg\"><img loading=\"lazy\" decoding=\"async\" width=\"1024\" height=\"683\" data-id=\"17101\" src=\"https:\/\/biblioargentina.gob.ar\/web\/wp-content\/uploads\/2024\/03\/concierto-en-sala-de-lectura-alfredo-lovell-1024x683.jpg\" alt=\"Foto de un grupo de m\u00fasica integrado por cinco personas en concierto en la Sala de lectura Alfredo Lovell donde se encuentran adem\u00e1s personas sentadas viendo hacia el grupo.\" class=\"wp-image-17101\" srcset=\"https:\/\/biblioargentina.gob.ar\/web\/wp-content\/uploads\/2024\/03\/concierto-en-sala-de-lectura-alfredo-lovell-1024x683.jpg 1024w, https:\/\/biblioargentina.gob.ar\/web\/wp-content\/uploads\/2024\/03\/concierto-en-sala-de-lectura-alfredo-lovell-300x200.jpg 300w, https:\/\/biblioargentina.gob.ar\/web\/wp-content\/uploads\/2024\/03\/concierto-en-sala-de-lectura-alfredo-lovell-768x512.jpg 768w, https:\/\/biblioargentina.gob.ar\/web\/wp-content\/uploads\/2024\/03\/concierto-en-sala-de-lectura-alfredo-lovell-1536x1024.jpg 1536w, https:\/\/biblioargentina.gob.ar\/web\/wp-content\/uploads\/2024\/03\/concierto-en-sala-de-lectura-alfredo-lovell-2048x1365.jpg 2048w\" sizes=\"auto, (max-width: 1024px) 100vw, 1024px\" \/><\/a><\/figure>\n\n\n\n<figure class=\"wp-block-image size-large\"><a href=\"https:\/\/biblioargentina.gob.ar\/web\/wp-content\/uploads\/2024\/06\/foto-mujer-sala-de-lectura-alfredo-lovell-scaled.jpg\"><img loading=\"lazy\" decoding=\"async\" width=\"1024\" height=\"683\" data-id=\"17684\" src=\"https:\/\/biblioargentina.gob.ar\/web\/wp-content\/uploads\/2024\/06\/foto-mujer-sala-de-lectura-alfredo-lovell-1024x683.jpg\" alt=\"Foto de una mujer iluminada por una luz desde abajo que se encuentra frente a un micr\u00f3fono con un celular en sus manos, como leyendo, en un ambiente a oscuras con estanter\u00edas de libros de fondo.\" class=\"wp-image-17684\" srcset=\"https:\/\/biblioargentina.gob.ar\/web\/wp-content\/uploads\/2024\/06\/foto-mujer-sala-de-lectura-alfredo-lovell-1024x683.jpg 1024w, https:\/\/biblioargentina.gob.ar\/web\/wp-content\/uploads\/2024\/06\/foto-mujer-sala-de-lectura-alfredo-lovell-300x200.jpg 300w, https:\/\/biblioargentina.gob.ar\/web\/wp-content\/uploads\/2024\/06\/foto-mujer-sala-de-lectura-alfredo-lovell-768x512.jpg 768w, https:\/\/biblioargentina.gob.ar\/web\/wp-content\/uploads\/2024\/06\/foto-mujer-sala-de-lectura-alfredo-lovell-1536x1024.jpg 1536w, https:\/\/biblioargentina.gob.ar\/web\/wp-content\/uploads\/2024\/06\/foto-mujer-sala-de-lectura-alfredo-lovell-2048x1365.jpg 2048w\" sizes=\"auto, (max-width: 1024px) 100vw, 1024px\" \/><\/a><\/figure>\n\n\n\n<figure class=\"wp-block-image size-large\"><a href=\"https:\/\/biblioargentina.gob.ar\/web\/wp-content\/uploads\/2024\/05\/sala-de-lectura-alfredo-lovell-scaled.jpg\"><img loading=\"lazy\" decoding=\"async\" width=\"1024\" height=\"683\" data-id=\"17595\" src=\"https:\/\/biblioargentina.gob.ar\/web\/wp-content\/uploads\/2024\/05\/sala-de-lectura-alfredo-lovell-1024x683.jpg\" alt=\"\" class=\"wp-image-17595\" srcset=\"https:\/\/biblioargentina.gob.ar\/web\/wp-content\/uploads\/2024\/05\/sala-de-lectura-alfredo-lovell-1024x683.jpg 1024w, https:\/\/biblioargentina.gob.ar\/web\/wp-content\/uploads\/2024\/05\/sala-de-lectura-alfredo-lovell-300x200.jpg 300w, https:\/\/biblioargentina.gob.ar\/web\/wp-content\/uploads\/2024\/05\/sala-de-lectura-alfredo-lovell-768x512.jpg 768w, https:\/\/biblioargentina.gob.ar\/web\/wp-content\/uploads\/2024\/05\/sala-de-lectura-alfredo-lovell-1536x1024.jpg 1536w, https:\/\/biblioargentina.gob.ar\/web\/wp-content\/uploads\/2024\/05\/sala-de-lectura-alfredo-lovell-2048x1365.jpg 2048w\" sizes=\"auto, (max-width: 1024px) 100vw, 1024px\" \/><\/a><\/figure>\n<\/figure>\n\n\n\n<div style=\"height:30px\" aria-hidden=\"true\" class=\"wp-block-spacer\"><\/div>\n\n\n\n<p>Para participar de estas actividades en la Biblioteca Argentina revis\u00e1 la <a href=\"https:\/\/biblioargentina.gob.ar\/web\/agenda\/\">Agenda<\/a> y ven\u00ed a la Sala de lectura.<\/p>\n","protected":false},"excerpt":{"rendered":"<p>En las instalaciones del sal\u00f3n se ofrece el espacio en un ambiente climatizado para leer libros de la instituci\u00f3n, con [&hellip;]<\/p>\n","protected":false},"author":5,"featured_media":0,"parent":0,"menu_order":0,"comment_status":"closed","ping_status":"closed","template":"","meta":{"site-sidebar-layout":"default","site-content-layout":"","ast-site-content-layout":"default","site-content-style":"default","site-sidebar-style":"default","ast-global-header-display":"","ast-banner-title-visibility":"","ast-main-header-display":"","ast-hfb-above-header-display":"","ast-hfb-below-header-display":"","ast-hfb-mobile-header-display":"","site-post-title":"","ast-breadcrumbs-content":"","ast-featured-img":"","footer-sml-layout":"","ast-disable-related-posts":"","theme-transparent-header-meta":"","adv-header-id-meta":"","stick-header-meta":"","header-above-stick-meta":"","header-main-stick-meta":"","header-below-stick-meta":"","astra-migrate-meta-layouts":"default","ast-page-background-enabled":"default","ast-page-background-meta":{"desktop":{"background-color":"var(--ast-global-color-4)","background-image":"","background-repeat":"repeat","background-position":"center center","background-size":"auto","background-attachment":"scroll","background-type":"","background-media":"","overlay-type":"","overlay-color":"","overlay-opacity":"","overlay-gradient":""},"tablet":{"background-color":"","background-image":"","background-repeat":"repeat","background-position":"center center","background-size":"auto","background-attachment":"scroll","background-type":"","background-media":"","overlay-type":"","overlay-color":"","overlay-opacity":"","overlay-gradient":""},"mobile":{"background-color":"","background-image":"","background-repeat":"repeat","background-position":"center center","background-size":"auto","background-attachment":"scroll","background-type":"","background-media":"","overlay-type":"","overlay-color":"","overlay-opacity":"","overlay-gradient":""}},"ast-content-background-meta":{"desktop":{"background-color":"var(--ast-global-color-5)","background-image":"","background-repeat":"repeat","background-position":"center center","background-size":"auto","background-attachment":"scroll","background-type":"","background-media":"","overlay-type":"","overlay-color":"","overlay-opacity":"","overlay-gradient":""},"tablet":{"background-color":"var(--ast-global-color-5)","background-image":"","background-repeat":"repeat","background-position":"center center","background-size":"auto","background-attachment":"scroll","background-type":"","background-media":"","overlay-type":"","overlay-color":"","overlay-opacity":"","overlay-gradient":""},"mobile":{"background-color":"var(--ast-global-color-5)","background-image":"","background-repeat":"repeat","background-position":"center center","background-size":"auto","background-attachment":"scroll","background-type":"","background-media":"","overlay-type":"","overlay-color":"","overlay-opacity":"","overlay-gradient":""}},"footnotes":""},"class_list":["post-1777","page","type-page","status-publish","hentry"],"_links":{"self":[{"href":"https:\/\/biblioargentina.gob.ar\/web\/wp-json\/wp\/v2\/pages\/1777","targetHints":{"allow":["GET"]}}],"collection":[{"href":"https:\/\/biblioargentina.gob.ar\/web\/wp-json\/wp\/v2\/pages"}],"about":[{"href":"https:\/\/biblioargentina.gob.ar\/web\/wp-json\/wp\/v2\/types\/page"}],"author":[{"embeddable":true,"href":"https:\/\/biblioargentina.gob.ar\/web\/wp-json\/wp\/v2\/users\/5"}],"replies":[{"embeddable":true,"href":"https:\/\/biblioargentina.gob.ar\/web\/wp-json\/wp\/v2\/comments?post=1777"}],"version-history":[{"count":200,"href":"https:\/\/biblioargentina.gob.ar\/web\/wp-json\/wp\/v2\/pages\/1777\/revisions"}],"predecessor-version":[{"id":22431,"href":"https:\/\/biblioargentina.gob.ar\/web\/wp-json\/wp\/v2\/pages\/1777\/revisions\/22431"}],"wp:attachment":[{"href":"https:\/\/biblioargentina.gob.ar\/web\/wp-json\/wp\/v2\/media?parent=1777"}],"curies":[{"name":"wp","href":"https:\/\/api.w.org\/{rel}","templated":true}]}}