{"id":17401,"date":"2024-04-23T14:07:14","date_gmt":"2024-04-23T14:07:14","guid":{"rendered":"https:\/\/biblioargentina.gob.ar\/web\/?page_id=17401"},"modified":"2024-04-23T14:12:07","modified_gmt":"2024-04-23T14:12:07","slug":"distancia-de-rescate-de-samanta-schweblin","status":"publish","type":"page","link":"https:\/\/biblioargentina.gob.ar\/web\/distancia-de-rescate-de-samanta-schweblin\/","title":{"rendered":"Distancia de rescate, de Samanta Schweblin"},"content":{"rendered":"<p><img loading=\"lazy\" decoding=\"async\" width=\"400\" height=\"289\" src=\"https:\/\/biblioargentina.gob.ar\/web\/wp-content\/uploads\/2024\/04\/Imagen-para-resenas-3.png\" alt=\"\" srcset=\"https:\/\/biblioargentina.gob.ar\/web\/wp-content\/uploads\/2024\/04\/Imagen-para-resenas-3.png 400w, https:\/\/biblioargentina.gob.ar\/web\/wp-content\/uploads\/2024\/04\/Imagen-para-resenas-3-300x217.png 300w\" sizes=\"auto, (max-width: 400px) 100vw, 400px\" \/>\t\t\t\t\t\t\t\t\t\t\t\t\t<\/p>\n<p><strong>Rese\u00f1a escrita por Jorgelina Ruiz.<\/strong><\/p>\n<p>Novela corta o cuento largo, que comienza con el relato a dos voces entre Amanda, una de las protagonistas y David, el hijo de Carla, la otra.<\/p>\n<p>\u00a0A medida que avanza la lectura, nos sumerge en una historia tan real como oscura, inquietante. Desde el inicio sentimos que algo malo est\u00e1 sucediendo, sucedi\u00f3 o va a suceder, pero no podemos desentra\u00f1arlo.<\/p>\n<p>\u00a0El t\u00edtulo, Distancia de rescate, es la met\u00e1fora que usa para hablar del espacio que existe entre una madre y su hijo, en el caso de que algo malo le ocurriera.<\/p>\n<p>\u00abLlamo distancia de rescate a esa distancia variable que me separa de mi hija y me paso la mitad del d\u00eda calcul\u00e1ndola, aunque siempre arriesgo m\u00e1s de lo que deber\u00eda.\u00bb<\/p>\n<p>T\u00edtulo: Distancia de rescate<\/p>\n<p><strong>Autor:<\/strong> Samanta Schweblin.<\/p>\n<p><strong>Editorial:\u00a0 <\/strong>Penguin Random House Grupo Editorial, 2015.<\/p>\n<p><strong>P\u00e1ginas:<\/strong> 124.<\/p>\n","protected":false},"excerpt":{"rendered":"<p>Rese\u00f1a escrita por Jorgelina Ruiz. Novela corta o cuento largo, que comienza con el relato a dos voces entre Amanda, [&hellip;]<\/p>\n","protected":false},"author":5,"featured_media":0,"parent":0,"menu_order":0,"comment_status":"open","ping_status":"closed","template":"","meta":{"site-sidebar-layout":"no-sidebar","site-content-layout":"","ast-site-content-layout":"full-width-container","site-content-style":"default","site-sidebar-style":"default","ast-global-header-display":"","ast-banner-title-visibility":"","ast-main-header-display":"","ast-hfb-above-header-display":"","ast-hfb-below-header-display":"","ast-hfb-mobile-header-display":"","site-post-title":"","ast-breadcrumbs-content":"","ast-featured-img":"disabled","footer-sml-layout":"","ast-disable-related-posts":"","theme-transparent-header-meta":"","adv-header-id-meta":"","stick-header-meta":"","header-above-stick-meta":"","header-main-stick-meta":"","header-below-stick-meta":"","astra-migrate-meta-layouts":"default","ast-page-background-enabled":"default","ast-page-background-meta":{"desktop":{"background-color":"var(--ast-global-color-4)","background-image":"","background-repeat":"repeat","background-position":"center center","background-size":"auto","background-attachment":"scroll","background-type":"","background-media":"","overlay-type":"","overlay-color":"","overlay-opacity":"","overlay-gradient":""},"tablet":{"background-color":"","background-image":"","background-repeat":"repeat","background-position":"center center","background-size":"auto","background-attachment":"scroll","background-type":"","background-media":"","overlay-type":"","overlay-color":"","overlay-opacity":"","overlay-gradient":""},"mobile":{"background-color":"","background-image":"","background-repeat":"repeat","background-position":"center center","background-size":"auto","background-attachment":"scroll","background-type":"","background-media":"","overlay-type":"","overlay-color":"","overlay-opacity":"","overlay-gradient":""}},"ast-content-background-meta":{"desktop":{"background-color":"var(--ast-global-color-5)","background-image":"","background-repeat":"repeat","background-position":"center center","background-size":"auto","background-attachment":"scroll","background-type":"","background-media":"","overlay-type":"","overlay-color":"","overlay-opacity":"","overlay-gradient":""},"tablet":{"background-color":"var(--ast-global-color-5)","background-image":"","background-repeat":"repeat","background-position":"center center","background-size":"auto","background-attachment":"scroll","background-type":"","background-media":"","overlay-type":"","overlay-color":"","overlay-opacity":"","overlay-gradient":""},"mobile":{"background-color":"var(--ast-global-color-5)","background-image":"","background-repeat":"repeat","background-position":"center center","background-size":"auto","background-attachment":"scroll","background-type":"","background-media":"","overlay-type":"","overlay-color":"","overlay-opacity":"","overlay-gradient":""}},"footnotes":""},"class_list":["post-17401","page","type-page","status-publish","hentry"],"_links":{"self":[{"href":"https:\/\/biblioargentina.gob.ar\/web\/wp-json\/wp\/v2\/pages\/17401","targetHints":{"allow":["GET"]}}],"collection":[{"href":"https:\/\/biblioargentina.gob.ar\/web\/wp-json\/wp\/v2\/pages"}],"about":[{"href":"https:\/\/biblioargentina.gob.ar\/web\/wp-json\/wp\/v2\/types\/page"}],"author":[{"embeddable":true,"href":"https:\/\/biblioargentina.gob.ar\/web\/wp-json\/wp\/v2\/users\/5"}],"replies":[{"embeddable":true,"href":"https:\/\/biblioargentina.gob.ar\/web\/wp-json\/wp\/v2\/comments?post=17401"}],"version-history":[{"count":6,"href":"https:\/\/biblioargentina.gob.ar\/web\/wp-json\/wp\/v2\/pages\/17401\/revisions"}],"predecessor-version":[{"id":17408,"href":"https:\/\/biblioargentina.gob.ar\/web\/wp-json\/wp\/v2\/pages\/17401\/revisions\/17408"}],"wp:attachment":[{"href":"https:\/\/biblioargentina.gob.ar\/web\/wp-json\/wp\/v2\/media?parent=17401"}],"curies":[{"name":"wp","href":"https:\/\/api.w.org\/{rel}","templated":true}]}}