{"id":17392,"date":"2024-04-23T13:59:07","date_gmt":"2024-04-23T13:59:07","guid":{"rendered":"https:\/\/biblioargentina.gob.ar\/web\/?page_id=17392"},"modified":"2024-04-23T14:44:14","modified_gmt":"2024-04-23T14:44:14","slug":"matate-amor-de-ariana-harwicz","status":"publish","type":"page","link":"https:\/\/biblioargentina.gob.ar\/web\/matate-amor-de-ariana-harwicz\/","title":{"rendered":"Matate, amor, de Ariana Harwicz"},"content":{"rendered":"<p><img loading=\"lazy\" decoding=\"async\" width=\"400\" height=\"289\" src=\"https:\/\/biblioargentina.gob.ar\/web\/wp-content\/uploads\/2024\/04\/Imagen-para-resenas-2024-2.png\" alt=\"\" srcset=\"https:\/\/biblioargentina.gob.ar\/web\/wp-content\/uploads\/2024\/04\/Imagen-para-resenas-2024-2.png 400w, https:\/\/biblioargentina.gob.ar\/web\/wp-content\/uploads\/2024\/04\/Imagen-para-resenas-2024-2-300x217.png 300w\" sizes=\"auto, (max-width: 400px) 100vw, 400px\" \/>\t\t\t\t\t\t\t\t\t\t\t\t\t<\/p>\n<p><strong>Rese\u00f1a escrita por Miriam Tulian.<\/strong><\/p>\n<p>\u00abQuiero ir al ba\u00f1o desde que termin\u00f3 el almuerzo pero es imposible hacer otra cosa que ser madre. Y dale con el llanto, llora, llora, llora, me va a trastornar. Soy madre, listo. Me arrepiento, pero ni siquiera lo puedo decir.\u00bb<\/p>\n<p> Una historia fuerte, violenta y perturbadora, sobre un tema que todav\u00eda es tab\u00fa, el puerperio y la depresi\u00f3n post parto.<br \/> Por momentos me cost\u00f3 entender a la protagonista y hasta me caus\u00f3 rechazo, esto es porque est\u00e1 llevado al extremo, casi al borde de la locura, pero a medida que iba leyendo pod\u00eda entender su punto de vista y hasta sent\u00ed pena por ella.<br \/> \u00c9ste es de esa clase de libros que cuando lo terminamos sentimos que ya no somos los mismos\/as de cuando lo empezamos, me abri\u00f3 la cabeza y me hizo plantearme y cuestionarme sobre cosas que daba por sentado, me ayud\u00f3 a liberarme de prejuicios que ni siquiera sab\u00eda que ten\u00eda.<br \/> Obviamente lo recomiendo, es fuerte pero vale la pena.<\/p>\n<p><strong>T\u00edtulo: <\/strong>Matate, amor.<\/p>\n<p><strong>Autor:<\/strong> Ariana Harwicz.<\/p>\n<p><strong>Editorial:<\/strong> Mardulce, Buenos Aires, 2018.<\/p>\n<p><strong>P\u00e1ginas:<\/strong> 155.<\/p>\n","protected":false},"excerpt":{"rendered":"<p>Rese\u00f1a escrita por Miriam Tulian. \u00abQuiero ir al ba\u00f1o desde que termin\u00f3 el almuerzo pero es imposible hacer otra cosa [&hellip;]<\/p>\n","protected":false},"author":5,"featured_media":0,"parent":0,"menu_order":0,"comment_status":"open","ping_status":"closed","template":"","meta":{"site-sidebar-layout":"no-sidebar","site-content-layout":"","ast-site-content-layout":"full-width-container","site-content-style":"default","site-sidebar-style":"default","ast-global-header-display":"","ast-banner-title-visibility":"","ast-main-header-display":"","ast-hfb-above-header-display":"","ast-hfb-below-header-display":"","ast-hfb-mobile-header-display":"","site-post-title":"","ast-breadcrumbs-content":"","ast-featured-img":"disabled","footer-sml-layout":"","ast-disable-related-posts":"","theme-transparent-header-meta":"","adv-header-id-meta":"","stick-header-meta":"","header-above-stick-meta":"","header-main-stick-meta":"","header-below-stick-meta":"","astra-migrate-meta-layouts":"default","ast-page-background-enabled":"default","ast-page-background-meta":{"desktop":{"background-color":"var(--ast-global-color-4)","background-image":"","background-repeat":"repeat","background-position":"center center","background-size":"auto","background-attachment":"scroll","background-type":"","background-media":"","overlay-type":"","overlay-color":"","overlay-opacity":"","overlay-gradient":""},"tablet":{"background-color":"","background-image":"","background-repeat":"repeat","background-position":"center center","background-size":"auto","background-attachment":"scroll","background-type":"","background-media":"","overlay-type":"","overlay-color":"","overlay-opacity":"","overlay-gradient":""},"mobile":{"background-color":"","background-image":"","background-repeat":"repeat","background-position":"center center","background-size":"auto","background-attachment":"scroll","background-type":"","background-media":"","overlay-type":"","overlay-color":"","overlay-opacity":"","overlay-gradient":""}},"ast-content-background-meta":{"desktop":{"background-color":"var(--ast-global-color-5)","background-image":"","background-repeat":"repeat","background-position":"center center","background-size":"auto","background-attachment":"scroll","background-type":"","background-media":"","overlay-type":"","overlay-color":"","overlay-opacity":"","overlay-gradient":""},"tablet":{"background-color":"var(--ast-global-color-5)","background-image":"","background-repeat":"repeat","background-position":"center center","background-size":"auto","background-attachment":"scroll","background-type":"","background-media":"","overlay-type":"","overlay-color":"","overlay-opacity":"","overlay-gradient":""},"mobile":{"background-color":"var(--ast-global-color-5)","background-image":"","background-repeat":"repeat","background-position":"center center","background-size":"auto","background-attachment":"scroll","background-type":"","background-media":"","overlay-type":"","overlay-color":"","overlay-opacity":"","overlay-gradient":""}},"footnotes":""},"class_list":["post-17392","page","type-page","status-publish","hentry"],"_links":{"self":[{"href":"https:\/\/biblioargentina.gob.ar\/web\/wp-json\/wp\/v2\/pages\/17392","targetHints":{"allow":["GET"]}}],"collection":[{"href":"https:\/\/biblioargentina.gob.ar\/web\/wp-json\/wp\/v2\/pages"}],"about":[{"href":"https:\/\/biblioargentina.gob.ar\/web\/wp-json\/wp\/v2\/types\/page"}],"author":[{"embeddable":true,"href":"https:\/\/biblioargentina.gob.ar\/web\/wp-json\/wp\/v2\/users\/5"}],"replies":[{"embeddable":true,"href":"https:\/\/biblioargentina.gob.ar\/web\/wp-json\/wp\/v2\/comments?post=17392"}],"version-history":[{"count":7,"href":"https:\/\/biblioargentina.gob.ar\/web\/wp-json\/wp\/v2\/pages\/17392\/revisions"}],"predecessor-version":[{"id":17417,"href":"https:\/\/biblioargentina.gob.ar\/web\/wp-json\/wp\/v2\/pages\/17392\/revisions\/17417"}],"wp:attachment":[{"href":"https:\/\/biblioargentina.gob.ar\/web\/wp-json\/wp\/v2\/media?parent=17392"}],"curies":[{"name":"wp","href":"https:\/\/api.w.org\/{rel}","templated":true}]}}