{"id":15729,"date":"2023-10-20T15:38:49","date_gmt":"2023-10-20T15:38:49","guid":{"rendered":"https:\/\/biblioargentina.gob.ar\/web\/?page_id=15729"},"modified":"2023-11-17T15:30:21","modified_gmt":"2023-11-17T15:30:21","slug":"negro-el-dolor-del-mundo-de-marcelo-caruso","status":"publish","type":"page","link":"https:\/\/biblioargentina.gob.ar\/web\/negro-el-dolor-del-mundo-de-marcelo-caruso\/","title":{"rendered":"Negro el dolor del mundo, de Marcelo Caruso"},"content":{"rendered":"<p><img decoding=\"async\" width=\"400\" height=\"289\" src=\"https:\/\/biblioargentina.gob.ar\/web\/wp-content\/uploads\/2023\/11\/Imagen-para-resenas-negro-el-dolor-del-mundo.png\" alt=\"Tapa del libro donde se ve un hombre con un fondo colorido de franjas verticales que asemejan libros.\" loading=\"lazy\" srcset=\"https:\/\/biblioargentina.gob.ar\/web\/wp-content\/uploads\/2023\/11\/Imagen-para-resenas-negro-el-dolor-del-mundo.png 400w, https:\/\/biblioargentina.gob.ar\/web\/wp-content\/uploads\/2023\/11\/Imagen-para-resenas-negro-el-dolor-del-mundo-300x217.png 300w\" sizes=\"auto, (max-width: 400px) 100vw, 400px\" \/>\t\t\t\t\t\t\t\t\t\t\t\t\t\t\t<\/p>\n<p><strong> Rese\u00f1a de Olga Valdez.<\/strong><\/p>\n<p>En un ir y venir que transitamos de pasado al presente el autor lleva por un camino sinuoso la historia real de un universo ignorado en la Bs As del siglo XVIII, la esclavitud.<br \/>La peste azota, el miedo encierra en sus casas a los se\u00f1ores. Solo transitan los esclavos cubriendo las necesidades de los amos.<\/p>\n<p>Un matrimonio de la \u00e9poca, \u00e9l un herbolario renombrado, ella una mujer frustrada por los mandatos no cumplidos de ser madre, los esclavos y un ni\u00f1o negro de meses en el umbral de la casa. \u00abUna sombra sorprendida apenas por el temblor de una vela\u00bb que llega a sus vidas para cambiarla.<\/p>\n<p>La p\u00e9rdida, el desamor, el desencuentro se mezclan convertidas en milagro del deseo no cumplido. Un ni\u00f1o convertido en un depositario de una libertad que no le corresponde.<\/p>\n<p>\u00abEl tiempo consume esa carne benigna, la pudre, la mata y a la larga queda expuesto lo \u00fanico que la mantiene en pie\u00bb.<\/p>\n<p>Diez cap\u00edtulos donde juegan el abandono, el miedo, el amor, la resignaci\u00f3n, el ensa\u00f1amiento, la soberbia, la traici\u00f3n y la muerte.<\/p>\n<p>Un libro que nos hace reflexionar sobre esa delgada linea que nos hace estar de un lado o del otro creyendo que somos due\u00f1os de la verdad.<\/p>\n<p><strong>T\u00edtulo:<\/strong> Negro el dolor del mundo.<\/p>\n<p><strong>Autor:<\/strong> Marcelo Caruso.<\/p>\n<p><strong>Editorial:<\/strong> Clar\u00edn, Buenos Aires, 2019.<\/p>\n<p><strong>P\u00e1ginas:<\/strong> 265.<\/p>\n","protected":false},"excerpt":{"rendered":"<p>Rese\u00f1a de Olga Valdez. En un ir y venir que transitamos de pasado al presente el autor lleva por un [&hellip;]<\/p>\n","protected":false},"author":5,"featured_media":0,"parent":0,"menu_order":0,"comment_status":"open","ping_status":"closed","template":"","meta":{"site-sidebar-layout":"default","site-content-layout":"","ast-site-content-layout":"default","site-content-style":"default","site-sidebar-style":"default","ast-global-header-display":"","ast-banner-title-visibility":"","ast-main-header-display":"","ast-hfb-above-header-display":"","ast-hfb-below-header-display":"","ast-hfb-mobile-header-display":"","site-post-title":"","ast-breadcrumbs-content":"","ast-featured-img":"","footer-sml-layout":"","ast-disable-related-posts":"","theme-transparent-header-meta":"","adv-header-id-meta":"","stick-header-meta":"","header-above-stick-meta":"","header-main-stick-meta":"","header-below-stick-meta":"","astra-migrate-meta-layouts":"default","ast-page-background-enabled":"default","ast-page-background-meta":{"desktop":{"background-color":"var(--ast-global-color-4)","background-image":"","background-repeat":"repeat","background-position":"center center","background-size":"auto","background-attachment":"scroll","background-type":"","background-media":"","overlay-type":"","overlay-color":"","overlay-opacity":"","overlay-gradient":""},"tablet":{"background-color":"","background-image":"","background-repeat":"repeat","background-position":"center center","background-size":"auto","background-attachment":"scroll","background-type":"","background-media":"","overlay-type":"","overlay-color":"","overlay-opacity":"","overlay-gradient":""},"mobile":{"background-color":"","background-image":"","background-repeat":"repeat","background-position":"center center","background-size":"auto","background-attachment":"scroll","background-type":"","background-media":"","overlay-type":"","overlay-color":"","overlay-opacity":"","overlay-gradient":""}},"ast-content-background-meta":{"desktop":{"background-color":"var(--ast-global-color-5)","background-image":"","background-repeat":"repeat","background-position":"center center","background-size":"auto","background-attachment":"scroll","background-type":"","background-media":"","overlay-type":"","overlay-color":"","overlay-opacity":"","overlay-gradient":""},"tablet":{"background-color":"var(--ast-global-color-5)","background-image":"","background-repeat":"repeat","background-position":"center center","background-size":"auto","background-attachment":"scroll","background-type":"","background-media":"","overlay-type":"","overlay-color":"","overlay-opacity":"","overlay-gradient":""},"mobile":{"background-color":"var(--ast-global-color-5)","background-image":"","background-repeat":"repeat","background-position":"center center","background-size":"auto","background-attachment":"scroll","background-type":"","background-media":"","overlay-type":"","overlay-color":"","overlay-opacity":"","overlay-gradient":""}},"footnotes":""},"class_list":["post-15729","page","type-page","status-publish","hentry"],"_links":{"self":[{"href":"https:\/\/biblioargentina.gob.ar\/web\/wp-json\/wp\/v2\/pages\/15729","targetHints":{"allow":["GET"]}}],"collection":[{"href":"https:\/\/biblioargentina.gob.ar\/web\/wp-json\/wp\/v2\/pages"}],"about":[{"href":"https:\/\/biblioargentina.gob.ar\/web\/wp-json\/wp\/v2\/types\/page"}],"author":[{"embeddable":true,"href":"https:\/\/biblioargentina.gob.ar\/web\/wp-json\/wp\/v2\/users\/5"}],"replies":[{"embeddable":true,"href":"https:\/\/biblioargentina.gob.ar\/web\/wp-json\/wp\/v2\/comments?post=15729"}],"version-history":[{"count":10,"href":"https:\/\/biblioargentina.gob.ar\/web\/wp-json\/wp\/v2\/pages\/15729\/revisions"}],"predecessor-version":[{"id":16082,"href":"https:\/\/biblioargentina.gob.ar\/web\/wp-json\/wp\/v2\/pages\/15729\/revisions\/16082"}],"wp:attachment":[{"href":"https:\/\/biblioargentina.gob.ar\/web\/wp-json\/wp\/v2\/media?parent=15729"}],"curies":[{"name":"wp","href":"https:\/\/api.w.org\/{rel}","templated":true}]}}