{"id":15719,"date":"2023-10-20T15:29:15","date_gmt":"2023-10-20T15:29:15","guid":{"rendered":"https:\/\/biblioargentina.gob.ar\/web\/?page_id=15719"},"modified":"2023-11-17T14:44:24","modified_gmt":"2023-11-17T14:44:24","slug":"el-pais-de-las-mujeres-de-gioconda-belli","status":"publish","type":"page","link":"https:\/\/biblioargentina.gob.ar\/web\/el-pais-de-las-mujeres-de-gioconda-belli\/","title":{"rendered":"El pa\u00eds de las mujeres, de Gioconda Belli"},"content":{"rendered":"<p><img decoding=\"async\" width=\"400\" height=\"289\" src=\"https:\/\/biblioargentina.gob.ar\/web\/wp-content\/uploads\/2023\/11\/Imagen-para-resenas-el-pais-de-las-mujeres.png\" alt=\"Tapa del libro donde se ve un paisaje de un volc\u00e1n de fondo, \u00e1rboles y c\u00e9sped en un tono verde y en primer plano un par de zapatos rojos con un fondo colorido de franjas verticales que asemejan libros.\" loading=\"lazy\" srcset=\"https:\/\/biblioargentina.gob.ar\/web\/wp-content\/uploads\/2023\/11\/Imagen-para-resenas-el-pais-de-las-mujeres.png 400w, https:\/\/biblioargentina.gob.ar\/web\/wp-content\/uploads\/2023\/11\/Imagen-para-resenas-el-pais-de-las-mujeres-300x217.png 300w\" sizes=\"auto, (max-width: 400px) 100vw, 400px\" \/>\t\t\t\t\t\t\t\t\t\t\t\t\t\t\t<\/p>\n<p><strong>Rese\u00f1a de Miriam Tulian.<\/strong><\/p>\n<p>Me gust\u00f3 la originalidad de la autora, de imaginar un pa\u00eds gobernado solo por mujeres. Me impact\u00f3 el comienzo, porque ocurre un hecho que no me esperaba que ocurriera en las primeras p\u00e1ginas, pero me pareci\u00f3 una decisi\u00f3n acertada y un buen golpe de efecto, ya que desde ah\u00ed puede contar la historia en dos tiempos.<\/p>\n<p>Me re\u00ed mucho, durante casi todo el libro, primero con el nombre del partido: Partido de la Izquierda Er\u00f3tica (PIE), y despu\u00e9s con las ocurrencias de la presidenta Viviana Sans\u00f3n y su grupo de colaboradoras.<\/p>\n<p>La mayor\u00eda de los cambios que realizaron, ya sea en las leyes, como en la vida cotidiana, fueron vistos como una locura total al comienzo, les cost\u00f3 tanto a hombres como a mujeres adaptarse a esas nuevas normas, pero el PIE estaba decidido a cambiar la pol\u00edtica, a ponerle un toque femenino a todo, a cuidar el pa\u00eds como se cuida una casa, a barrer la corrupci\u00f3n, a acunar a los necesitados, a embellecerlo como quien<br \/>riega un jard\u00edn para que crezca bonito y fuerte.<\/p>\n<p>Obviamente, es un libro feminista, en donde Belli resalta esas cosas que siempre se usaron para menospreciar a la mujer, y demostrar que eso que nos marcaron como debilidad en realidad es nuestra fuerza, nuestro potencial. Llorar no nos convierte en d\u00e9biles, si no que nos hace m\u00e1s humanas; que nos guste pintarnos las u\u00f1as no significa que no podamos ejercer en un puesto de seguridad y empu\u00f1ar un<br \/>arma de ser necesario; que una mujer se convierta en madre no significa que se tiene que olvidar de la carrera que estudi\u00f3 y abandonar todo; o que si ocupa un cargo p\u00fablico ya no puede usar escote y sentirse sexy.<\/p>\n<p>A todo esto tambi\u00e9n le suma una buena cuota de realismo m\u00e1gico, que a m\u00ed tanto me gusta.<\/p>\n<p>Este es el primer libro que leo de la autora y me dej\u00f3 una muy buena impresi\u00f3n y ganas de seguir ley\u00e9ndola, con una escritura clara, cargada de humor y sobre todo mucha reflexi\u00f3n.<\/p>\n<p>\u00bfEs posible construir un pa\u00eds ideal? \u00bfSe podr\u00edan llevar a la realidad algunas de las propuestas del PIE?<\/p>\n<p>\u00abSe ech\u00f3 mas agua en la cara. No quer\u00eda llorar. Viviana habr\u00eda dicho que salieran todas llorando por televisi\u00f3n. Enfatizar todo cuanto se pensaba como femenino, hacerlo hasta el rid\u00edculo hab\u00eda sido su genialidad. Nos hemos pasado demasiado tiempo arrepinti\u00e9ndonos de ser mujeres (dec\u00eda) y tratando de demostrar que no lo somos, como si serlo no fuera nuestra principal fuerza.\u00bb<\/p>\n","protected":false},"excerpt":{"rendered":"<p>Rese\u00f1a de Miriam Tulian. Me gust\u00f3 la originalidad de la autora, de imaginar un pa\u00eds gobernado solo por mujeres. Me [&hellip;]<\/p>\n","protected":false},"author":5,"featured_media":0,"parent":0,"menu_order":0,"comment_status":"open","ping_status":"closed","template":"","meta":{"site-sidebar-layout":"default","site-content-layout":"","ast-site-content-layout":"default","site-content-style":"default","site-sidebar-style":"default","ast-global-header-display":"","ast-banner-title-visibility":"","ast-main-header-display":"","ast-hfb-above-header-display":"","ast-hfb-below-header-display":"","ast-hfb-mobile-header-display":"","site-post-title":"","ast-breadcrumbs-content":"","ast-featured-img":"","footer-sml-layout":"","ast-disable-related-posts":"","theme-transparent-header-meta":"","adv-header-id-meta":"","stick-header-meta":"","header-above-stick-meta":"","header-main-stick-meta":"","header-below-stick-meta":"","astra-migrate-meta-layouts":"default","ast-page-background-enabled":"default","ast-page-background-meta":{"desktop":{"background-color":"var(--ast-global-color-4)","background-image":"","background-repeat":"repeat","background-position":"center center","background-size":"auto","background-attachment":"scroll","background-type":"","background-media":"","overlay-type":"","overlay-color":"","overlay-opacity":"","overlay-gradient":""},"tablet":{"background-color":"","background-image":"","background-repeat":"repeat","background-position":"center center","background-size":"auto","background-attachment":"scroll","background-type":"","background-media":"","overlay-type":"","overlay-color":"","overlay-opacity":"","overlay-gradient":""},"mobile":{"background-color":"","background-image":"","background-repeat":"repeat","background-position":"center center","background-size":"auto","background-attachment":"scroll","background-type":"","background-media":"","overlay-type":"","overlay-color":"","overlay-opacity":"","overlay-gradient":""}},"ast-content-background-meta":{"desktop":{"background-color":"var(--ast-global-color-5)","background-image":"","background-repeat":"repeat","background-position":"center center","background-size":"auto","background-attachment":"scroll","background-type":"","background-media":"","overlay-type":"","overlay-color":"","overlay-opacity":"","overlay-gradient":""},"tablet":{"background-color":"var(--ast-global-color-5)","background-image":"","background-repeat":"repeat","background-position":"center center","background-size":"auto","background-attachment":"scroll","background-type":"","background-media":"","overlay-type":"","overlay-color":"","overlay-opacity":"","overlay-gradient":""},"mobile":{"background-color":"var(--ast-global-color-5)","background-image":"","background-repeat":"repeat","background-position":"center center","background-size":"auto","background-attachment":"scroll","background-type":"","background-media":"","overlay-type":"","overlay-color":"","overlay-opacity":"","overlay-gradient":""}},"footnotes":""},"class_list":["post-15719","page","type-page","status-publish","hentry"],"_links":{"self":[{"href":"https:\/\/biblioargentina.gob.ar\/web\/wp-json\/wp\/v2\/pages\/15719","targetHints":{"allow":["GET"]}}],"collection":[{"href":"https:\/\/biblioargentina.gob.ar\/web\/wp-json\/wp\/v2\/pages"}],"about":[{"href":"https:\/\/biblioargentina.gob.ar\/web\/wp-json\/wp\/v2\/types\/page"}],"author":[{"embeddable":true,"href":"https:\/\/biblioargentina.gob.ar\/web\/wp-json\/wp\/v2\/users\/5"}],"replies":[{"embeddable":true,"href":"https:\/\/biblioargentina.gob.ar\/web\/wp-json\/wp\/v2\/comments?post=15719"}],"version-history":[{"count":9,"href":"https:\/\/biblioargentina.gob.ar\/web\/wp-json\/wp\/v2\/pages\/15719\/revisions"}],"predecessor-version":[{"id":16550,"href":"https:\/\/biblioargentina.gob.ar\/web\/wp-json\/wp\/v2\/pages\/15719\/revisions\/16550"}],"wp:attachment":[{"href":"https:\/\/biblioargentina.gob.ar\/web\/wp-json\/wp\/v2\/media?parent=15719"}],"curies":[{"name":"wp","href":"https:\/\/api.w.org\/{rel}","templated":true}]}}