{"id":15710,"date":"2023-10-20T15:16:52","date_gmt":"2023-10-20T15:16:52","guid":{"rendered":"https:\/\/biblioargentina.gob.ar\/web\/?page_id=15710"},"modified":"2023-11-17T14:31:40","modified_gmt":"2023-11-17T14:31:40","slug":"puras-mentiras-de-juan-forn","status":"publish","type":"page","link":"https:\/\/biblioargentina.gob.ar\/web\/puras-mentiras-de-juan-forn\/","title":{"rendered":"Puras mentiras, de Juan Forn"},"content":{"rendered":"<p><img decoding=\"async\" width=\"400\" height=\"289\" src=\"https:\/\/biblioargentina.gob.ar\/web\/wp-content\/uploads\/2023\/11\/Imagen-para-resenas-puras-mentiras.png\" alt=\"Tapa del libro donde se ve un cielo tormentoso con nubes y un desierto de arena con un camino hecho de pisadas con un fondo colorido de franjas verticales que asemejan libros.\" loading=\"lazy\" srcset=\"https:\/\/biblioargentina.gob.ar\/web\/wp-content\/uploads\/2023\/11\/Imagen-para-resenas-puras-mentiras.png 400w, https:\/\/biblioargentina.gob.ar\/web\/wp-content\/uploads\/2023\/11\/Imagen-para-resenas-puras-mentiras-300x217.png 300w\" sizes=\"auto, (max-width: 400px) 100vw, 400px\" \/>\t\t\t\t\t\t\t\t\t\t\t\t\t\t\t<\/p>\n<p><strong>Rese\u00f1a de Norma Marchetti.<\/strong><\/p>\n<p>Es la historia de Z, o Zabaleta o Zabala. Un tipo que pierde a su ex mujer, enciende el motor del auto y se fuga a Pampa del Mar -un lugar hecho de relatos-. El del hotelero Alcides, un ex luchador de cath que se acost\u00f3 con una hermana que cre\u00eda perdida. El de Nieves, una nena de 13 a\u00f1os que esconde un secreto. El de Alexis Mendez, un caribe\u00f1o ex guionista de telenovelas y amante de un cura. El de Bam Bam Hernandez Howard, que abandon\u00f3 su matrimonio en un aeropuerto. Todos parecen estar<br \/>escapando de alguien. Es el t\u00edtulo menos mencionado y recordado de las obras de ficci\u00f3n de Juan Forn.<\/p>\n<p>Una novela, que tal vez, necesite relectura, dado a la complejidad y el cruce entre las historias de los diferentes personajes, pero no por eso menos profunda y encantadora. El personaje principal interpela, identifica y enamora: \u201cCaminaba para cansarme y seguir durmiendo despu\u00e9s\u201d. Te deja con las ganas de m\u00e1s, de investigar la vida del autor, del lugar donde se desarrolla y sus or\u00edgenes.<\/p>\n<p><strong>T\u00edtulo:<\/strong> Puras mentiras.<\/p>\n<p><strong>Autor:<\/strong> Juan Forn.<\/p>\n<p><strong>Editorial:<\/strong> Emec\u00e9, Buenos Aires, 2010.<\/p>\n<p><strong>P\u00e1ginas:<\/strong> 219.<\/p>\n","protected":false},"excerpt":{"rendered":"<p>Rese\u00f1a de Norma Marchetti. Es la historia de Z, o Zabaleta o Zabala. Un tipo que pierde a su ex [&hellip;]<\/p>\n","protected":false},"author":5,"featured_media":0,"parent":0,"menu_order":0,"comment_status":"open","ping_status":"closed","template":"","meta":{"site-sidebar-layout":"default","site-content-layout":"","ast-site-content-layout":"default","site-content-style":"default","site-sidebar-style":"default","ast-global-header-display":"","ast-banner-title-visibility":"","ast-main-header-display":"","ast-hfb-above-header-display":"","ast-hfb-below-header-display":"","ast-hfb-mobile-header-display":"","site-post-title":"","ast-breadcrumbs-content":"","ast-featured-img":"","footer-sml-layout":"","ast-disable-related-posts":"","theme-transparent-header-meta":"","adv-header-id-meta":"","stick-header-meta":"","header-above-stick-meta":"","header-main-stick-meta":"","header-below-stick-meta":"","astra-migrate-meta-layouts":"default","ast-page-background-enabled":"default","ast-page-background-meta":{"desktop":{"background-color":"var(--ast-global-color-4)","background-image":"","background-repeat":"repeat","background-position":"center center","background-size":"auto","background-attachment":"scroll","background-type":"","background-media":"","overlay-type":"","overlay-color":"","overlay-opacity":"","overlay-gradient":""},"tablet":{"background-color":"","background-image":"","background-repeat":"repeat","background-position":"center center","background-size":"auto","background-attachment":"scroll","background-type":"","background-media":"","overlay-type":"","overlay-color":"","overlay-opacity":"","overlay-gradient":""},"mobile":{"background-color":"","background-image":"","background-repeat":"repeat","background-position":"center center","background-size":"auto","background-attachment":"scroll","background-type":"","background-media":"","overlay-type":"","overlay-color":"","overlay-opacity":"","overlay-gradient":""}},"ast-content-background-meta":{"desktop":{"background-color":"var(--ast-global-color-5)","background-image":"","background-repeat":"repeat","background-position":"center center","background-size":"auto","background-attachment":"scroll","background-type":"","background-media":"","overlay-type":"","overlay-color":"","overlay-opacity":"","overlay-gradient":""},"tablet":{"background-color":"var(--ast-global-color-5)","background-image":"","background-repeat":"repeat","background-position":"center center","background-size":"auto","background-attachment":"scroll","background-type":"","background-media":"","overlay-type":"","overlay-color":"","overlay-opacity":"","overlay-gradient":""},"mobile":{"background-color":"var(--ast-global-color-5)","background-image":"","background-repeat":"repeat","background-position":"center center","background-size":"auto","background-attachment":"scroll","background-type":"","background-media":"","overlay-type":"","overlay-color":"","overlay-opacity":"","overlay-gradient":""}},"footnotes":""},"class_list":["post-15710","page","type-page","status-publish","hentry"],"_links":{"self":[{"href":"https:\/\/biblioargentina.gob.ar\/web\/wp-json\/wp\/v2\/pages\/15710","targetHints":{"allow":["GET"]}}],"collection":[{"href":"https:\/\/biblioargentina.gob.ar\/web\/wp-json\/wp\/v2\/pages"}],"about":[{"href":"https:\/\/biblioargentina.gob.ar\/web\/wp-json\/wp\/v2\/types\/page"}],"author":[{"embeddable":true,"href":"https:\/\/biblioargentina.gob.ar\/web\/wp-json\/wp\/v2\/users\/5"}],"replies":[{"embeddable":true,"href":"https:\/\/biblioargentina.gob.ar\/web\/wp-json\/wp\/v2\/comments?post=15710"}],"version-history":[{"count":7,"href":"https:\/\/biblioargentina.gob.ar\/web\/wp-json\/wp\/v2\/pages\/15710\/revisions"}],"predecessor-version":[{"id":16067,"href":"https:\/\/biblioargentina.gob.ar\/web\/wp-json\/wp\/v2\/pages\/15710\/revisions\/16067"}],"wp:attachment":[{"href":"https:\/\/biblioargentina.gob.ar\/web\/wp-json\/wp\/v2\/media?parent=15710"}],"curies":[{"name":"wp","href":"https:\/\/api.w.org\/{rel}","templated":true}]}}