{"id":15699,"date":"2023-10-20T14:56:26","date_gmt":"2023-10-20T14:56:26","guid":{"rendered":"https:\/\/biblioargentina.gob.ar\/web\/?page_id=15699"},"modified":"2023-11-17T14:25:41","modified_gmt":"2023-11-17T14:25:41","slug":"las-amigas-de-aurora-venturini","status":"publish","type":"page","link":"https:\/\/biblioargentina.gob.ar\/web\/las-amigas-de-aurora-venturini\/","title":{"rendered":"Las amigas, de Aurora Venturini"},"content":{"rendered":"<p><img decoding=\"async\" width=\"400\" height=\"289\" src=\"https:\/\/biblioargentina.gob.ar\/web\/wp-content\/uploads\/2023\/11\/Imagen-para-resenas-las-amigas.png\" alt=\"Tapa del libro donde est\u00e1n dos mujeres tomando el t\u00e9 con un fondo colorido de franjas verticales que asemejan libros.\" loading=\"lazy\" srcset=\"https:\/\/biblioargentina.gob.ar\/web\/wp-content\/uploads\/2023\/11\/Imagen-para-resenas-las-amigas.png 400w, https:\/\/biblioargentina.gob.ar\/web\/wp-content\/uploads\/2023\/11\/Imagen-para-resenas-las-amigas-300x217.png 300w\" sizes=\"auto, (max-width: 400px) 100vw, 400px\" \/>\t\t\t\t\t\t\t\t\t\t\t\t\t\t\t<\/p>\n<p><strong>Rese\u00f1a de Alicia Oleaga.<\/strong><\/p>\n<p>En la primera p\u00e1gina de \u00e9sta novela encontramos el siguiente texto:<br \/>\u201cNovela en mon\u00f3logo secreto de la que surgen breves di\u00e1logos de autora a eventual y paciente lector\/a\u201d<br \/>A.V.<\/p>\n<p>Desde el inicio la autora nos plantea un trabajo particular de lectura que los lectores y lectoras tendremos<br \/>que realizar.<\/p>\n<p>Aurora Venturini cuando habla y cuando escribe lo hace sin puntuaci\u00f3n. \u201cEs una marca de su lengua literaria y de su lengua viperina, donde la cortes\u00eda era un tr\u00e1mite a pasar por alto&#8230;\u201d dice Liliana Viola<br \/>en el pr\u00f3logo.<\/p>\n<p>Es toda una aventura lectora, que requiere, a veces, ir y venir en el texto para no perder el hilo del relato.<\/p>\n<p>Escritura salvaje, feroz. Con un estilo que se sale de las convenciones del buen decir. Por momentos Venturini le habla al lector o lectora. Le explica por qu\u00e9 no uso el signo de pregunta o por qu\u00e9 s\u00ed, lo us\u00f3. En su escritura monologada , discurre su pensamiento y deriva en comentarios otros que limita con un \u201c y basta\u201d.<\/p>\n<p>La narradora es Yuna Riglos, pintora exitosa. Yuna vive sola y dedica muchas horas a pintar. Vamos conociendo sus h\u00e1bitos y gustos entramados en el relato de las vicisitudes de la vida de Antonella y, en otro cap\u00edtulo, de su compa\u00f1era de juventud Matilde du Pin. Yuna las recibe, no indaga sus vidas, no hace preguntas, les da cobijo, comida, un lugar. Yuna no da consejos, no censura. El por qu\u00e9 est\u00e1n all\u00ed se va develando y los lectores y lectoras lo vivimos a la par de Yuna. Los hechos presentes la llevan a los recuerdos de cuando vivi\u00f3 en Paris, donde la vida universitaria y las fiestas la pusieron en contacto con los famosos de la literatura, la filosof\u00eda y el cine. Poetas, escritores, poemas , caen en cascada desde su discurrir.<\/p>\n<p>Leer Las amigas es una experiencia exquisita, que recomiendo y al mejor estilo Venturini : \u201cy basta\u201d Aurora Venturini se hizo conocida en diciembre del 2007 cuando gana el premio Nueva Novela del diario P\u00e1gina 12 por su novela Las primas, coronando as\u00ed sus 85 a\u00f1os.<\/p>\n<p><strong>T\u00edtulo:<\/strong> Las amigas.<\/p>\n<p><strong>Autor:<\/strong> Aurora Venturini.<\/p>\n<p><strong>Editor:<\/strong> Ciudad Aut\u00f3noma de Buenos Aires: Tusquets, 2021.<\/p>\n<p><strong>P\u00e1ginas:<\/strong> 188.<\/p>\n","protected":false},"excerpt":{"rendered":"<p>Rese\u00f1a de Alicia Oleaga. En la primera p\u00e1gina de \u00e9sta novela encontramos el siguiente texto:\u201cNovela en mon\u00f3logo secreto de la [&hellip;]<\/p>\n","protected":false},"author":5,"featured_media":0,"parent":0,"menu_order":0,"comment_status":"open","ping_status":"closed","template":"","meta":{"site-sidebar-layout":"default","site-content-layout":"","ast-site-content-layout":"default","site-content-style":"default","site-sidebar-style":"default","ast-global-header-display":"","ast-banner-title-visibility":"","ast-main-header-display":"","ast-hfb-above-header-display":"","ast-hfb-below-header-display":"","ast-hfb-mobile-header-display":"","site-post-title":"","ast-breadcrumbs-content":"","ast-featured-img":"","footer-sml-layout":"","ast-disable-related-posts":"","theme-transparent-header-meta":"","adv-header-id-meta":"","stick-header-meta":"","header-above-stick-meta":"","header-main-stick-meta":"","header-below-stick-meta":"","astra-migrate-meta-layouts":"default","ast-page-background-enabled":"default","ast-page-background-meta":{"desktop":{"background-color":"var(--ast-global-color-4)","background-image":"","background-repeat":"repeat","background-position":"center center","background-size":"auto","background-attachment":"scroll","background-type":"","background-media":"","overlay-type":"","overlay-color":"","overlay-opacity":"","overlay-gradient":""},"tablet":{"background-color":"","background-image":"","background-repeat":"repeat","background-position":"center center","background-size":"auto","background-attachment":"scroll","background-type":"","background-media":"","overlay-type":"","overlay-color":"","overlay-opacity":"","overlay-gradient":""},"mobile":{"background-color":"","background-image":"","background-repeat":"repeat","background-position":"center center","background-size":"auto","background-attachment":"scroll","background-type":"","background-media":"","overlay-type":"","overlay-color":"","overlay-opacity":"","overlay-gradient":""}},"ast-content-background-meta":{"desktop":{"background-color":"var(--ast-global-color-5)","background-image":"","background-repeat":"repeat","background-position":"center center","background-size":"auto","background-attachment":"scroll","background-type":"","background-media":"","overlay-type":"","overlay-color":"","overlay-opacity":"","overlay-gradient":""},"tablet":{"background-color":"var(--ast-global-color-5)","background-image":"","background-repeat":"repeat","background-position":"center center","background-size":"auto","background-attachment":"scroll","background-type":"","background-media":"","overlay-type":"","overlay-color":"","overlay-opacity":"","overlay-gradient":""},"mobile":{"background-color":"var(--ast-global-color-5)","background-image":"","background-repeat":"repeat","background-position":"center center","background-size":"auto","background-attachment":"scroll","background-type":"","background-media":"","overlay-type":"","overlay-color":"","overlay-opacity":"","overlay-gradient":""}},"footnotes":""},"class_list":["post-15699","page","type-page","status-publish","hentry"],"_links":{"self":[{"href":"https:\/\/biblioargentina.gob.ar\/web\/wp-json\/wp\/v2\/pages\/15699","targetHints":{"allow":["GET"]}}],"collection":[{"href":"https:\/\/biblioargentina.gob.ar\/web\/wp-json\/wp\/v2\/pages"}],"about":[{"href":"https:\/\/biblioargentina.gob.ar\/web\/wp-json\/wp\/v2\/types\/page"}],"author":[{"embeddable":true,"href":"https:\/\/biblioargentina.gob.ar\/web\/wp-json\/wp\/v2\/users\/5"}],"replies":[{"embeddable":true,"href":"https:\/\/biblioargentina.gob.ar\/web\/wp-json\/wp\/v2\/comments?post=15699"}],"version-history":[{"count":7,"href":"https:\/\/biblioargentina.gob.ar\/web\/wp-json\/wp\/v2\/pages\/15699\/revisions"}],"predecessor-version":[{"id":16060,"href":"https:\/\/biblioargentina.gob.ar\/web\/wp-json\/wp\/v2\/pages\/15699\/revisions\/16060"}],"wp:attachment":[{"href":"https:\/\/biblioargentina.gob.ar\/web\/wp-json\/wp\/v2\/media?parent=15699"}],"curies":[{"name":"wp","href":"https:\/\/api.w.org\/{rel}","templated":true}]}}