{"id":14911,"date":"2023-08-24T14:21:38","date_gmt":"2023-08-24T14:21:38","guid":{"rendered":"https:\/\/biblioargentina.gob.ar\/web\/?page_id=14911"},"modified":"2023-08-24T14:23:11","modified_gmt":"2023-08-24T14:23:11","slug":"la-novia-de-sandro-de-camila-sosa-villada","status":"publish","type":"page","link":"https:\/\/biblioargentina.gob.ar\/web\/la-novia-de-sandro-de-camila-sosa-villada\/","title":{"rendered":"La novia de Sandro, de Camila Sosa Villada"},"content":{"rendered":"<p><img decoding=\"async\" width=\"400\" height=\"289\" src=\"https:\/\/biblioargentina.gob.ar\/web\/wp-content\/uploads\/2023\/08\/imagen-para-resenas-camila-sosa-villada.png\" alt=\"Rese\u00f1as literarias de Comunidades lectoras.\" loading=\"lazy\" srcset=\"https:\/\/biblioargentina.gob.ar\/web\/wp-content\/uploads\/2023\/08\/imagen-para-resenas-camila-sosa-villada.png 400w, https:\/\/biblioargentina.gob.ar\/web\/wp-content\/uploads\/2023\/08\/imagen-para-resenas-camila-sosa-villada-300x217.png 300w\" sizes=\"auto, (max-width: 400px) 100vw, 400px\" \/>\t\t\t\t\t\t\t\t\t\t\t\t\t\t\t<\/p>\n<p><i>La novia de Sandro<\/i> re\u00fane un conjunto de textos que revelan una po\u00e9tica visceral que deja al desnudo la hipocres\u00eda y la crueldad de una sociedad hacia lo distinto. Es un libro que emociona y que duele. No hay forma de que la empat\u00eda no entre en escena ante ese \u00abyo\u00bb que se desgarra por la pobreza, por las miserias humanas, por la injusticia, por la soledad, por el amor roto, por las peque\u00f1as crueldades de la vida cotidiana, por las experiencias vitales que duelen hasta provocar el grito.<\/p>\n<p><i>\u00abConozco a los hombres, yo misma sol\u00eda ser uno\u00bb,<\/i> nos hace llegar esta voz. Mediante los recursos de la ant\u00edtesis y de la enumeraci\u00f3n revela el contraste de sentimientos en relaci\u00f3n a los hombres: amor y dicha por su sexo, su cuerpo, su olor y odio por no ser elegida. Ese amor defraudado y la asunci\u00f3n de prostituta travesti tercermundista, que queda fuera de toda competencia, son gemidos que atraviesan los textos de Camila Sosa Villada.<\/p>\n<p>Otros de los ejes alrededor del cual se teje la palabra po\u00e9tica es la figura de la madre, en ella se condensa la alabanza por ese amor, por ese vientre materno en donde no era ni hombre ni mujer, donde no hab\u00eda amargura ni dolor. La memoria del pasado estalla as\u00ed en el grito de \u00abSoy madre del ni\u00f1o que fui\u00bb.<\/p>\n<p>Para finalizar, Camila Sosa Villada nos ofrece una escritura que se gesta en y desde los m\u00e1rgenes, donde los versos de poes\u00eda exquisita, musicales, aterciopelados, plenos de im\u00e1genes l\u00edricas (\u00abuna lluvia se desmaya\u00bb\/ \u00abuna filigrana de agua se tej\u00eda con delicadeza\u00bb\/\u00bby emprend\u00ed un viaje sobre el lomo manso de mi juventud\u00bb) se mixturan con im\u00e1genes que imponen la dureza de lo real, de lo carnal, de lo cotidiano (\u00abSoy una negra de mierda\u00bb\/\u00bblo engord\u00e9 como un chancho\u00bb\/\u00bblo guard\u00e1s en una bolsa sucia del supermercado\u00bb).<\/p>\n<p>En esta alquimia todo puede ser poetizado, tras una veladura de melancol\u00eda este poemario nos lleva suave, dulce y amargamente a un mundo donde no alcanzan los amuletos ni los cencerros, ni la Virgen de las travestis ni la Virgen del Valle para conjurar la muerte que merodea, el pasado que habla, el presente que lastima, el desamor que condena y la pobreza que humilla.<\/p>\n<p>\u00a0<\/p>\n<p>Por Rosal\u00eda Mondino.<\/p>\n<p>\u00a0<\/p>\n<p>T\u00edtulo: La novia de Sandro.<\/p>\n<p>Autor: Camila Sosa Villada.<\/p>\n<p>Editorial: Caballo Negro, C\u00f3rdoba,\u00a0 2017.<\/p>\n<p>P\u00e1ginas: 54.<\/p>\n","protected":false},"excerpt":{"rendered":"<p>La novia de Sandro re\u00fane un conjunto de textos que revelan una po\u00e9tica visceral que deja al desnudo la hipocres\u00eda [&hellip;]<\/p>\n","protected":false},"author":5,"featured_media":0,"parent":0,"menu_order":0,"comment_status":"open","ping_status":"closed","template":"","meta":{"site-sidebar-layout":"default","site-content-layout":"","ast-site-content-layout":"default","site-content-style":"default","site-sidebar-style":"default","ast-global-header-display":"","ast-banner-title-visibility":"","ast-main-header-display":"","ast-hfb-above-header-display":"","ast-hfb-below-header-display":"","ast-hfb-mobile-header-display":"","site-post-title":"","ast-breadcrumbs-content":"","ast-featured-img":"","footer-sml-layout":"","ast-disable-related-posts":"","theme-transparent-header-meta":"","adv-header-id-meta":"","stick-header-meta":"","header-above-stick-meta":"","header-main-stick-meta":"","header-below-stick-meta":"","astra-migrate-meta-layouts":"default","ast-page-background-enabled":"default","ast-page-background-meta":{"desktop":{"background-color":"var(--ast-global-color-4)","background-image":"","background-repeat":"repeat","background-position":"center center","background-size":"auto","background-attachment":"scroll","background-type":"","background-media":"","overlay-type":"","overlay-color":"","overlay-opacity":"","overlay-gradient":""},"tablet":{"background-color":"","background-image":"","background-repeat":"repeat","background-position":"center center","background-size":"auto","background-attachment":"scroll","background-type":"","background-media":"","overlay-type":"","overlay-color":"","overlay-opacity":"","overlay-gradient":""},"mobile":{"background-color":"","background-image":"","background-repeat":"repeat","background-position":"center center","background-size":"auto","background-attachment":"scroll","background-type":"","background-media":"","overlay-type":"","overlay-color":"","overlay-opacity":"","overlay-gradient":""}},"ast-content-background-meta":{"desktop":{"background-color":"var(--ast-global-color-5)","background-image":"","background-repeat":"repeat","background-position":"center center","background-size":"auto","background-attachment":"scroll","background-type":"","background-media":"","overlay-type":"","overlay-color":"","overlay-opacity":"","overlay-gradient":""},"tablet":{"background-color":"var(--ast-global-color-5)","background-image":"","background-repeat":"repeat","background-position":"center center","background-size":"auto","background-attachment":"scroll","background-type":"","background-media":"","overlay-type":"","overlay-color":"","overlay-opacity":"","overlay-gradient":""},"mobile":{"background-color":"var(--ast-global-color-5)","background-image":"","background-repeat":"repeat","background-position":"center center","background-size":"auto","background-attachment":"scroll","background-type":"","background-media":"","overlay-type":"","overlay-color":"","overlay-opacity":"","overlay-gradient":""}},"footnotes":""},"class_list":["post-14911","page","type-page","status-publish","hentry"],"_links":{"self":[{"href":"https:\/\/biblioargentina.gob.ar\/web\/wp-json\/wp\/v2\/pages\/14911","targetHints":{"allow":["GET"]}}],"collection":[{"href":"https:\/\/biblioargentina.gob.ar\/web\/wp-json\/wp\/v2\/pages"}],"about":[{"href":"https:\/\/biblioargentina.gob.ar\/web\/wp-json\/wp\/v2\/types\/page"}],"author":[{"embeddable":true,"href":"https:\/\/biblioargentina.gob.ar\/web\/wp-json\/wp\/v2\/users\/5"}],"replies":[{"embeddable":true,"href":"https:\/\/biblioargentina.gob.ar\/web\/wp-json\/wp\/v2\/comments?post=14911"}],"version-history":[{"count":4,"href":"https:\/\/biblioargentina.gob.ar\/web\/wp-json\/wp\/v2\/pages\/14911\/revisions"}],"predecessor-version":[{"id":14915,"href":"https:\/\/biblioargentina.gob.ar\/web\/wp-json\/wp\/v2\/pages\/14911\/revisions\/14915"}],"wp:attachment":[{"href":"https:\/\/biblioargentina.gob.ar\/web\/wp-json\/wp\/v2\/media?parent=14911"}],"curies":[{"name":"wp","href":"https:\/\/api.w.org\/{rel}","templated":true}]}}