{"id":14880,"date":"2023-08-24T12:13:17","date_gmt":"2023-08-24T12:13:17","guid":{"rendered":"https:\/\/biblioargentina.gob.ar\/web\/?page_id=14880"},"modified":"2023-11-17T10:47:32","modified_gmt":"2023-11-17T10:47:32","slug":"novisimos-poemas-ineditos-de-juana-bignozzi","status":"publish","type":"page","link":"https:\/\/biblioargentina.gob.ar\/web\/novisimos-poemas-ineditos-de-juana-bignozzi\/","title":{"rendered":"Nov\u00edsimos Poemas in\u00e9ditos, de Juana Bignozzi"},"content":{"rendered":"<p><img decoding=\"async\" width=\"400\" height=\"289\" src=\"https:\/\/biblioargentina.gob.ar\/web\/wp-content\/uploads\/2023\/08\/Imagen-para-resenas-bignosi.png\" alt=\"Rese\u00f1as literarias de Comunidades lectoras.\" loading=\"lazy\" srcset=\"https:\/\/biblioargentina.gob.ar\/web\/wp-content\/uploads\/2023\/08\/Imagen-para-resenas-bignosi.png 400w, https:\/\/biblioargentina.gob.ar\/web\/wp-content\/uploads\/2023\/08\/Imagen-para-resenas-bignosi-300x217.png 300w\" sizes=\"auto, (max-width: 400px) 100vw, 400px\" \/>\t\t\t\t\t\t\t\t\t\t\t\t\t\t\t<\/p>\n<p><b><strong>Rese\u00f1a de <\/strong>Mariana Miranda.<\/b><\/p>\n<p>Con una lengua muy filosa y una visi\u00f3n despiadada que toca los bordes del cinismo la autora construye su despedida de este mundo. Hacia sus \u00faltimos a\u00f1os de vida Juana Bignozzi reflexiona sobre todo: la realidad del pa\u00eds al que retorna, despu\u00e9s de treinta a\u00f1os de exilio: \u201c<i>s\u00e9 que volv\u00ed\/ cierro los ojos ante el desastre\u201d<\/i>, \u201c<i>los derrotados vuelven para ser guillotinados\u201d, \u201cdesasosiego\/ \u00e9sa es mi patria\u201d<\/i>; las nuevas generaciones de poetas: <i>\u201cconfunden malditos con chicos alimentados con milanesas\u201d, \u201cuna far\u00e1ndula que sue\u00f1a con ser culta\u201d<\/i>; la necesidad de un albacea, heredero de su propia obra: <i>\u201c\u00bfla lucidez termina en un testamento para extra\u00f1os?\u201d<\/i>; un duelo de su marido: <i>\u201ctuvimos una maravillosa vida\/ en cuarenta y seis a\u00f1os logramos no odiarnos\u201d<\/i>.<\/p>\n<p>Desde su militancia comunista y su ac\u00e9rrimo antiperonismo reconoce la derrota: <i>\u201cganaron otros\u201d<\/i>, <i>\u201cy yo\/ agotada\/ debo explicar qu\u00e9 es un gramsciano\u201d<\/i>.<\/p>\n<p>Estos poemas son un duelo, una despedida, un largo y exquisito camino del adi\u00f3s.\u00a0<\/p>\n<p>Juana Bignozzi es una poeta fundamental, una imprescindible a la hora de entender qu\u00e9 es poes\u00eda y qu\u00e9 no, desde una ideolog\u00eda pol\u00edtica profunda construye versos que siguen siendo, a pesar de todo, un canto a la vida, a la libertad, al amor y a la muerte.<\/p>\n<p><strong>T\u00edtulo:<\/strong> Nov\u00edsimos.<\/p>\n<p><strong>Autor:<\/strong> Juana Bignozzi.<\/p>\n<p><strong>Editorial:<\/strong> Adriana Hidalgo, Bs. As. 2019.<\/p>\n<p><strong>P\u00e1ginas: <\/strong>128.<\/p>\n","protected":false},"excerpt":{"rendered":"<p>Rese\u00f1a de Mariana Miranda. Con una lengua muy filosa y una visi\u00f3n despiadada que toca los bordes del cinismo la [&hellip;]<\/p>\n","protected":false},"author":5,"featured_media":0,"parent":0,"menu_order":0,"comment_status":"open","ping_status":"closed","template":"","meta":{"site-sidebar-layout":"default","site-content-layout":"","ast-site-content-layout":"default","site-content-style":"default","site-sidebar-style":"default","ast-global-header-display":"","ast-banner-title-visibility":"","ast-main-header-display":"","ast-hfb-above-header-display":"","ast-hfb-below-header-display":"","ast-hfb-mobile-header-display":"","site-post-title":"","ast-breadcrumbs-content":"","ast-featured-img":"","footer-sml-layout":"","ast-disable-related-posts":"","theme-transparent-header-meta":"","adv-header-id-meta":"","stick-header-meta":"","header-above-stick-meta":"","header-main-stick-meta":"","header-below-stick-meta":"","astra-migrate-meta-layouts":"default","ast-page-background-enabled":"default","ast-page-background-meta":{"desktop":{"background-color":"var(--ast-global-color-4)","background-image":"","background-repeat":"repeat","background-position":"center center","background-size":"auto","background-attachment":"scroll","background-type":"","background-media":"","overlay-type":"","overlay-color":"","overlay-opacity":"","overlay-gradient":""},"tablet":{"background-color":"","background-image":"","background-repeat":"repeat","background-position":"center center","background-size":"auto","background-attachment":"scroll","background-type":"","background-media":"","overlay-type":"","overlay-color":"","overlay-opacity":"","overlay-gradient":""},"mobile":{"background-color":"","background-image":"","background-repeat":"repeat","background-position":"center center","background-size":"auto","background-attachment":"scroll","background-type":"","background-media":"","overlay-type":"","overlay-color":"","overlay-opacity":"","overlay-gradient":""}},"ast-content-background-meta":{"desktop":{"background-color":"var(--ast-global-color-5)","background-image":"","background-repeat":"repeat","background-position":"center center","background-size":"auto","background-attachment":"scroll","background-type":"","background-media":"","overlay-type":"","overlay-color":"","overlay-opacity":"","overlay-gradient":""},"tablet":{"background-color":"var(--ast-global-color-5)","background-image":"","background-repeat":"repeat","background-position":"center center","background-size":"auto","background-attachment":"scroll","background-type":"","background-media":"","overlay-type":"","overlay-color":"","overlay-opacity":"","overlay-gradient":""},"mobile":{"background-color":"var(--ast-global-color-5)","background-image":"","background-repeat":"repeat","background-position":"center center","background-size":"auto","background-attachment":"scroll","background-type":"","background-media":"","overlay-type":"","overlay-color":"","overlay-opacity":"","overlay-gradient":""}},"footnotes":""},"class_list":["post-14880","page","type-page","status-publish","hentry"],"_links":{"self":[{"href":"https:\/\/biblioargentina.gob.ar\/web\/wp-json\/wp\/v2\/pages\/14880","targetHints":{"allow":["GET"]}}],"collection":[{"href":"https:\/\/biblioargentina.gob.ar\/web\/wp-json\/wp\/v2\/pages"}],"about":[{"href":"https:\/\/biblioargentina.gob.ar\/web\/wp-json\/wp\/v2\/types\/page"}],"author":[{"embeddable":true,"href":"https:\/\/biblioargentina.gob.ar\/web\/wp-json\/wp\/v2\/users\/5"}],"replies":[{"embeddable":true,"href":"https:\/\/biblioargentina.gob.ar\/web\/wp-json\/wp\/v2\/comments?post=14880"}],"version-history":[{"count":7,"href":"https:\/\/biblioargentina.gob.ar\/web\/wp-json\/wp\/v2\/pages\/14880\/revisions"}],"predecessor-version":[{"id":16018,"href":"https:\/\/biblioargentina.gob.ar\/web\/wp-json\/wp\/v2\/pages\/14880\/revisions\/16018"}],"wp:attachment":[{"href":"https:\/\/biblioargentina.gob.ar\/web\/wp-json\/wp\/v2\/media?parent=14880"}],"curies":[{"name":"wp","href":"https:\/\/api.w.org\/{rel}","templated":true}]}}