{"id":14864,"date":"2023-08-23T14:28:39","date_gmt":"2023-08-23T14:28:39","guid":{"rendered":"https:\/\/biblioargentina.gob.ar\/web\/?page_id=14864"},"modified":"2025-08-14T10:41:36","modified_gmt":"2025-08-14T10:41:36","slug":"resenas-literarias","status":"publish","type":"page","link":"https:\/\/biblioargentina.gob.ar\/web\/resenas-literarias\/","title":{"rendered":"Rese\u00f1as literarias"},"content":{"rendered":"<p><img loading=\"lazy\" decoding=\"async\" src=\"https:\/\/biblioargentina.gob.ar\/web\/wp-content\/uploads\/2023\/09\/imagen-wordpress-resenas-literarias.png\" sizes=\"auto, (max-width: 400px) 100vw, 400px\" srcset=\"https:\/\/biblioargentina.gob.ar\/web\/wp-content\/uploads\/2023\/09\/imagen-wordpress-resenas-literarias.png 400w, https:\/\/biblioargentina.gob.ar\/web\/wp-content\/uploads\/2023\/09\/imagen-wordpress-resenas-literarias-300x300.png 300w, https:\/\/biblioargentina.gob.ar\/web\/wp-content\/uploads\/2023\/09\/imagen-wordpress-resenas-literarias-150x150.png 150w, https:\/\/biblioargentina.gob.ar\/web\/wp-content\/uploads\/2023\/09\/imagen-wordpress-resenas-literarias-360x360.png 360w\" alt=\"Foto de la contratapa de un libro sostenida por la mano izquierda de una persona; y con el dedo \u00edndice de la mano derecha se\u00f1ala el texto escrito que aparece en la misma contratapa.\" width=\"400\" height=\"400\" \/><\/p>\n<p>Estas rese\u00f1as fueron realizadas por las participantes en <a href=\"https:\/\/biblioargentina.gob.ar\/web\/comunidades-lectoras\/\">Comunidades lectoras<\/a> y est\u00e1n al servicio de las y los lectores con el fin de acercar novedades, sugerencias literarias y hacer crecer esta comunidad. Las mismas fueron construidas a partir de los libros le\u00eddos y con las herramientas brindadas durante los encuentros realizados en la Biblioteca Argentina.<\/p>\n<h2>Las rese\u00f1as literarias de la Biblio<\/h2>\n<h3>\u00bfEscuchaste hablar de rese\u00f1as literarias?<\/h3>\n<p>Una rese\u00f1a literaria es una herramienta que nos permite conocer, mediante un texto breve y valorativo, informaci\u00f3n acerca de un libro.<\/p>\n<h3>\u00bfQu\u00e9 est\u00e1s leyendo?<\/h3>\n<p>En esta secci\u00f3n vas a encontrar distintas recomendaciones para disfrutar de la gran colecci\u00f3n disponible en el cat\u00e1logo de nuestra Biblioteca.<br \/>\nEste a\u00f1o ingresaron mas de 500 libros nuevos y desde Comunidades Lectoras comenzamos a rese\u00f1ar los que fuimos leyendo y m\u00e1s nos gustaron.<\/p>\n<p>Para escribir nuestras primeras rese\u00f1as se destacaron obras de Camila Sosa Villada, Samanta Schweblin, Ariana Harwicz, Alejandro Zambra, Aurora Venturini y Doris Lessing, entre otros.<\/p>\n<p>Si quer\u00e9s comenzar a leer y no sabes por donde, te dejamos estas sugerencias.<\/p>\n<p>Tambi\u00e9n podes acceder a la lista de adquisiciones 2023 ingresando en el <a href=\"https:\/\/biblio1.rosario.gob.ar\/cgi-bin\/koha\/opac-shelves.pl?op=view&amp;shelfnumber=531&amp;sortfield=author\">cat\u00e1logo colectivo<\/a>.<\/p>\n<figure><img loading=\"lazy\" decoding=\"async\" src=\"https:\/\/biblioargentina.gob.ar\/web\/wp-content\/uploads\/2023\/08\/Imagen-para-resenas-juana-bignozzi.png\" alt=\"\" width=\"400\" height=\"289\" \/><\/figure>\n<h3>Nov\u00edsimos<\/h3>\n<p>Con una lengua muy filosa y una visi\u00f3n despiadada que toca los bordes del cinismo la autora construye su despedida de este mundo. Hacia sus \u00faltimos a\u00f1os de vida Juana Bignozzi reflexiona sobre todo<\/p>\n<p><a href=\"https:\/\/biblioargentina.gob.ar\/web\/novisimos-poemas-ineditos-de-juana-bignozzi\/\"><br \/>\nLeer m\u00e1s<br \/>\n<\/a><\/p>\n<figure><img loading=\"lazy\" decoding=\"async\" src=\"https:\/\/biblioargentina.gob.ar\/web\/wp-content\/uploads\/2023\/11\/Imagen-para-resenas-foto-de-Alejandro-Zambra.png\" alt=\"Foto de Alejandro Zambra con un fondo colorido de franjas verticales que asemejan libros.\" width=\"400\" height=\"289\" \/><\/figure>\n<h3>Formas de volver a casa<\/h3>\n<p>Novela narrada en primera persona, estructurada en base a cuatro cap\u00edtulos.<br \/>\nEl primero de ellos, corresponde a la mirada del ni\u00f1o de 9 a\u00f1os cuya vida transcurre en el Chile de Pinochet.<\/p>\n<p><a href=\"https:\/\/biblioargentina.gob.ar\/web\/formas-de-volver-a-casa-de-alejandro-zambra\/\"><br \/>\nLeer m\u00e1s<br \/>\n<\/a><\/p>\n<figure><img loading=\"lazy\" decoding=\"async\" src=\"https:\/\/biblioargentina.gob.ar\/web\/wp-content\/uploads\/2023\/08\/Imagen-para-resenas-camila-sosa-villada-2.png\" alt=\"\" width=\"400\" height=\"289\" \/><\/figure>\n<h3>La novia de Sandro<\/h3>\n<p>\u00abLa novia de Sandro\u00bb re\u00fane un conjunto de textos que revelan una po\u00e9tica visceral que deja al desnudo la hipocres\u00eda y la crueldad de una sociedad hacia lo distinto. Es un libro que emociona<\/p>\n<p><a href=\"https:\/\/biblioargentina.gob.ar\/web\/la-novia-de-sandro-de-camila-sosa-villada\/\"><br \/>\nLeer m\u00e1s<br \/>\n<\/a><\/p>\n<figure><img loading=\"lazy\" decoding=\"async\" src=\"https:\/\/biblioargentina.gob.ar\/web\/wp-content\/uploads\/2023\/11\/Imagen-para-resenas-aurora-venturini.png\" alt=\"\" width=\"400\" height=\"289\" \/><\/figure>\n<h3>Las Primas<\/h3>\n<p>\u201cLas primas\u201d libro ficci\u00f3n, de Aurora Venturini, podr\u00eda inscribirse dentro de la llamada po\u00e9tica del realismo sucio, escatol\u00f3gico, brutal. Escrito con notoria sencillez, sensorialidad y econom\u00eda<\/p>\n<p><a href=\"https:\/\/biblioargentina.gob.ar\/web\/las-primas-de-aurora-venturini\/\"><br \/>\nLeer m\u00e1s<br \/>\n<\/a><\/p>\n<figure><img loading=\"lazy\" decoding=\"async\" src=\"https:\/\/biblioargentina.gob.ar\/web\/wp-content\/uploads\/2023\/11\/Imagen-para-resenas-Margo-Glantz.png\" alt=\"Foto de Margo Glantz con un fondo colorido de franjas verticales que asemejan libros.\" width=\"400\" height=\"289\" \/><\/figure>\n<h3>S\u00f3lo lo fugitivo permanece<\/h3>\n<p>Si la asociaci\u00f3n libre y la atenci\u00f3n flotante son la regla de oro del m\u00e9todo psicoanal\u00edtico, aqu\u00ed la autora las utiliza para construir su obra: en un verdadero trabajo de orfebrer\u00eda construye textos<\/p>\n<p><a href=\"https:\/\/biblioargentina.gob.ar\/web\/solo-lo-fugitivo-permanece-cuentos-de-margo-glantz\/\"><br \/>\nLeer m\u00e1s<br \/>\n<\/a><\/p>\n<figure><img loading=\"lazy\" decoding=\"async\" src=\"https:\/\/biblioargentina.gob.ar\/web\/wp-content\/uploads\/2023\/11\/Imagen-para-resenas-lengua-madre.png\" alt=\"Tapa del libro con el texto que dice Mar\u00eda Teresa Andruetto, Lengua madre y una imagen ilustrativa con un fondo colorido de franjas verticales que asemejan libros.\" width=\"400\" height=\"289\" \/><\/figure>\n<h3>Lengua Madre<\/h3>\n<p>En un maravilloso trabajo de arquitectura epistolar la autora de esta obra, Mar\u00eda Teresa Andruetto, construye por intermedio de las cartas, le\u00eddas sin ton ni son y mezcladas<br \/>\nentre s\u00ed<\/p>\n<p><a href=\"https:\/\/biblioargentina.gob.ar\/web\/lengua-madre-de-maria-teresa-andruetto\/\"><br \/>\nLeer m\u00e1s<br \/>\n<\/a><\/p>\n<figure><img loading=\"lazy\" decoding=\"async\" src=\"https:\/\/biblioargentina.gob.ar\/web\/wp-content\/uploads\/2023\/11\/Imagen-para-resenas-las-amigas.png\" alt=\"Tapa del libro donde est\u00e1n dos mujeres tomando el t\u00e9 con un fondo colorido de franjas verticales que asemejan libros.\" width=\"400\" height=\"289\" \/><\/figure>\n<h3>Las amigas<\/h3>\n<p>En la primera p\u00e1gina de \u00e9sta novela encontramos el siguiente texto:<br \/>\n\u201cNovela en mon\u00f3logo secreto de la que surgen breves di\u00e1logos de autora a eventual y paciente lector\/a\u201d<br \/>\nA.V.<\/p>\n<p><a href=\"https:\/\/biblioargentina.gob.ar\/web\/las-amigas-de-aurora-venturini\/\"><br \/>\nLeer m\u00e1s<br \/>\n<\/a><\/p>\n<figure><img loading=\"lazy\" decoding=\"async\" src=\"https:\/\/biblioargentina.gob.ar\/web\/wp-content\/uploads\/2023\/11\/Imagen-para-resenas-puras-mentiras.png\" alt=\"Tapa del libro donde se ve un cielo tormentoso con nubes y un desierto de arena con un camino hecho de pisadas con un fondo colorido de franjas verticales que asemejan libros.\" width=\"400\" height=\"289\" \/><\/figure>\n<h3>Puras mentiras<\/h3>\n<p>Es la historia de Z, o Zabaleta o Zabala. Un tipo que pierde a su ex mujer, enciende el motor del auto y<br \/>\nse fuga a Pampa del Mar -un lugar hecho de relatos-. El del hotelero Alcides<\/p>\n<p><a href=\"https:\/\/biblioargentina.gob.ar\/web\/puras-mentiras-de-juan-forn\/\"><br \/>\nLeer m\u00e1s<br \/>\n<\/a><\/p>\n<figure><img loading=\"lazy\" decoding=\"async\" src=\"https:\/\/biblioargentina.gob.ar\/web\/wp-content\/uploads\/2023\/11\/Imagen-para-resenas-el-pais-de-las-mujeres.png\" alt=\"Tapa del libro donde se ve un paisaje de un volc\u00e1n de fondo, \u00e1rboles y c\u00e9sped en un tono verde y en primer plano un par de zapatos rojos con un fondo colorido de franjas verticales que asemejan libros.\" width=\"400\" height=\"289\" \/><\/figure>\n<h3>El pa\u00eds de las mujeres<\/h3>\n<p>Me gust\u00f3 la originalidad de la autora, de imaginar un pa\u00eds gobernado solo por mujeres. Me impact\u00f3 el<br \/>\ncomienzo, porque ocurre un hecho que no me esperaba que ocurriera en las primeras p\u00e1ginas<\/p>\n<p><a href=\"https:\/\/biblioargentina.gob.ar\/web\/el-pais-de-las-mujeres-de-gioconda-belli\/\"><br \/>\nLeer m\u00e1s<br \/>\n<\/a><\/p>\n<figure><img loading=\"lazy\" decoding=\"async\" src=\"https:\/\/biblioargentina.gob.ar\/web\/wp-content\/uploads\/2023\/11\/Imagen-para-resenas-negro-el-dolor-del-mundo.png\" alt=\"Tapa del libro donde se ve un hombre con un fondo colorido de franjas verticales que asemejan libros.\" width=\"400\" height=\"289\" \/><\/figure>\n<h3>Negro el dolor del mundo<\/h3>\n<p>En un ir y venir que transitamos de pasado al presente el autor lleva por un camino sinuoso la historia real<br \/>\nde un universo ignorado en la Bs As del siglo XVIII, la esclavitud.<\/p>\n<p><a href=\"https:\/\/biblioargentina.gob.ar\/web\/negro-el-dolor-del-mundo-de-marcelo-caruso\/\"><br \/>\nLeer m\u00e1s<br \/>\n<\/a><\/p>\n<figure><img loading=\"lazy\" decoding=\"async\" src=\"https:\/\/biblioargentina.gob.ar\/web\/wp-content\/uploads\/2023\/11\/Imagen-para-resenas-el-quinto-hijo.png\" alt=\"\" width=\"400\" height=\"289\" \/><\/figure>\n<h3>El quinto hijo<\/h3>\n<p>La historia se desarrolla en Londres, finales de los 60. Una pareja de reci\u00e9n casados compran una casa enorme para llevar a cabo su sue\u00f1o de familia numerosa. Las cosas transcurren con<\/p>\n<p><a href=\"https:\/\/biblioargentina.gob.ar\/web\/el-quinto-hijo-de-doris-lessing\/\"><br \/>\nLeer m\u00e1s<br \/>\n<\/a><\/p>\n<figure><img loading=\"lazy\" decoding=\"async\" src=\"https:\/\/biblioargentina.gob.ar\/web\/wp-content\/uploads\/2023\/11\/Imagen-para-resenas-rachid-benzine.png\" alt=\"\" width=\"400\" height=\"289\" \/><\/figure>\n<h3>As\u00ed hablaba mi madre<\/h3>\n<p>Un hijo profesor de letras, una madre analfabeta y un libro que los une \u201cLa piel de zapa\u201d de Balzac.<br \/>\n\u201cSeguramente se preguntar\u00e1n qu\u00e9 es lo que hago en el cuarto de mi madre.<\/p>\n<p><a href=\"https:\/\/biblioargentina.gob.ar\/web\/asi-hablaba-mi-madre-de-rachid-benzine\/\"><br \/>\nLeer m\u00e1s<br \/>\n<\/a><\/p>\n<figure><img loading=\"lazy\" decoding=\"async\" src=\"https:\/\/biblioargentina.gob.ar\/web\/wp-content\/uploads\/2024\/04\/Imagen-para-resenas-2024.png\" alt=\"\" width=\"400\" height=\"289\" \/><\/figure>\n<h3>Chamam\u00e9, de Leonardo Oyola<\/h3>\n<p>Leonardo Oyola es un escritor argentino, bonaerense, contempor\u00e1neo y cultor de la novela policial negra. En este caso, rese\u00f1ar\u00e9 Chamam\u00e9 por la que ha recibido el premio Dashiell Hammett, entregado en la Semana Negra de Gij\u00f3n,<\/p>\n<p><a href=\"https:\/\/biblioargentina.gob.ar\/web\/chamame-de-leonardo-oyola\/\"><br \/>\nLeer m\u00e1s<br \/>\n<\/a><\/p>\n<figure><img loading=\"lazy\" decoding=\"async\" src=\"https:\/\/biblioargentina.gob.ar\/web\/wp-content\/uploads\/2024\/04\/Imagen-para-resenas-2024-2.png\" alt=\"\" width=\"400\" height=\"289\" \/><\/figure>\n<h3>Matate, amor, de Ariana Harwicz<\/h3>\n<p>\u00abQuiero ir al ba\u00f1o desde que termin\u00f3 el almuerzo pero es imposible hacer otra cosa que ser madre. Y dale con el llanto, llora, llora, llora, me va a trastornar. Soy madre, listo. Me arrepiento, pero ni siquiera lo puedo decir.\u00bb<br \/>\nUna historia<\/p>\n<p><a href=\"https:\/\/biblioargentina.gob.ar\/web\/matate-amor-de-ariana-harwicz\/\"><br \/>\nLeer m\u00e1s<br \/>\n<\/a><\/p>\n<figure><img loading=\"lazy\" decoding=\"async\" src=\"https:\/\/biblioargentina.gob.ar\/web\/wp-content\/uploads\/2024\/04\/Imagen-para-resenas-3.png\" alt=\"\" width=\"400\" height=\"289\" \/><\/figure>\n<h3>Distancia de rescate, de Samanta Schweblin<\/h3>\n<p>Novela corta o cuento largo, que comienza con el relato a dos voces entre Amanda, una de las protagonistas y David, el hijo de Carla, la otra.<br \/>\nA medida que avanza la lectura, nos sumerge en<\/p>\n<p><a href=\"https:\/\/biblioargentina.gob.ar\/web\/distancia-de-rescate-de-samanta-schweblin\/\"><br \/>\nLeer m\u00e1s<br \/>\n<\/a><\/p>\n<figure><img loading=\"lazy\" decoding=\"async\" src=\"https:\/\/biblioargentina.gob.ar\/web\/wp-content\/uploads\/2024\/07\/Imagen-para-resenas-de-Jocelyne-Saucier.png\" alt=\"\" width=\"400\" height=\"289\" \/><\/figure>\n<h3>Y llovieron p\u00e1jaros, de Jocelyne Saucier<\/h3>\n<p>Tres hombres, mayores de ochenta a\u00f1os, deciden dejar su vida atr\u00e1s e irse a vivir a los bosques del norte de Canad\u00e1.<br \/>\nRodeados\u00a0 de naturaleza encuentran su refugio, y cuando pensaban que no necesitaban nada m\u00e1s, la vida da un giro inesperado<\/p>\n<p><a href=\"https:\/\/biblioargentina.gob.ar\/web\/y-llovieron-pajaros-de-jocelyne-saucier\/\"><br \/>\nLeer m\u00e1s<br \/>\n<\/a><\/p>\n<figure><img loading=\"lazy\" decoding=\"async\" src=\"https:\/\/biblioargentina.gob.ar\/web\/wp-content\/uploads\/2024\/08\/Imagen-para-resenas-foto-de-Monica-Ojeda.png\" alt=\"\" width=\"400\" height=\"289\" \/><\/figure>\n<h3>Las voladoras, de M\u00f3nica Ojeda<\/h3>\n<p>Las voladoras es un libro breve, de ocho cuentos, de la escritora ecuatoriana M\u00f3nica Ojeda (1988). Su escritura particular nos convoca a introducirnos en lo que la misma autora defini\u00f3 como g\u00f3tico andino.<br \/>\nEncontraremos personajes femeninos<\/p>\n<p><a href=\"https:\/\/biblioargentina.gob.ar\/web\/las-voladoras-de-monica-ojeda\/\"><br \/>\nLeer m\u00e1s<br \/>\n<\/a><\/p>\n<figure><img loading=\"lazy\" decoding=\"async\" src=\"https:\/\/biblioargentina.gob.ar\/web\/wp-content\/uploads\/2024\/08\/Imagen-para-resenas-foto-de-Ray-Bradbury.png\" alt=\"\" width=\"400\" height=\"289\" \/><\/figure>\n<h3>Las doradas manzanas del sol, de Ray Bradbury<\/h3>\n<p>En la contratapa del libro se se\u00f1ala: \u201cBradbury muestra aqu\u00ed su ya famoso poder de expresar con la historia de un individuo \u2013El peat\u00f3n, El asesino, El basurero-, toda una visi\u00f3n del mundo y su posible futuro\u201d.<br \/>\nEl cuento El peat\u00f3n, escrito en las cercan\u00edas de<\/p>\n<p><a href=\"https:\/\/biblioargentina.gob.ar\/web\/las-doradas-manzanas-del-sol-de-ray-bradbury\/\"><br \/>\nLeer m\u00e1s<br \/>\n<\/a><\/p>\n<figure><img loading=\"lazy\" decoding=\"async\" src=\"https:\/\/biblioargentina.gob.ar\/web\/wp-content\/uploads\/2024\/08\/Imagen-para-resenas-foto-de-Jamaica-Kincaid.png\" alt=\"\" width=\"400\" height=\"289\" \/><\/figure>\n<h3>Autobiograf\u00eda de mi madre, de Jamaica Kincaid<\/h3>\n<p>Eleg\u00ed este libro por el t\u00edtulo. Cuando lo comenc\u00e9 a leer descubr\u00ed que la autobiograf\u00eda es de un personaje. Es decir, no es una autobiograf\u00eda, es una novela y no se trata de la madre sino de la hija.<br \/>\nLa historia se centra en Xuela Claudette Richardson,<\/p>\n<p><a href=\"https:\/\/biblioargentina.gob.ar\/web\/autobiografia-de-mi-madre-de-jamaica-kincaid\/\"><br \/>\nLeer m\u00e1s<br \/>\n<\/a><\/p>\n<figure><img loading=\"lazy\" decoding=\"async\" src=\"https:\/\/biblioargentina.gob.ar\/web\/wp-content\/uploads\/2024\/08\/Imagen-para-resenas-foto-tapa-del-libro-Efectos-personales-de-Marina-Mariasch.png\" alt=\"\" width=\"400\" height=\"289\" \/><\/figure>\n<h3>Efectos personales, de Marina Mariasch<\/h3>\n<p>Marina Mariasch es Licenciada en letras, poeta, narradora, periodista, editora, docente y militante feminista. Efectos personales, publicado en junio del 2022, es una obra autobiogr\u00e1fica, donde la autora narra la experiencia personal y desgarradora<\/p>\n<p><a href=\"https:\/\/biblioargentina.gob.ar\/web\/efectos-personales-de-marina-mariasch\/\"><br \/>\nLeer m\u00e1s<br \/>\n<\/a><\/p>\n<figure><img loading=\"lazy\" decoding=\"async\" src=\"https:\/\/biblioargentina.gob.ar\/web\/wp-content\/uploads\/2024\/08\/Foto-de-Federico-Falco.png\" alt=\"Se observa la foto en blanco y negro de Federico Falco, un hombre con anteojos y barba.\" width=\"400\" height=\"289\" \/><\/figure>\n<h3>Los llanos, de Federico Falco<\/h3>\n<p>Este relato result\u00f3 finalista del Premio Herralde de Novela, un galard\u00f3n literario concedido por la Editorial Anagrama de Barcelona.<br \/>\nLa novela, escrita en primera persona, est\u00e1 organizada en nueve cap\u00edtulos, cada uno de los cuales hace referencia a un mes del a\u00f1o.<\/p>\n<p><a href=\"https:\/\/biblioargentina.gob.ar\/web\/los-llanos-de-federico-falco\/\"><br \/>\nLeer m\u00e1s<br \/>\n<\/a><\/p>\n<figure><img loading=\"lazy\" decoding=\"async\" src=\"https:\/\/biblioargentina.gob.ar\/web\/wp-content\/uploads\/2024\/08\/Imagen-para-resenas-Fotografia-y-memoria-conversaciones-con-Eduardo-Longoni-de-Alberto-del-Catillo-Troncoso.png\" alt=\"\" width=\"400\" height=\"289\" \/><\/figure>\n<h3>Fotograf\u00eda y memoria, conversaciones con Eduardo Longoni, de Alberto del Catillo Troncoso<\/h3>\n<p>\u201cEl tema central de este libro se refiere al rescate del testimonio oral de Eduardo Longoni en torno a su trayectoria profesional y la interpelaci\u00f3n de este relato a partir de las propias fotograf\u00edas de autor\u201d.<br \/>\nAlberto del Castillo Troncoso<\/p>\n<p><a href=\"https:\/\/biblioargentina.gob.ar\/web\/fotografia-y-memoria-conversaciones-con-eduardo-longoni-de-alberto-del-catillo-troncoso\/\"><br \/>\nLeer m\u00e1s<br \/>\n<\/a><\/p>\n","protected":false},"excerpt":{"rendered":"<p>Estas rese\u00f1as fueron realizadas por las participantes en Comunidades lectoras y est\u00e1n al servicio de las y los lectores con [&hellip;]<\/p>\n","protected":false},"author":5,"featured_media":0,"parent":0,"menu_order":0,"comment_status":"open","ping_status":"closed","template":"","meta":{"site-sidebar-layout":"default","site-content-layout":"","ast-site-content-layout":"default","site-content-style":"default","site-sidebar-style":"default","ast-global-header-display":"","ast-banner-title-visibility":"","ast-main-header-display":"","ast-hfb-above-header-display":"","ast-hfb-below-header-display":"","ast-hfb-mobile-header-display":"","site-post-title":"","ast-breadcrumbs-content":"","ast-featured-img":"","footer-sml-layout":"","ast-disable-related-posts":"","theme-transparent-header-meta":"","adv-header-id-meta":"","stick-header-meta":"","header-above-stick-meta":"","header-main-stick-meta":"","header-below-stick-meta":"","astra-migrate-meta-layouts":"default","ast-page-background-enabled":"default","ast-page-background-meta":{"desktop":{"background-color":"var(--ast-global-color-4)","background-image":"","background-repeat":"repeat","background-position":"center center","background-size":"auto","background-attachment":"scroll","background-type":"","background-media":"","overlay-type":"","overlay-color":"","overlay-opacity":"","overlay-gradient":""},"tablet":{"background-color":"","background-image":"","background-repeat":"repeat","background-position":"center center","background-size":"auto","background-attachment":"scroll","background-type":"","background-media":"","overlay-type":"","overlay-color":"","overlay-opacity":"","overlay-gradient":""},"mobile":{"background-color":"","background-image":"","background-repeat":"repeat","background-position":"center center","background-size":"auto","background-attachment":"scroll","background-type":"","background-media":"","overlay-type":"","overlay-color":"","overlay-opacity":"","overlay-gradient":""}},"ast-content-background-meta":{"desktop":{"background-color":"var(--ast-global-color-5)","background-image":"","background-repeat":"repeat","background-position":"center center","background-size":"auto","background-attachment":"scroll","background-type":"","background-media":"","overlay-type":"","overlay-color":"","overlay-opacity":"","overlay-gradient":""},"tablet":{"background-color":"var(--ast-global-color-5)","background-image":"","background-repeat":"repeat","background-position":"center center","background-size":"auto","background-attachment":"scroll","background-type":"","background-media":"","overlay-type":"","overlay-color":"","overlay-opacity":"","overlay-gradient":""},"mobile":{"background-color":"var(--ast-global-color-5)","background-image":"","background-repeat":"repeat","background-position":"center center","background-size":"auto","background-attachment":"scroll","background-type":"","background-media":"","overlay-type":"","overlay-color":"","overlay-opacity":"","overlay-gradient":""}},"footnotes":""},"class_list":["post-14864","page","type-page","status-publish","hentry"],"_links":{"self":[{"href":"https:\/\/biblioargentina.gob.ar\/web\/wp-json\/wp\/v2\/pages\/14864","targetHints":{"allow":["GET"]}}],"collection":[{"href":"https:\/\/biblioargentina.gob.ar\/web\/wp-json\/wp\/v2\/pages"}],"about":[{"href":"https:\/\/biblioargentina.gob.ar\/web\/wp-json\/wp\/v2\/types\/page"}],"author":[{"embeddable":true,"href":"https:\/\/biblioargentina.gob.ar\/web\/wp-json\/wp\/v2\/users\/5"}],"replies":[{"embeddable":true,"href":"https:\/\/biblioargentina.gob.ar\/web\/wp-json\/wp\/v2\/comments?post=14864"}],"version-history":[{"count":198,"href":"https:\/\/biblioargentina.gob.ar\/web\/wp-json\/wp\/v2\/pages\/14864\/revisions"}],"predecessor-version":[{"id":20657,"href":"https:\/\/biblioargentina.gob.ar\/web\/wp-json\/wp\/v2\/pages\/14864\/revisions\/20657"}],"wp:attachment":[{"href":"https:\/\/biblioargentina.gob.ar\/web\/wp-json\/wp\/v2\/media?parent=14864"}],"curies":[{"name":"wp","href":"https:\/\/api.w.org\/{rel}","templated":true}]}}