{"id":14046,"date":"2023-06-02T15:22:13","date_gmt":"2023-06-02T15:22:13","guid":{"rendered":"https:\/\/biblioargentina.gob.ar\/web\/?page_id=14046"},"modified":"2026-04-23T13:14:33","modified_gmt":"2026-04-23T13:14:33","slug":"comunidades-lectoras","status":"publish","type":"page","link":"https:\/\/biblioargentina.gob.ar\/web\/comunidades-lectoras\/","title":{"rendered":"Comunidades lectoras"},"content":{"rendered":"<form role=\"search\" method=\"get\" action=\"https:\/\/biblioargentina.gob.ar\/web\/\" class=\"wp-block-search__button-inside wp-block-search__text-button alignright wp-block-search\"    ><label class=\"wp-block-search__label screen-reader-text\" for=\"wp-block-search__input-1\" >Buscar<\/label><div class=\"wp-block-search__inside-wrapper\" ><input class=\"wp-block-search__input\" id=\"wp-block-search__input-1\" placeholder=\"\" value=\"\" type=\"search\" name=\"s\" required \/><button aria-label=\"Buscar\" class=\"wp-block-search__button wp-element-button\" type=\"submit\" >Buscar<\/button><\/div><\/form>\n\n\n<div style=\"height:30px\" aria-hidden=\"true\" class=\"wp-block-spacer\"><\/div>\n\n\n\n<h1 class=\"wp-block-heading\">Comunidades lectoras<\/h1>\n\n\n\n<p class=\"has-text-align-center has-white-color has-ast-global-color-0-background-color has-text-color has-background has-link-color wp-elements-201706a92864359c6880aa8b52d9b8cc\"><strong>CUPO COMPLETO.<\/strong><\/p>\n\n\n\n<div class=\"wp-block-media-text is-stacked-on-mobile is-vertically-aligned-top\"><figure class=\"wp-block-media-text__media\"><img loading=\"lazy\" decoding=\"async\" width=\"400\" height=\"289\" src=\"https:\/\/biblioargentina.gob.ar\/web\/wp-content\/uploads\/2026\/02\/Comunidades-lectoras.png\" alt=\"\" class=\"wp-image-22040 size-full\" srcset=\"https:\/\/biblioargentina.gob.ar\/web\/wp-content\/uploads\/2026\/02\/Comunidades-lectoras.png 400w, https:\/\/biblioargentina.gob.ar\/web\/wp-content\/uploads\/2026\/02\/Comunidades-lectoras-300x217.png 300w\" sizes=\"auto, (max-width: 400px) 100vw, 400px\" \/><\/figure><div class=\"wp-block-media-text__content\">\n<p>Un encuentro mensual para leer con otras, otros y otrxs. Conocer las \u00faltimas novedades de la biblioteca y escribir rese\u00f1as propias.<\/p>\n<\/div><\/div>\n\n\n\n<div style=\"height:30px\" aria-hidden=\"true\" class=\"wp-block-spacer\"><\/div>\n\n\n\n<p>Durante el a\u00f1o 2026 la Biblioteca Argentina continuar\u00e1 ofreciendo un espacio para leer en comunidad, leer con otras, otros y otrxs &#8230; leer m\u00e1s.<\/p>\n\n\n\n<p>Comunidades lectoras te invita a participar de encuentros mensuales donde la intenci\u00f3n es acercar novedades literarias y material disponible en la biblioteca. As\u00ed como tambi\u00e9n, incentivar y compartir la experiencia de la lectura.<\/p>\n\n\n\n<p>La propuesta ofrece un tiempo de lectura personal, para luego hacer una puesta en com\u00fan de los libros elegidos y disfrutar de una charla donde la literatura es la protagonista.<\/p>\n\n\n\n<p>Cada encuentro tambi\u00e9n ofrece un segundo tiempo donde se construyen rese\u00f1as literarias con diferentes recursos que se van conociendo durante el correr del a\u00f1o.<\/p>\n\n\n\n<h2 class=\"wp-block-heading\">Acerca de las rese\u00f1as escritas en el taller<\/h2>\n\n\n\n<p>Se trata de un texto escrito por quienes participan de los encuentros mensuales a partir de las sensaciones y apreciaciones que van construyendo. Una recomendaci\u00f3n, una mirada que permite tener un breve resumen acerca de diferentes libros, basada en la subjetividad de quienes escriben.<\/p>\n\n\n\n<p>Recomendaciones de diversas lecturas disponibles en la biblioteca para que m\u00e1s personas descubran y encuentren una orientaci\u00f3n a la hora de leer.<\/p>\n\n\n\n<p>A continuaci\u00f3n le invitamos a acceder a las <a href=\"https:\/\/biblioargentina.gob.ar\/web\/resenas-literarias\/\">Rese\u00f1as literarias<\/a>. Adem\u00e1s, este material est\u00e1 disponible en el servicio <a href=\"https:\/\/biblioargentina.gob.ar\/web\/prestamo-de-libros\/\">Pr\u00e9stamo de libros<\/a> (se puede solicitar personalmente de manera gratuita).<\/p>\n\n\n\n<div class=\"wp-block-media-text has-media-on-the-right is-stacked-on-mobile is-vertically-aligned-top\" style=\"grid-template-columns:auto 29%\"><div class=\"wp-block-media-text__content\">\n<h2 class=\"wp-block-heading\">\u00bfDe qu\u00e9 se trata esta comunidad lectora?<\/h2>\n\n\n\n<p>Se trata de un espacio que acerca a quienes participan y que presenta un objetivo en com\u00fan: \u201cLeer\u201d.<\/p>\n\n\n\n<p>Esta comunidad tambi\u00e9n ofrece la posibilidad de crear un sentido de pertenencia a partir del material que se va leyendo, que es al mismo tiempo un sentir constitutivo, singular y colectivo.<\/p>\n\n\n\n<p>\u00abNuestra comunidad lectora es un lugar para encontrarnos en esos di\u00e1logos que nacen a partir de los libros que van llegando a nuestras manos, que nos gustan, que nos interpelan, que nos hacen mirar el mundo desde otros lugares; involucrarnos, pensar, incomodarnos, re\u00edr o llorar. Porque como dice Irene Vallejos, &#8216;Leer es siempre un traslado, un viaje, un irse para encontrarse. Leer, aun siendo un acto com\u00fanmente sedentario, nos vuelve a nuestra condici\u00f3n de n\u00f3madas'\u00bb.<\/p>\n<\/div><figure class=\"wp-block-media-text__media\"><video controls src=\"https:\/\/biblioargentina.gob.ar\/web\/wp-content\/uploads\/2025\/04\/Comunidades-lectoras-2025.mp4\"><\/video><\/figure><\/div>\n\n\n\n<div style=\"height:30px\" aria-hidden=\"true\" class=\"wp-block-spacer\"><\/div>\n\n\n\n<div class=\"wp-block-media-text has-media-on-the-right is-stacked-on-mobile is-vertically-aligned-top\" style=\"grid-template-columns:auto 29%\"><div class=\"wp-block-media-text__content\">\n<h2 class=\"wp-block-heading\">Rese\u00f1as disponibles en el Cat\u00e1logo Colectivo<\/h2>\n\n\n\n<p>Se pueden encontrar en el siguiente enlace en el men\u00fa \u00ab<a href=\"https:\/\/biblio.rosario.gob.ar\/cgi-bin\/koha\/opac-shelves.pl?op=view&amp;shelfnumber=548&amp;sortfield=title\" data-type=\"link\" data-id=\"https:\/\/biblio.rosario.gob.ar\/cgi-bin\/koha\/opac-shelves.pl?op=view&amp;shelfnumber=548&amp;sortfield=title\">Listas<\/a>\u00ab, Y, posteriormente, accediendo al enlace de cada libro dentro de la pesta\u00f1a de \u00abComentarios\u00bb.<\/p>\n<\/div><figure class=\"wp-block-media-text__media\"><video controls src=\"https:\/\/biblioargentina.gob.ar\/web\/wp-content\/uploads\/2025\/12\/Comunidades-lectoras.mp4\"><\/video><\/figure><\/div>\n\n\n\n<h2 class=\"wp-block-heading\"><strong>Coordinan<strong>:<\/strong><\/strong><\/h2>\n\n\n\n<p>Marcela Prosperi y Andrea Peruzzi.<\/p>\n\n\n\n<p><strong>La invitaci\u00f3n es anual. Los encuentros son abiertos y est\u00e1n destinados a p\u00fablico en general. Todos los \u00faltimos lunes de cada mes a las 16 h en la Sala Ang\u00e9lica Gorodischer, ubicada en el 4\u00b0 piso. Sin inscripci\u00f3n previa.<\/strong><\/p>\n\n\n\n<p><strong>Si quer\u00e9s recibir mas informaci\u00f3n para participar escribinos v\u00eda correo electr\u00f3nico a: <a href=\"mailto:comunidadeslectoras@biblioargentina.gob.ar\">comunidadeslectoras@biblioargentina.gob.ar<\/a>.<\/strong><\/p>\n\n\n\n<div style=\"height:30px\" aria-hidden=\"true\" class=\"wp-block-spacer\"><\/div>\n\n\n\n<h3 class=\"wp-block-heading\">Actividades, encuentros y lecturas abiertas realizadas durante el a\u00f1o 2025:<\/h3>\n\n\n\n<figure class=\"wp-block-gallery has-nested-images columns-3 is-cropped wp-block-gallery-2 is-layout-flex wp-block-gallery-is-layout-flex\">\n<figure class=\"wp-block-image size-large\"><a href=\"https:\/\/biblioargentina.gob.ar\/web\/wp-content\/uploads\/2025\/12\/Comunidades-lectoras.-Actividades-encuentros-y-lecturas-abiertas-realizadas-durante-2025-2.jpeg\"><img loading=\"lazy\" decoding=\"async\" width=\"461\" height=\"1024\" data-id=\"21774\" src=\"https:\/\/biblioargentina.gob.ar\/web\/wp-content\/uploads\/2025\/12\/Comunidades-lectoras.-Actividades-encuentros-y-lecturas-abiertas-realizadas-durante-2025-2-461x1024.jpeg\" alt=\"\" class=\"wp-image-21774\" srcset=\"https:\/\/biblioargentina.gob.ar\/web\/wp-content\/uploads\/2025\/12\/Comunidades-lectoras.-Actividades-encuentros-y-lecturas-abiertas-realizadas-durante-2025-2-461x1024.jpeg 461w, https:\/\/biblioargentina.gob.ar\/web\/wp-content\/uploads\/2025\/12\/Comunidades-lectoras.-Actividades-encuentros-y-lecturas-abiertas-realizadas-durante-2025-2-135x300.jpeg 135w, https:\/\/biblioargentina.gob.ar\/web\/wp-content\/uploads\/2025\/12\/Comunidades-lectoras.-Actividades-encuentros-y-lecturas-abiertas-realizadas-durante-2025-2-691x1536.jpeg 691w, https:\/\/biblioargentina.gob.ar\/web\/wp-content\/uploads\/2025\/12\/Comunidades-lectoras.-Actividades-encuentros-y-lecturas-abiertas-realizadas-durante-2025-2.jpeg 720w\" sizes=\"auto, (max-width: 461px) 100vw, 461px\" \/><\/a><\/figure>\n\n\n\n<figure class=\"wp-block-image size-large\"><a href=\"https:\/\/biblioargentina.gob.ar\/web\/wp-content\/uploads\/2025\/12\/Comunidades-lectoras.-Actividades-encuentros-y-lecturas-abiertas-realizadas-durante-2025-3.jpeg\"><img loading=\"lazy\" decoding=\"async\" width=\"461\" height=\"1024\" data-id=\"21776\" src=\"https:\/\/biblioargentina.gob.ar\/web\/wp-content\/uploads\/2025\/12\/Comunidades-lectoras.-Actividades-encuentros-y-lecturas-abiertas-realizadas-durante-2025-3-461x1024.jpeg\" alt=\"\" class=\"wp-image-21776\" srcset=\"https:\/\/biblioargentina.gob.ar\/web\/wp-content\/uploads\/2025\/12\/Comunidades-lectoras.-Actividades-encuentros-y-lecturas-abiertas-realizadas-durante-2025-3-461x1024.jpeg 461w, https:\/\/biblioargentina.gob.ar\/web\/wp-content\/uploads\/2025\/12\/Comunidades-lectoras.-Actividades-encuentros-y-lecturas-abiertas-realizadas-durante-2025-3-135x300.jpeg 135w, https:\/\/biblioargentina.gob.ar\/web\/wp-content\/uploads\/2025\/12\/Comunidades-lectoras.-Actividades-encuentros-y-lecturas-abiertas-realizadas-durante-2025-3-691x1536.jpeg 691w, https:\/\/biblioargentina.gob.ar\/web\/wp-content\/uploads\/2025\/12\/Comunidades-lectoras.-Actividades-encuentros-y-lecturas-abiertas-realizadas-durante-2025-3.jpeg 720w\" sizes=\"auto, (max-width: 461px) 100vw, 461px\" \/><\/a><\/figure>\n\n\n\n<figure class=\"wp-block-image size-large\"><a href=\"https:\/\/biblioargentina.gob.ar\/web\/wp-content\/uploads\/2025\/12\/Comunidades-lectoras.-Actividades-encuentros-y-lecturas-abiertas-realizadas-durante-2025-4.jpeg\"><img loading=\"lazy\" decoding=\"async\" width=\"576\" height=\"1024\" data-id=\"21775\" src=\"https:\/\/biblioargentina.gob.ar\/web\/wp-content\/uploads\/2025\/12\/Comunidades-lectoras.-Actividades-encuentros-y-lecturas-abiertas-realizadas-durante-2025-4-576x1024.jpeg\" alt=\"\" class=\"wp-image-21775\" srcset=\"https:\/\/biblioargentina.gob.ar\/web\/wp-content\/uploads\/2025\/12\/Comunidades-lectoras.-Actividades-encuentros-y-lecturas-abiertas-realizadas-durante-2025-4-576x1024.jpeg 576w, https:\/\/biblioargentina.gob.ar\/web\/wp-content\/uploads\/2025\/12\/Comunidades-lectoras.-Actividades-encuentros-y-lecturas-abiertas-realizadas-durante-2025-4-169x300.jpeg 169w, https:\/\/biblioargentina.gob.ar\/web\/wp-content\/uploads\/2025\/12\/Comunidades-lectoras.-Actividades-encuentros-y-lecturas-abiertas-realizadas-durante-2025-4.jpeg 720w\" sizes=\"auto, (max-width: 576px) 100vw, 576px\" \/><\/a><\/figure>\n\n\n\n<figure class=\"wp-block-image size-large\"><a href=\"https:\/\/biblioargentina.gob.ar\/web\/wp-content\/uploads\/2025\/12\/Comunidades-lectoras.-Actividades-encuentros-y-lecturas-abiertas-realizadas-durante-2025-1.jpeg\"><img loading=\"lazy\" decoding=\"async\" width=\"1024\" height=\"576\" data-id=\"21773\" src=\"https:\/\/biblioargentina.gob.ar\/web\/wp-content\/uploads\/2025\/12\/Comunidades-lectoras.-Actividades-encuentros-y-lecturas-abiertas-realizadas-durante-2025-1-1024x576.jpeg\" alt=\"\" class=\"wp-image-21773\" srcset=\"https:\/\/biblioargentina.gob.ar\/web\/wp-content\/uploads\/2025\/12\/Comunidades-lectoras.-Actividades-encuentros-y-lecturas-abiertas-realizadas-durante-2025-1-1024x576.jpeg 1024w, https:\/\/biblioargentina.gob.ar\/web\/wp-content\/uploads\/2025\/12\/Comunidades-lectoras.-Actividades-encuentros-y-lecturas-abiertas-realizadas-durante-2025-1-300x169.jpeg 300w, https:\/\/biblioargentina.gob.ar\/web\/wp-content\/uploads\/2025\/12\/Comunidades-lectoras.-Actividades-encuentros-y-lecturas-abiertas-realizadas-durante-2025-1-768x432.jpeg 768w, https:\/\/biblioargentina.gob.ar\/web\/wp-content\/uploads\/2025\/12\/Comunidades-lectoras.-Actividades-encuentros-y-lecturas-abiertas-realizadas-durante-2025-1.jpeg 1280w\" sizes=\"auto, (max-width: 1024px) 100vw, 1024px\" \/><\/a><\/figure>\n<\/figure>\n\n\n\n<div style=\"height:30px\" aria-hidden=\"true\" class=\"wp-block-spacer\"><\/div>\n\n\n\n<p><strong>INGRESOS Y ACCESIBILIDAD<br><\/strong>Pte. Roca 731. Entrada con elevador.<br>Pje. Dr. \u00c1lvarez 1550. Entrada con rampa.<br>Santa Fe 1553.<\/p>\n\n\n\n<div class=\"wp-block-media-text alignfull is-stacked-on-mobile is-vertically-aligned-center is-style-default\" style=\"grid-template-columns:56% auto\"><figure class=\"wp-block-media-text__media\"><img loading=\"lazy\" decoding=\"async\" width=\"400\" height=\"400\" src=\"https:\/\/biblioargentina.gob.ar\/web\/wp-content\/uploads\/2023\/09\/imagen-wordpress-resenas-literarias.png\" alt=\"Foto de la contratapa de un libro sostenida por la mano izquierda de una persona; y con el dedo \u00edndice de la mano derecha se\u00f1ala el texto escrito que aparece en la misma contratapa.\" class=\"wp-image-15232 size-full\" srcset=\"https:\/\/biblioargentina.gob.ar\/web\/wp-content\/uploads\/2023\/09\/imagen-wordpress-resenas-literarias.png 400w, https:\/\/biblioargentina.gob.ar\/web\/wp-content\/uploads\/2023\/09\/imagen-wordpress-resenas-literarias-300x300.png 300w, https:\/\/biblioargentina.gob.ar\/web\/wp-content\/uploads\/2023\/09\/imagen-wordpress-resenas-literarias-150x150.png 150w, https:\/\/biblioargentina.gob.ar\/web\/wp-content\/uploads\/2023\/09\/imagen-wordpress-resenas-literarias-360x360.png 360w\" sizes=\"auto, (max-width: 400px) 100vw, 400px\" \/><\/figure><div class=\"wp-block-media-text__content\">\n<h2 class=\"wp-block-heading has-text-color\" style=\"color:#000000\"><strong><a href=\"https:\/\/biblioargentina.gob.ar\/web\/resenas-literarias\/\">Acceda a las Rese\u00f1as literarias<\/a><\/strong><\/h2>\n<\/div><\/div>\n\n\n\n<p><\/p>\n","protected":false},"excerpt":{"rendered":"<p>Comunidades lectoras CUPO COMPLETO. Un encuentro mensual para leer con otras, otros y otrxs. Conocer las \u00faltimas novedades de la [&hellip;]<\/p>\n","protected":false},"author":5,"featured_media":0,"parent":0,"menu_order":0,"comment_status":"open","ping_status":"closed","template":"","meta":{"site-sidebar-layout":"default","site-content-layout":"","ast-site-content-layout":"","site-content-style":"default","site-sidebar-style":"default","ast-global-header-display":"","ast-banner-title-visibility":"","ast-main-header-display":"","ast-hfb-above-header-display":"","ast-hfb-below-header-display":"","ast-hfb-mobile-header-display":"","site-post-title":"disabled","ast-breadcrumbs-content":"","ast-featured-img":"","footer-sml-layout":"","ast-disable-related-posts":"","theme-transparent-header-meta":"","adv-header-id-meta":"","stick-header-meta":"","header-above-stick-meta":"","header-main-stick-meta":"","header-below-stick-meta":"","astra-migrate-meta-layouts":"default","ast-page-background-enabled":"default","ast-page-background-meta":{"desktop":{"background-color":"var(--ast-global-color-4)","background-image":"","background-repeat":"repeat","background-position":"center center","background-size":"auto","background-attachment":"scroll","background-type":"","background-media":"","overlay-type":"","overlay-color":"","overlay-opacity":"","overlay-gradient":""},"tablet":{"background-color":"","background-image":"","background-repeat":"repeat","background-position":"center center","background-size":"auto","background-attachment":"scroll","background-type":"","background-media":"","overlay-type":"","overlay-color":"","overlay-opacity":"","overlay-gradient":""},"mobile":{"background-color":"","background-image":"","background-repeat":"repeat","background-position":"center center","background-size":"auto","background-attachment":"scroll","background-type":"","background-media":"","overlay-type":"","overlay-color":"","overlay-opacity":"","overlay-gradient":""}},"ast-content-background-meta":{"desktop":{"background-color":"var(--ast-global-color-5)","background-image":"","background-repeat":"repeat","background-position":"center center","background-size":"auto","background-attachment":"scroll","background-type":"","background-media":"","overlay-type":"","overlay-color":"","overlay-opacity":"","overlay-gradient":""},"tablet":{"background-color":"var(--ast-global-color-5)","background-image":"","background-repeat":"repeat","background-position":"center center","background-size":"auto","background-attachment":"scroll","background-type":"","background-media":"","overlay-type":"","overlay-color":"","overlay-opacity":"","overlay-gradient":""},"mobile":{"background-color":"var(--ast-global-color-5)","background-image":"","background-repeat":"repeat","background-position":"center center","background-size":"auto","background-attachment":"scroll","background-type":"","background-media":"","overlay-type":"","overlay-color":"","overlay-opacity":"","overlay-gradient":""}},"footnotes":""},"class_list":["post-14046","page","type-page","status-publish","hentry"],"_links":{"self":[{"href":"https:\/\/biblioargentina.gob.ar\/web\/wp-json\/wp\/v2\/pages\/14046","targetHints":{"allow":["GET"]}}],"collection":[{"href":"https:\/\/biblioargentina.gob.ar\/web\/wp-json\/wp\/v2\/pages"}],"about":[{"href":"https:\/\/biblioargentina.gob.ar\/web\/wp-json\/wp\/v2\/types\/page"}],"author":[{"embeddable":true,"href":"https:\/\/biblioargentina.gob.ar\/web\/wp-json\/wp\/v2\/users\/5"}],"replies":[{"embeddable":true,"href":"https:\/\/biblioargentina.gob.ar\/web\/wp-json\/wp\/v2\/comments?post=14046"}],"version-history":[{"count":103,"href":"https:\/\/biblioargentina.gob.ar\/web\/wp-json\/wp\/v2\/pages\/14046\/revisions"}],"predecessor-version":[{"id":22567,"href":"https:\/\/biblioargentina.gob.ar\/web\/wp-json\/wp\/v2\/pages\/14046\/revisions\/22567"}],"wp:attachment":[{"href":"https:\/\/biblioargentina.gob.ar\/web\/wp-json\/wp\/v2\/media?parent=14046"}],"curies":[{"name":"wp","href":"https:\/\/api.w.org\/{rel}","templated":true}]}}