{"id":1271,"date":"2020-10-05T21:41:39","date_gmt":"2020-10-05T21:41:39","guid":{"rendered":"https:\/\/biblioargentina.gob.ar\/web\/?page_id=1271"},"modified":"2025-11-07T14:10:07","modified_gmt":"2025-11-07T14:10:07","slug":"biblioteca-depositaria-de-las-naciones-unidas","status":"publish","type":"page","link":"https:\/\/biblioargentina.gob.ar\/web\/biblioteca-depositaria-de-las-naciones-unidas\/","title":{"rendered":"Biblioteca Depositaria de las Naciones Unidas"},"content":{"rendered":"\n<figure class=\"wp-block-image\"><img decoding=\"async\" src=\"https:\/\/biblioargentina.gob.ar\/web\/wp-content\/uploads\/2020\/10\/Imagen-para-WordPress-BIBLIOTECA-DEPOSITARIA-NACIONES-UNIDAS-2.png\" alt=\"Imagen ilustrativa de la Biblioteca Depositaria de las Naciones Unidas\"\/><\/figure>\n\n\n\n<p><\/p>\n\n\n\n<p>El servicio est\u00e1 destinado a investigadoras e investigadores, participantes de actividades educativas del Modelo de Naciones Unidas y p\u00fablico en general.<\/p>\n\n\n\n<h2 class=\"wp-block-heading\">Pr\u00e9stamo en sala<\/h2>\n\n\n\n<p>Todas las publicaciones de Naciones Unidas (libros, anuarios, revistas y documentos oficiales) se prestan para lectura y consulta en la sala de lectura del primer piso en un ambiente climatizado.<\/p>\n\n\n\n<h2 class=\"wp-block-heading\">Pr\u00e9stamo a domicilio<\/h2>\n\n\n\n<p>Los libros se prestan a domicilio con el \u00fanico requisito de ser socia y socio de la Biblioteca Argentina \u201cDr. Juan \u00c1lvarez\u201d. M\u00e1s informaci\u00f3n del <a href=\"https:\/\/biblioargentina.gob.ar\/web\/tramite-para-asociarse\/\">Tr\u00e1mite para asociarse<\/a>.<\/p>\n\n\n\n<p>Para la b\u00fasqueda de material se encuentra a disposici\u00f3n el <a href=\"https:\/\/biblio1.rosario.gob.ar\/cgi-bin\/koha\/opac-search.pl?branch_group_limit=branch%3AONU\" target=\"_blank\" rel=\"noopener\">Cat\u00e1logo en l\u00ednea de la Biblioteca Depositaria de Naciones Unidas<\/a> donde se pueden encontrar las versiones en l\u00ednea de algunas publicaciones.<\/p>\n\n\n\n<h1 class=\"wp-block-heading\">Contacto<\/h1>\n\n\n\n<p>Comun\u00edquese directamente con una bibliotecaria del servicio para asesoramiento: <a href=\"mailto:bibliotecaonu@rosario.gov.ar\">bibliotecaonu@rosario.gov.ar<\/a>.<\/p>\n\n\n\n<figure class=\"wp-block-image gallery-item\"><a href=\"https:\/\/biblioargentina.gob.ar\/web\/wp-content\/uploads\/2022\/01\/Foto-Biblioteca-Depositaria-de-las-Naciones-Unidas-1-scaled.jpg\"><img decoding=\"async\" src=\"https:\/\/biblioargentina.gob.ar\/web\/wp-content\/uploads\/2022\/01\/Foto-Biblioteca-Depositaria-de-las-Naciones-Unidas-1-1024x1024.jpg\" alt=\"Biblioteca Depositaria de las Naciones Unidas.\"\/><\/a><\/figure>\n\n\n\n<h1 class=\"wp-block-heading\">Publicaciones en l\u00ednea de Naciones Unidas y sus organismos especializados<\/h1>\n\n\n\n<figure class=\"wp-block-image\"><img decoding=\"async\" src=\"https:\/\/biblioargentina.gob.ar\/web\/wp-content\/uploads\/2020\/10\/Imagen-para-WordPress-BIBLIOTECA-DEPOSITARIA-NACIONES-UNIDAS-ONU-2.png\" alt=\"Emblema Organizaci\u00f3n de las Naciones Unidas\"\/><\/figure>\n\n\n\n<p><\/p>\n\n\n\n<p>En los siguientes enlaces se pueden consultar algunas publicaciones en l\u00ednea que abordan los principales temas en los que se basa la labor de las Naciones Unidas:<\/p>\n\n\n\n<p>Biblioteca digital de Naciones Unidas <a href=\"https:\/\/digitallibrary.un.org\/\" target=\"_blank\" rel=\"noopener\">https:\/\/digitallibrary.un.org\/<\/a><br>Biblioteca Dag Hammarskj\u00f6ld <a href=\"https:\/\/www.un.org\/es\/library\" target=\"_blank\" rel=\"noopener\">https:\/\/www.un.org\/es\/library<\/a><br>Noticias ONU <a href=\"https:\/\/news.un.org\/es\/\" target=\"_blank\" rel=\"noopener\">https:\/\/news.un.org\/es\/<\/a><br>Biblioteca audiovisual de la ONU <a href=\"https:\/\/www.unmultimedia.org\/avlibrary\/\" target=\"_blank\" rel=\"noopener\">https:\/\/www.unmultimedia.org\/avlibrary\/<\/a><br>Sistema de archivo de Documentos (SAD) <a href=\"https:\/\/documents.un.org\/prod\/ods.nsf\/home.xsp\" target=\"_blank\" rel=\"noopener\">https:\/\/documents.un.org\/prod\/ods.nsf\/home.xsp<\/a><br>Naciones Unidas. Oficina de Argentina. Publicaciones <a href=\"https:\/\/argentina.un.org\/es\/resources\/publications\" target=\"_blank\" rel=\"noopener\">https:\/\/argentina.un.org\/es\/resources\/publications<\/a><br>Comisi\u00f3n Econ\u00f3mica para Am\u00e9rica Latina y el Caribe (Cepal) <a href=\"https:\/\/www.cepal.org\/es\/publications\" target=\"_blank\" rel=\"noopener\">https:\/\/www.cepal.org\/es\/publications<\/a><br>ONU Mujeres <a href=\"https:\/\/www.unwomen.org\/es\/digital-library\/publications\" target=\"_blank\" rel=\"noopener\">https:\/\/www.unwomen.org\/es\/digital-library\/publications<\/a><br>Organizaci\u00f3n Mundial de la Salud (OMS) <a href=\"https:\/\/www.who.int\/es\" target=\"_blank\" rel=\"noopener\">https:\/\/www.who.int\/es<\/a><br>Organizaci\u00f3n Mundial del Comercio (OMC) <a href=\"https:\/\/www.wto.org\/spanish\/res_s\/publications_s\/publications_s.htm\" target=\"_blank\" rel=\"noopener\">https:\/\/www.wto.org\/spanish\/res_s\/publications_s\/publications_s.htm<\/a><br>Conferencia de las Naciones Unidas sobre Comercio y Desarrollo (CNUCD) <a href=\"https:\/\/unctad.org\/es\/publications\" target=\"_blank\" rel=\"noopener\">https:\/\/unctad.org\/es\/publications<\/a><br>Programa de las Naciones Unidas para el Medio Ambiente (PNUMA) <a href=\"https:\/\/wedocs.unep.org\/handle\/20.500.11822\/7419\" target=\"_blank\" rel=\"noopener\">https:\/\/wedocs.unep.org\/handle\/20.500.11822\/7419<\/a><br>Oficina del Alto Comisionado de las Naciones Unidas para los Derechos Humanos (ACNUDH) <a href=\"https:\/\/www.ohchr.org\/SP\/PublicationsResources\/Pages\/Publications.aspx\" target=\"_blank\" rel=\"noopener\">https:\/\/www.ohchr.org\/SP\/PublicationsResources\/Pages\/Publications.aspx<\/a><br>Organizaci\u00f3n de las Naciones Unidas para la Alimentaci\u00f3n y la Agricultura (FAO) <a href=\"http:\/\/www.fao.org\/publications\/es\/\" target=\"_blank\" rel=\"noopener\">http:\/\/www.fao.org\/publications\/es\/<\/a><br>Alto Comisionado de las Naciones Unidas para los Refugiados (ACNUR). Centro de Prensa <a href=\"https:\/\/www.acnur.org\/es\/centro-de-prensa.html\" target=\"_blank\" rel=\"noopener\">https:\/\/www.acnur.org\/es\/centro-de-prensa.html<\/a><br>Organizaci\u00f3n Internacional para las Migraciones. Librer\u00eda en l\u00ednea de la OIM <a href=\"https:\/\/publications.iom.int\/?language=es\" target=\"_blank\" rel=\"noopener\">https:\/\/publications.iom.int\/?language=es<\/a><\/p>\n\n\n\n<figure class=\"wp-block-image\"><img decoding=\"async\" src=\"https:\/\/biblioargentina.gob.ar\/web\/wp-content\/uploads\/2020\/10\/Anuarios-ONU-2-768x1024.jpg\" alt=\"Anuarios ONU\"\/><\/figure>\n\n\n\n<p><\/p>\n\n\n\n<p>La Biblioteca Argentina es la \u00fanica depositaria de la regi\u00f3n de las publicaciones de Naciones Unidas desde 1956.<br>La colecci\u00f3n est\u00e1 compuesta por monograf\u00edas, anuarios, informes, publicaciones peri\u00f3dicas, documentos oficiales y folletos, que registran el trabajo e investigaci\u00f3n de las Naciones Unidas como tambi\u00e9n de sus organismos especializados: <a href=\"http:\/\/www.cepal.org\/es\" target=\"_blank\" rel=\"noopener\">Comisi\u00f3n Econ\u00f3mica para Am\u00e9rica Latina y el Caribe<\/a> (CEPAL), <a href=\"https:\/\/www.wto.org\/indexsp.htm\" target=\"_blank\" rel=\"noopener\">Organizaci\u00f3n Mundial del Comercio<\/a> (OMC), <a href=\"http:\/\/www.ilo.org\/global\/lang--es\/index.htm\" target=\"_blank\" rel=\"noopener\">Organizaci\u00f3n Internacional del Trabajo<\/a> (OIT), <a href=\"https:\/\/www.unenvironment.org\/es\" target=\"_blank\" rel=\"noopener\">Programa de las Naciones Unidas para el Medio Ambiente<\/a> (PNUMA), <a href=\"https:\/\/www.unicef.org\/es\" target=\"_blank\" rel=\"noopener\">Unicef<\/a>, <a href=\"https:\/\/unctad.org\/es\/Paginas\/Home.aspx\" target=\"_blank\" rel=\"noopener\">Conferencia de las Naciones Unidas sobre Comercio y Desarrollo<\/a>, <a href=\"https:\/\/www.unescwa.org\/\" target=\"_blank\" rel=\"noopener\">Comisi\u00f3n Econ\u00f3mica y Social para Asia Occidental<\/a>, entre otros. Tambi\u00e9n posee una colecci\u00f3n de publicaciones de la <a href=\"http:\/\/www.oas.org\/es\/\" target=\"_blank\" rel=\"noopener\">Organizaci\u00f3n de los Estados Americanos<\/a> (OEA).<br>La mayor\u00eda de las publicaciones est\u00e1n en espa\u00f1ol, pero tambi\u00e9n se pueden encontrar en los otros idiomas oficiales de las Naciones Unidas.<br>Los principales temas que abarca son: Derecho Internacional, Derechos Humanos. Derechos del Ni\u00f1o y la Mujer, Desarrollo econ\u00f3mico y social, Desarrollo sostenible, Econom\u00eda y Finanzas internacionales, Medio ambiente, Educaci\u00f3n, G\u00e9nero, Desarme y Paz, Asistencia humanitaria, Pobreza, Poblaci\u00f3n, Demograf\u00eda, Migraci\u00f3n y Refugiados, Pueblos originarios, Sociedad de la Informaci\u00f3n y TIC.<br>La Biblioteca ONU se encuentra ubicada en la Sala de lectura del primer piso de la instituci\u00f3n.<\/p>\n\n\n\n<h1 class=\"wp-block-heading\">Historia<\/h1>\n\n\n\n<p>El 14 de junio de 1956, durante la direcci\u00f3n del Dr. Francisco Cignoli, la Biblioteca Argentina \u201cDr. Juan \u00c1lvarez\u201d fue designada depositaria de las publicaciones de la Unesco.<br>En 1957, es designada oficialmente como Biblioteca Depositaria, teniendo el derecho a recibir todos los documentos y publicaciones editados por las Naciones Unidas en lengua espa\u00f1ola. Este nombramiento se realiz\u00f3 gracias a las gestiones del corresponsal honorario en Rosario del Centro de Informaci\u00f3n de las Naciones Unidas en Buenos Aires, Sr. Horacio Enz, durante el gobierno del Comisionado Municipal Sr. Juan Espiro de Larrechea.<br>La comunicaci\u00f3n anunciando este hecho llega por nota cursada por el director de la Biblioteca de las Naciones Unidas en Nueva York, Dr. Rubens Borba de Moraes.<br>Posteriormente se comenzaron a recibir las publicaciones oficiales de Naciones Unidas en su variada tipolog\u00eda y tem\u00e1tica, en su mayor\u00eda en espa\u00f1ol, pero tambi\u00e9n en los otros idiomas oficiales, conformando una colecci\u00f3n que al d\u00eda de hoy es representativa de la labor de la Organizaci\u00f3n a lo largo de su historia.<br>Actualmente en el pa\u00eds existen otras <a href=\"https:\/\/www.un.org\/library\/page\/depository-libraries-directory\" target=\"_blank\" rel=\"noopener\">seis bibliotecas depositarias<\/a> ubicadas en la Ciudad de Buenos Aires, La Plata, Mar del Plata, C\u00f3rdoba, Mendoza y General Roca.<\/p>\n","protected":false},"excerpt":{"rendered":"<p>El servicio est\u00e1 destinado a investigadoras e investigadores, participantes de actividades educativas del Modelo de Naciones Unidas y p\u00fablico en [&hellip;]<\/p>\n","protected":false},"author":5,"featured_media":0,"parent":0,"menu_order":0,"comment_status":"closed","ping_status":"closed","template":"","meta":{"site-sidebar-layout":"default","site-content-layout":"","ast-site-content-layout":"default","site-content-style":"default","site-sidebar-style":"default","ast-global-header-display":"","ast-banner-title-visibility":"","ast-main-header-display":"","ast-hfb-above-header-display":"","ast-hfb-below-header-display":"","ast-hfb-mobile-header-display":"","site-post-title":"","ast-breadcrumbs-content":"","ast-featured-img":"","footer-sml-layout":"","ast-disable-related-posts":"","theme-transparent-header-meta":"","adv-header-id-meta":"","stick-header-meta":"","header-above-stick-meta":"","header-main-stick-meta":"","header-below-stick-meta":"","astra-migrate-meta-layouts":"default","ast-page-background-enabled":"default","ast-page-background-meta":{"desktop":{"background-color":"var(--ast-global-color-4)","background-image":"","background-repeat":"repeat","background-position":"center center","background-size":"auto","background-attachment":"scroll","background-type":"","background-media":"","overlay-type":"","overlay-color":"","overlay-opacity":"","overlay-gradient":""},"tablet":{"background-color":"","background-image":"","background-repeat":"repeat","background-position":"center center","background-size":"auto","background-attachment":"scroll","background-type":"","background-media":"","overlay-type":"","overlay-color":"","overlay-opacity":"","overlay-gradient":""},"mobile":{"background-color":"","background-image":"","background-repeat":"repeat","background-position":"center center","background-size":"auto","background-attachment":"scroll","background-type":"","background-media":"","overlay-type":"","overlay-color":"","overlay-opacity":"","overlay-gradient":""}},"ast-content-background-meta":{"desktop":{"background-color":"var(--ast-global-color-5)","background-image":"","background-repeat":"repeat","background-position":"center center","background-size":"auto","background-attachment":"scroll","background-type":"","background-media":"","overlay-type":"","overlay-color":"","overlay-opacity":"","overlay-gradient":""},"tablet":{"background-color":"var(--ast-global-color-5)","background-image":"","background-repeat":"repeat","background-position":"center center","background-size":"auto","background-attachment":"scroll","background-type":"","background-media":"","overlay-type":"","overlay-color":"","overlay-opacity":"","overlay-gradient":""},"mobile":{"background-color":"var(--ast-global-color-5)","background-image":"","background-repeat":"repeat","background-position":"center center","background-size":"auto","background-attachment":"scroll","background-type":"","background-media":"","overlay-type":"","overlay-color":"","overlay-opacity":"","overlay-gradient":""}},"footnotes":""},"class_list":["post-1271","page","type-page","status-publish","hentry"],"_links":{"self":[{"href":"https:\/\/biblioargentina.gob.ar\/web\/wp-json\/wp\/v2\/pages\/1271","targetHints":{"allow":["GET"]}}],"collection":[{"href":"https:\/\/biblioargentina.gob.ar\/web\/wp-json\/wp\/v2\/pages"}],"about":[{"href":"https:\/\/biblioargentina.gob.ar\/web\/wp-json\/wp\/v2\/types\/page"}],"author":[{"embeddable":true,"href":"https:\/\/biblioargentina.gob.ar\/web\/wp-json\/wp\/v2\/users\/5"}],"replies":[{"embeddable":true,"href":"https:\/\/biblioargentina.gob.ar\/web\/wp-json\/wp\/v2\/comments?post=1271"}],"version-history":[{"count":115,"href":"https:\/\/biblioargentina.gob.ar\/web\/wp-json\/wp\/v2\/pages\/1271\/revisions"}],"predecessor-version":[{"id":21395,"href":"https:\/\/biblioargentina.gob.ar\/web\/wp-json\/wp\/v2\/pages\/1271\/revisions\/21395"}],"wp:attachment":[{"href":"https:\/\/biblioargentina.gob.ar\/web\/wp-json\/wp\/v2\/media?parent=1271"}],"curies":[{"name":"wp","href":"https:\/\/api.w.org\/{rel}","templated":true}]}}