{"id":11194,"date":"2022-11-17T15:09:12","date_gmt":"2022-11-17T15:09:12","guid":{"rendered":"https:\/\/biblioargentina.gob.ar\/web\/?page_id=11194"},"modified":"2023-06-23T11:43:23","modified_gmt":"2023-06-23T11:43:23","slug":"pasamanos-poesia-en-transito-en-el-cemar","status":"publish","type":"page","link":"https:\/\/biblioargentina.gob.ar\/web\/pasamanos-poesia-en-transito-en-el-cemar\/","title":{"rendered":"Pasamanos, poes\u00eda en tr\u00e1nsito en el CEMAR"},"content":{"rendered":"<p><img decoding=\"async\" width=\"400\" height=\"400\" src=\"https:\/\/biblioargentina.gob.ar\/web\/wp-content\/uploads\/2023\/01\/imagen-wordpress-cemar.png\" alt=\"Pasamanos, poes\u00eda en tr\u00e1nsito en el CEMAR.\" loading=\"lazy\" srcset=\"https:\/\/biblioargentina.gob.ar\/web\/wp-content\/uploads\/2023\/01\/imagen-wordpress-cemar.png 400w, https:\/\/biblioargentina.gob.ar\/web\/wp-content\/uploads\/2023\/01\/imagen-wordpress-cemar-300x300.png 300w, https:\/\/biblioargentina.gob.ar\/web\/wp-content\/uploads\/2023\/01\/imagen-wordpress-cemar-150x150.png 150w, https:\/\/biblioargentina.gob.ar\/web\/wp-content\/uploads\/2023\/01\/imagen-wordpress-cemar-360x360.png 360w\" sizes=\"auto, (max-width: 400px) 100vw, 400px\" \/>\t\t\t\t\t\t\t\t\t\t\t\t\t\t<\/p>\n<p>La propuesta de la Biblioteca Argentina <em>Dr. Juan \u00c1lvarez <\/em>se centra en articular encuentros literarios en el \u00c1rea de Oncolog\u00eda del Centro de Especialidades M\u00e9dicas Ambulatorias Rosario, CEMAR, invitando a poetas de la ciudad a compartir sus trabajos y experiencias, abriendo un espacio de intercambio creativo que permita humanizar los procesos de curaci\u00f3n. La actividad se enmarca dentro del dispositivo <em>Arte y salud<\/em> de la Secretar\u00eda de Salud P\u00fablica de la Municipalidad de Rosario.<\/p>\n<p>La poes\u00eda sale de los canales conocidos, generalmente ciclos en bares y festivales, y se encuentra con un p\u00fablico que en general no la frecuenta.<\/p>\n<p>El Ciclo permite un encuentro \u00edntimo con escritoras y escritores que acercan su recorrido, abre un di\u00e1logo y convida a pensar y producir. Los tiempos de espera pueden ser m\u00e1s amables cuando son acompa\u00f1ados por la qu\u00edmica de la poes\u00eda, su magia, por la cantidad inmensa de lugares que habilita.<\/p>\n<h1>\u00bfCu\u00e1ndo y c\u00f3mo se realizan los encuentros?<\/h1>\n<p>Los encuentros se realizan los martes por la ma\u00f1ana de manera quincenal. Es una experiencia que se lleva a cabo desde hace varios a\u00f1os invitando a poetas a acercar su producci\u00f3n como as\u00ed tambi\u00e9n a lectores.<\/p>\n<p>Este a\u00f1o participar\u00e1n alumnos de la carrera de Locuci\u00f3n del ISET 18, enriqueciendo la escucha y el intercambio por medio de voces po\u00e9ticas que empujan a habitar el tiempo de un modo m\u00e1s amable.<\/p>\n<h2>Poemas<\/h2>\n<p>De Marina Alonso. Del libro \u00ab<em>Esto antes no lo viv\u00ed\u00bb<\/em>. Instagram: @dalegracias.<\/p>\n<p>\t\t\t\t\t\t\t\t\t\t\t\t<a tabindex=\"0\">Poemas<\/a><\/p>\n<p><b>Droga dura<\/b><\/p>\n<p>Deseo de barrilete<\/p>\n<p>Cometa de cristal<\/p>\n<p>No s\u00e9 de que planeta habr\u00e1s venido<\/p>\n<p>Pero seguro ah\u00ed<\/p>\n<p>Al amor lo hacen con viento.<\/p>\n<p><b>Yira<\/b><\/p>\n<p>Todas las estrellas todas<\/p>\n<p>brotan de mi hacia la tierra<\/p>\n<p>universalizan el instinto<\/p>\n<p>Mirala<\/p>\n<p>qu\u00e9 linda es<\/p>\n<p>Mirala<\/p>\n<p>qu\u00e9 linda es<\/p>\n<p><b>Sin t\u00edtulo<\/b><\/p>\n<p>Escrib\u00ed un poema<\/p>\n<p>despu\u00e9s me lo olvid\u00e9<\/p>\n<p>ten\u00eda gusto a helado de crema del cielo<\/p>\n<p>se derriti\u00f3 sobre el mosaico<\/p>\n<p><b>sin t\u00edtulo<\/b><\/p>\n<p>lavo los platos una eternidad<\/p>\n<p>el desorden se mantiene inalterable<\/p>\n<p>el ventilador se llama Axel y es mi compa\u00f1ero<\/p>\n<p>hace falta una pol\u00edtica de reducci\u00f3n de da\u00f1os<\/p>\n<p>tanto en m\u00ed como en mi habitaci\u00f3n.<\/p>\n<p><b>Contra la ilusi\u00f3n de querer ser grande<\/b><\/p>\n<p>En una pelopincho vac\u00eda<\/p>\n<p>estoicas las ruinas de mis lazos<\/p>\n<p>La siesta un cuento de misterio<\/p>\n<p>una choza oculta el teatro diminuto<\/p>\n<p>de los hermanos, primeros amigos<\/p>\n<p>imaginaba aburrimientos distintos cada vez<\/p>\n<p>cuando sea grande voy a leer todo<\/p>\n<p>voy a tener tiempo<\/p>\n","protected":false},"excerpt":{"rendered":"<p>La propuesta de la Biblioteca Argentina Dr. Juan \u00c1lvarez se centra en articular encuentros literarios en el \u00c1rea de Oncolog\u00eda [&hellip;]<\/p>\n","protected":false},"author":5,"featured_media":0,"parent":0,"menu_order":0,"comment_status":"open","ping_status":"closed","template":"","meta":{"site-sidebar-layout":"default","site-content-layout":"","ast-site-content-layout":"default","site-content-style":"default","site-sidebar-style":"default","ast-global-header-display":"","ast-banner-title-visibility":"","ast-main-header-display":"","ast-hfb-above-header-display":"","ast-hfb-below-header-display":"","ast-hfb-mobile-header-display":"","site-post-title":"","ast-breadcrumbs-content":"","ast-featured-img":"","footer-sml-layout":"","ast-disable-related-posts":"","theme-transparent-header-meta":"","adv-header-id-meta":"","stick-header-meta":"","header-above-stick-meta":"","header-main-stick-meta":"","header-below-stick-meta":"","astra-migrate-meta-layouts":"default","ast-page-background-enabled":"default","ast-page-background-meta":{"desktop":{"background-color":"var(--ast-global-color-4)","background-image":"","background-repeat":"repeat","background-position":"center center","background-size":"auto","background-attachment":"scroll","background-type":"","background-media":"","overlay-type":"","overlay-color":"","overlay-opacity":"","overlay-gradient":""},"tablet":{"background-color":"","background-image":"","background-repeat":"repeat","background-position":"center center","background-size":"auto","background-attachment":"scroll","background-type":"","background-media":"","overlay-type":"","overlay-color":"","overlay-opacity":"","overlay-gradient":""},"mobile":{"background-color":"","background-image":"","background-repeat":"repeat","background-position":"center center","background-size":"auto","background-attachment":"scroll","background-type":"","background-media":"","overlay-type":"","overlay-color":"","overlay-opacity":"","overlay-gradient":""}},"ast-content-background-meta":{"desktop":{"background-color":"var(--ast-global-color-5)","background-image":"","background-repeat":"repeat","background-position":"center center","background-size":"auto","background-attachment":"scroll","background-type":"","background-media":"","overlay-type":"","overlay-color":"","overlay-opacity":"","overlay-gradient":""},"tablet":{"background-color":"var(--ast-global-color-5)","background-image":"","background-repeat":"repeat","background-position":"center center","background-size":"auto","background-attachment":"scroll","background-type":"","background-media":"","overlay-type":"","overlay-color":"","overlay-opacity":"","overlay-gradient":""},"mobile":{"background-color":"var(--ast-global-color-5)","background-image":"","background-repeat":"repeat","background-position":"center center","background-size":"auto","background-attachment":"scroll","background-type":"","background-media":"","overlay-type":"","overlay-color":"","overlay-opacity":"","overlay-gradient":""}},"footnotes":""},"class_list":["post-11194","page","type-page","status-publish","hentry"],"_links":{"self":[{"href":"https:\/\/biblioargentina.gob.ar\/web\/wp-json\/wp\/v2\/pages\/11194","targetHints":{"allow":["GET"]}}],"collection":[{"href":"https:\/\/biblioargentina.gob.ar\/web\/wp-json\/wp\/v2\/pages"}],"about":[{"href":"https:\/\/biblioargentina.gob.ar\/web\/wp-json\/wp\/v2\/types\/page"}],"author":[{"embeddable":true,"href":"https:\/\/biblioargentina.gob.ar\/web\/wp-json\/wp\/v2\/users\/5"}],"replies":[{"embeddable":true,"href":"https:\/\/biblioargentina.gob.ar\/web\/wp-json\/wp\/v2\/comments?post=11194"}],"version-history":[{"count":39,"href":"https:\/\/biblioargentina.gob.ar\/web\/wp-json\/wp\/v2\/pages\/11194\/revisions"}],"predecessor-version":[{"id":14305,"href":"https:\/\/biblioargentina.gob.ar\/web\/wp-json\/wp\/v2\/pages\/11194\/revisions\/14305"}],"wp:attachment":[{"href":"https:\/\/biblioargentina.gob.ar\/web\/wp-json\/wp\/v2\/media?parent=11194"}],"curies":[{"name":"wp","href":"https:\/\/api.w.org\/{rel}","templated":true}]}}