{"id":10289,"date":"2022-09-26T10:46:28","date_gmt":"2022-09-26T10:46:28","guid":{"rendered":"https:\/\/biblioargentina.gob.ar\/web\/?page_id=10289"},"modified":"2026-04-23T14:34:20","modified_gmt":"2026-04-23T14:34:20","slug":"contacto","status":"publish","type":"page","link":"https:\/\/biblioargentina.gob.ar\/web\/contacto\/","title":{"rendered":""},"content":{"rendered":"<form role=\"search\" method=\"get\" action=\"https:\/\/biblioargentina.gob.ar\/web\/\" class=\"wp-block-search__button-inside wp-block-search__text-button alignright wp-block-search\"    ><label class=\"wp-block-search__label screen-reader-text\" for=\"wp-block-search__input-1\" >Buscar<\/label><div class=\"wp-block-search__inside-wrapper\" ><input class=\"wp-block-search__input\" id=\"wp-block-search__input-1\" placeholder=\"\" value=\"\" type=\"search\" name=\"s\" required \/><button aria-label=\"Buscar\" class=\"wp-block-search__button wp-element-button\" type=\"submit\" >Buscar<\/button><\/div><\/form>\n\n\n<div style=\"height:30px\" aria-hidden=\"true\" class=\"wp-block-spacer\"><\/div>\n\n\n\n<h1 class=\"wp-block-heading\">Informaci\u00f3n de contacto y de servicios de las \u00e1reas de la Biblioteca Argentina con direcciones de correo electr\u00f3nico<\/h1>\n\n\n\n<div style=\"height:30px\" aria-hidden=\"true\" class=\"wp-block-spacer\"><\/div>\n\n\n\n<p class=\"has-white-color has-ast-global-color-0-background-color has-text-color has-background has-link-color wp-elements-97abbb7c225460b4aa1e8fd0fcdde306\"><strong>N\u00fameros de tel\u00e9fono de la instituci\u00f3n: 4802731 \/ 4802701.<\/strong><\/p>\n\n\n\n<h2 class=\"wp-block-heading\"><a href=\"https:\/\/biblioargentina.gob.ar\/web\/club-de-cuenteras-y-cuenteros\/\">Club de cuenteras y cuenteros<\/a><\/h2>\n\n\n\n<p>Encuentros para la investigaci\u00f3n y pr\u00e1ctica de la narraci\u00f3n oral. Para consultas e inscripci\u00f3n comun\u00edquese a:&nbsp;<a href=\"mailto:aromero3@rosario.gov.ar\">aromero3@rosario.gov.ar<\/a>.<\/p>\n\n\n\n<h2 class=\"wp-block-heading\"><a href=\"https:\/\/biblioargentina.gob.ar\/web\/club-de-lectura-de-la-casa-imaginada\/\">Club de lectura de la Casa Imaginada<\/a><\/h2>\n\n\n\n<p>Es un espacio de encuentro e intercambio a trav\u00e9s de los libros y aquello que provocan. Una propuesta para ni\u00f1as, ni\u00f1os y ni\u00f1es de 8 a 12 a\u00f1os.<br>A trav\u00e9s de la palabra, la imaginaci\u00f3n y el juego se comparte la lectura especial que puede hacerse de una historia, para enriquecer la experiencia desde la diversidad de formas de vivirla. El intercambio de lecturas funciona como est\u00edmulo para la empat\u00eda y la imaginaci\u00f3n que invita a sorprenderse con diversos territorios, reales o fant\u00e1sticos, y las m\u00faltiples maneras de estar en el mundo que ofrece cada historia.<\/p>\n\n\n\n<p><a href=\"mailto:casaimaginada@rosario.gov.ar\">casaimaginada@rosario.gov.ar<\/a><\/p>\n\n\n\n<h2 class=\"wp-block-heading\">Departamento Contable<\/h2>\n\n\n\n<p>Comun\u00edquese directamente para consultas sobre pagos, licitaciones y concursos a la direcci\u00f3n de correo electr\u00f3nico <a href=\"mailto:avinas0@rosario.gov.ar\">avinas0@rosario.gov.ar<\/a><\/p>\n\n\n\n<h2 class=\"wp-block-heading\">Divisi\u00f3n Desarrollo de Colecciones<\/h2>\n\n\n\n<p><a href=\"mailto:bib-colecciones@rosario.gov.ar\">bib-colecciones@rosario.gov.ar<\/a><\/p>\n\n\n\n<h2 class=\"wp-block-heading\"><a href=\"https:\/\/biblioargentina.gob.ar\/web\/hemeroteca\/\" data-type=\"page\" data-id=\"3370\">Hemeroteca<\/a><\/h2>\n\n\n\n<p><a href=\"mailto:hemeroteca@rosario.gob.ar\">hemeroteca@rosario.gob.ar<\/a>.<\/p>\n\n\n\n<p class=\"has-white-color has-ast-global-color-0-background-color has-text-color has-background has-link-color wp-elements-7321052340480fd0802dc5a3bd261cd2\"><strong>Aclaraci\u00f3n:<\/strong> El servicio de informaci\u00f3n es presencial. No se env\u00edan por correo electr\u00f3nico im\u00e1genes de p\u00e1ginas digitalizadas de las publicaciones.<\/p>\n\n\n\n<h2 class=\"wp-block-heading\"><a href=\"https:\/\/biblioargentina.gob.ar\/web\/la-casa-imaginada\/\" data-type=\"page\" data-id=\"593\">Casa Imaginada<\/a><\/h2>\n\n\n\n<p>La Biblioteca Infantil de la Biblioteca Argentina brinda los servicios en su sala de lectura, adem\u00e1s de pr\u00e9stamos de libros a domicilio y devoluciones de libros.<\/p>\n\n\n\n<p><a href=\"mailto:casaimaginada@rosario.gov.ar\">casaimaginada@rosario.gov.ar<\/a>.<\/p>\n\n\n\n<h2 class=\"wp-block-heading\"><a href=\"https:\/\/biblioargentina.gob.ar\/web\/prestamo-de-libros\/\" data-type=\"page\" data-id=\"1314\">Pr\u00e9stamo, devoluci\u00f3n y renovaci\u00f3n de libros<\/a><\/h2>\n\n\n\n<p>Comun\u00edquese directamente: <a href=\"mailto:prestamobiblioa@rosario.gov.ar\">prestamobiblioa@rosario.gov.ar<\/a>.<\/p>\n\n\n\n<h2 class=\"wp-block-heading\"><a href=\"https:\/\/biblioargentina.gob.ar\/web\/referencia\/\" data-type=\"page\" data-id=\"3976\">Referencia<\/a><\/h2>\n\n\n\n<p><a href=\"mailto:referenciabiblioa@rosario.gov.ar\">referenciabiblioa@rosario.gov.ar<\/a>.<\/p>\n\n\n\n<h2 class=\"wp-block-heading\"><a href=\"https:\/\/biblioargentina.gob.ar\/web\/sala-de-trabajo-grupal\/\" data-type=\"page\" data-id=\"7782\">Sala de trabajo grupal<\/a><\/h2>\n\n\n\n<p>Es un espacio de trabajo para reuniones grupales destinado a estudiantes, investigadoras e investigadores, usuarias y usuarios de la Biblioteca Argentina y p\u00fablico en general con un cupo de ocho (8) personas como m\u00e1ximo.<\/p>\n\n\n\n<p>Comun\u00edquese directamente a:&nbsp;<a href=\"mailto:vprinci0@rosario.gov.ar\">vprinci0@rosario.gov.ar<\/a>.<\/p>\n\n\n\n<h2 class=\"wp-block-heading\"><a href=\"https:\/\/biblioargentina.gob.ar\/web\/servicio-de-lectura-accesible\/\" data-type=\"page\" data-id=\"12086\">Servicio de Lectura Accesible<\/a><\/h2>\n\n\n\n<p>El Servicio asiste en la adaptaci\u00f3n de materiales, tanto sean libros como otro tipo de textos, para que una usuaria y usuario con discapacidad visual pueda acceder y comprender la totalidad de su contenido.<\/p>\n\n\n\n<p><a href=\"mailto:bib-accesible@rosario.gov.ar\">bib-accesible@rosario.gov.ar<\/a>.<\/p>\n\n\n\n<h2 class=\"wp-block-heading\"><a href=\"https:\/\/biblioargentina.gob.ar\/web\/tramite-para-asociarse\/\" data-type=\"page\" data-id=\"1374\">Tr\u00e1mite para asociarse<\/a><\/h2>\n\n\n\n<p><a href=\"mailto:prestamobiblioa@rosario.gov.ar\">prestamobiblioa@rosario.gov.ar<\/a>.<\/p>\n","protected":false},"excerpt":{"rendered":"<p>Informaci\u00f3n de contacto y de servicios de las \u00e1reas de la Biblioteca Argentina con direcciones de correo electr\u00f3nico N\u00fameros de [&hellip;]<\/p>\n","protected":false},"author":5,"featured_media":0,"parent":0,"menu_order":0,"comment_status":"closed","ping_status":"closed","template":"","meta":{"site-sidebar-layout":"default","site-content-layout":"","ast-site-content-layout":"default","site-content-style":"default","site-sidebar-style":"default","ast-global-header-display":"","ast-banner-title-visibility":"","ast-main-header-display":"","ast-hfb-above-header-display":"","ast-hfb-below-header-display":"","ast-hfb-mobile-header-display":"","site-post-title":"disabled","ast-breadcrumbs-content":"","ast-featured-img":"","footer-sml-layout":"","ast-disable-related-posts":"","theme-transparent-header-meta":"","adv-header-id-meta":"","stick-header-meta":"","header-above-stick-meta":"","header-main-stick-meta":"","header-below-stick-meta":"","astra-migrate-meta-layouts":"default","ast-page-background-enabled":"default","ast-page-background-meta":{"desktop":{"background-color":"var(--ast-global-color-4)","background-image":"","background-repeat":"repeat","background-position":"center center","background-size":"auto","background-attachment":"scroll","background-type":"","background-media":"","overlay-type":"","overlay-color":"","overlay-opacity":"","overlay-gradient":""},"tablet":{"background-color":"","background-image":"","background-repeat":"repeat","background-position":"center center","background-size":"auto","background-attachment":"scroll","background-type":"","background-media":"","overlay-type":"","overlay-color":"","overlay-opacity":"","overlay-gradient":""},"mobile":{"background-color":"","background-image":"","background-repeat":"repeat","background-position":"center center","background-size":"auto","background-attachment":"scroll","background-type":"","background-media":"","overlay-type":"","overlay-color":"","overlay-opacity":"","overlay-gradient":""}},"ast-content-background-meta":{"desktop":{"background-color":"var(--ast-global-color-5)","background-image":"","background-repeat":"repeat","background-position":"center center","background-size":"auto","background-attachment":"scroll","background-type":"","background-media":"","overlay-type":"","overlay-color":"","overlay-opacity":"","overlay-gradient":""},"tablet":{"background-color":"var(--ast-global-color-5)","background-image":"","background-repeat":"repeat","background-position":"center center","background-size":"auto","background-attachment":"scroll","background-type":"","background-media":"","overlay-type":"","overlay-color":"","overlay-opacity":"","overlay-gradient":""},"mobile":{"background-color":"var(--ast-global-color-5)","background-image":"","background-repeat":"repeat","background-position":"center center","background-size":"auto","background-attachment":"scroll","background-type":"","background-media":"","overlay-type":"","overlay-color":"","overlay-opacity":"","overlay-gradient":""}},"footnotes":""},"class_list":["post-10289","page","type-page","status-publish","hentry"],"_links":{"self":[{"href":"https:\/\/biblioargentina.gob.ar\/web\/wp-json\/wp\/v2\/pages\/10289","targetHints":{"allow":["GET"]}}],"collection":[{"href":"https:\/\/biblioargentina.gob.ar\/web\/wp-json\/wp\/v2\/pages"}],"about":[{"href":"https:\/\/biblioargentina.gob.ar\/web\/wp-json\/wp\/v2\/types\/page"}],"author":[{"embeddable":true,"href":"https:\/\/biblioargentina.gob.ar\/web\/wp-json\/wp\/v2\/users\/5"}],"replies":[{"embeddable":true,"href":"https:\/\/biblioargentina.gob.ar\/web\/wp-json\/wp\/v2\/comments?post=10289"}],"version-history":[{"count":203,"href":"https:\/\/biblioargentina.gob.ar\/web\/wp-json\/wp\/v2\/pages\/10289\/revisions"}],"predecessor-version":[{"id":22580,"href":"https:\/\/biblioargentina.gob.ar\/web\/wp-json\/wp\/v2\/pages\/10289\/revisions\/22580"}],"wp:attachment":[{"href":"https:\/\/biblioargentina.gob.ar\/web\/wp-json\/wp\/v2\/media?parent=10289"}],"curies":[{"name":"wp","href":"https:\/\/api.w.org\/{rel}","templated":true}]}}